{"id":25415,"date":"2025-05-14T11:27:15","date_gmt":"2025-05-14T09:27:15","guid":{"rendered":"https:\/\/www.amarehotels.com\/amare-ibiza\/services\/"},"modified":"2025-12-03T09:19:26","modified_gmt":"2025-12-03T08:19:26","slug":"dienstleistungen","status":"publish","type":"page","link":"https:\/\/www.amarehotels.com\/de\/amare-ibiza\/dienstleistungen\/","title":{"rendered":"Dienstleistungen"},"content":{"rendered":"\t\t<div data-elementor-type=\"wp-page\" data-elementor-id=\"25415\" class=\"elementor elementor-25415 elementor-3392\" data-elementor-post-type=\"page\">\n\t\t\t\t<div class=\"elementor-element elementor-element-6f9beb9 e-flex e-con-boxed e-con e-parent\" data-id=\"6f9beb9\" data-element_type=\"container\" data-e-type=\"container\">\n\t\t\t\t\t<div class=\"e-con-inner\">\n\t\t<div class=\"elementor-element elementor-element-df8ef4d e-con-full e-flex e-con e-child\" data-id=\"df8ef4d\" data-element_type=\"container\" data-e-type=\"container\">\n\t\t\t\t<div class=\"elementor-element elementor-element-cf8df47 elementor-widget elementor-widget-heading\" data-id=\"cf8df47\" data-element_type=\"widget\" data-e-type=\"widget\" data-widget_type=\"heading.default\">\n\t\t\t\t<div class=\"elementor-widget-container\">\n\t\t\t\t\t<h1 class=\"elementor-heading-title elementor-size-default\">Dienstleistungen<\/h1>\t\t\t\t<\/div>\n\t\t\t\t<\/div>\n\t\t\t\t<div class=\"elementor-element elementor-element-2d8f30d elementor-widget-tablet__width-initial elementor-widget elementor-widget-text-editor\" data-id=\"2d8f30d\" data-element_type=\"widget\" data-e-type=\"widget\" data-widget_type=\"text-editor.default\">\n\t\t\t\t<div class=\"elementor-widget-container\">\n\t\t\t\t\t\t\t\t\t<p>\/ am\u00e0re beach hotel ibiza<\/p>\t\t\t\t\t\t\t\t<\/div>\n\t\t\t\t<\/div>\n\t\t\t\t<\/div>\n\t\t<div class=\"elementor-element elementor-element-311c922 e-con-full e-flex e-con e-child\" data-id=\"311c922\" data-element_type=\"container\" data-e-type=\"container\">\n\t\t<div class=\"elementor-element elementor-element-ab55bca e-con-full e-flex e-con e-child\" data-id=\"ab55bca\" data-element_type=\"container\" data-e-type=\"container\" data-settings=\"{&quot;background_background&quot;:&quot;classic&quot;}\">\n\t\t<div class=\"elementor-element elementor-element-87e6c60 e-con-full e-flex e-con e-child\" data-id=\"87e6c60\" data-element_type=\"container\" data-e-type=\"container\">\n\t\t\t\t<div class=\"elementor-element elementor-element-cb2ac8e elementor-widget-tablet__width-initial elementor-widget elementor-widget-text-editor\" data-id=\"cb2ac8e\" data-element_type=\"widget\" data-e-type=\"widget\" data-widget_type=\"text-editor.default\">\n\t\t\t\t<div class=\"elementor-widget-container\">\n\t\t\t\t\t\t\t\t\t<p>the one<\/p>\t\t\t\t\t\t\t\t<\/div>\n\t\t\t\t<\/div>\n\t\t\t\t<div class=\"elementor-element elementor-element-1e8be09 elementor-widget elementor-widget-text-editor\" data-id=\"1e8be09\" data-element_type=\"widget\" data-e-type=\"widget\" data-widget_type=\"text-editor.default\">\n\t\t\t\t<div class=\"elementor-widget-container\">\n\t\t\t\t\t\t\t\t\tEin Bereich, damit Sie sich als etwas Besonderes f\u00fchlen. Mit dem The One Service haben Sie von 12.00 bis 20.00 Uhr Zugang zu einer gro\u00dfen, privaten Lounge mit direktem Meerblick, Getr\u00e4nken und kleinen H\u00e4ppchen, sowie weitere Vorteile wie die Annehmlichkeiten im Zimmer.\t\t\t\t\t\t\t\t<\/div>\n\t\t\t\t<\/div>\n\t\t\t\t<\/div>\n\t\t\t\t<\/div>\n\t\t<div class=\"elementor-element elementor-element-f128930 e-con-full e-flex e-con e-child\" data-id=\"f128930\" data-element_type=\"container\" data-e-type=\"container\" data-settings=\"{&quot;background_background&quot;:&quot;classic&quot;}\">\n\t\t<div class=\"elementor-element elementor-element-a13c87b e-con-full e-flex e-con e-child\" data-id=\"a13c87b\" data-element_type=\"container\" data-e-type=\"container\">\n\t\t\t\t<div class=\"elementor-element elementor-element-488308b elementor-widget-tablet__width-initial elementor-widget elementor-widget-text-editor\" data-id=\"488308b\" data-element_type=\"widget\" data-e-type=\"widget\" data-widget_type=\"text-editor.default\">\n\t\t\t\t<div class=\"elementor-widget-container\">\n\t\t\t\t\t\t\t\t\t<p>Kostenloses WLAN\u2026 Sogar am srand<\/p>\t\t\t\t\t\t\t\t<\/div>\n\t\t\t\t<\/div>\n\t\t\t\t<div class=\"elementor-element elementor-element-15c0d9a elementor-widget elementor-widget-text-editor\" data-id=\"15c0d9a\" data-element_type=\"widget\" data-e-type=\"widget\" data-widget_type=\"text-editor.default\">\n\t\t\t\t<div class=\"elementor-widget-container\">\n\t\t\t\t\t\t\t\t\tWir m\u00fcssen zugeben, dass wir immer verbunden sein m\u00fcssen. Benutzen Sie unser kostenloses WLAN in allen Bereichen des Hotels, einschlie\u00dflich am Strand, und verpassen Sie es nicht, die sch\u00f6nsten Momente Ihrer Reise mit anderen zu teilen.\t\t\t\t\t\t\t\t<\/div>\n\t\t\t\t<\/div>\n\t\t\t\t<\/div>\n\t\t\t\t<\/div>\n\t\t\t\t<\/div>\n\t\t<div class=\"elementor-element elementor-element-e56f14c e-con-full e-flex e-con e-child\" data-id=\"e56f14c\" data-element_type=\"container\" data-e-type=\"container\">\n\t\t<div class=\"elementor-element elementor-element-f730692 e-con-full e-flex e-con e-child\" data-id=\"f730692\" data-element_type=\"container\" data-e-type=\"container\" data-settings=\"{&quot;background_background&quot;:&quot;classic&quot;}\">\n\t\t<div class=\"elementor-element elementor-element-f89688d e-con-full e-flex e-con e-child\" data-id=\"f89688d\" data-element_type=\"container\" data-e-type=\"container\">\n\t\t\t\t<div class=\"elementor-element elementor-element-117aa82 elementor-widget-tablet__width-initial elementor-widget elementor-widget-text-editor\" data-id=\"117aa82\" data-element_type=\"widget\" data-e-type=\"widget\" data-widget_type=\"text-editor.default\">\n\t\t\t\t<div class=\"elementor-widget-container\">\n\t\t\t\t\t\t\t\t\tWellness by Germaine de Capuccini\t\t\t\t\t\t\t\t<\/div>\n\t\t\t\t<\/div>\n\t\t\t\t<div class=\"elementor-element elementor-element-70ecf84 elementor-widget elementor-widget-text-editor\" data-id=\"70ecf84\" data-element_type=\"widget\" data-e-type=\"widget\" data-widget_type=\"text-editor.default\">\n\t\t\t\t<div class=\"elementor-widget-container\">\n\t\t\t\t\t\t\t\t\tAtmen Sie tief durch, es ist Zeit, sich zu entspannen und sich bewusst zu pflegen. Schalten Sie in unserem Wellness by Germaine de Capuccini in den Relax-Modus und g\u00f6nnen Sie sich eine der Beauty-Anwendungen und Massagen, die Sie in eine andere Dimension bef\u00f6rdern werden. Montag bis  Sonntag von 11.00 \u2013 19.00 Uhr.\t\t\t\t\t\t\t\t<\/div>\n\t\t\t\t<\/div>\n\t\t\t\t<\/div>\n\t\t\t\t<\/div>\n\t\t<div class=\"elementor-element elementor-element-d45b571 e-con-full e-flex e-con e-child\" data-id=\"d45b571\" data-element_type=\"container\" data-e-type=\"container\" data-settings=\"{&quot;background_background&quot;:&quot;classic&quot;}\">\n\t\t<div class=\"elementor-element elementor-element-60b9efa e-con-full e-flex e-con e-child\" data-id=\"60b9efa\" data-element_type=\"container\" data-e-type=\"container\">\n\t\t\t\t<div class=\"elementor-element elementor-element-5090296 elementor-widget-tablet__width-initial elementor-widget elementor-widget-text-editor\" data-id=\"5090296\" data-element_type=\"widget\" data-e-type=\"widget\" data-widget_type=\"text-editor.default\">\n\t\t\t\t<div class=\"elementor-widget-container\">\n\t\t\t\t\t\t\t\t\tyoga\t\t\t\t\t\t\t\t<\/div>\n\t\t\t\t<\/div>\n\t\t\t\t<div class=\"elementor-element elementor-element-ca267fd elementor-widget elementor-widget-text-editor\" data-id=\"ca267fd\" data-element_type=\"widget\" data-e-type=\"widget\" data-widget_type=\"text-editor.default\">\n\t\t\t\t<div class=\"elementor-widget-container\">\n\t\t\t\t\t\t\t\t\tEs gibt nichts besseres, als den Tag mit einer Yoga-Session zu beginnen. Beleben Sie Ihren K\u00f6rper und machen Sie Ihren Kopf frei, bevor Sie den Tag beginnen. Wir erwarten Sie dreimal w\u00f6chentlich in unseren Yoga-Stunden um 8:30 oder 9:00 Uhr (je nach Saison). Melden Sie sich bitte an der Rezeption an. \u201eMens sana in corpore sano\u201d!\t\t\t\t\t\t\t\t<\/div>\n\t\t\t\t<\/div>\n\t\t\t\t<\/div>\n\t\t\t\t<\/div>\n\t\t\t\t<\/div>\n\t\t<div class=\"elementor-element elementor-element-d2889fe e-con-full e-flex e-con e-child\" data-id=\"d2889fe\" data-element_type=\"container\" data-e-type=\"container\">\n\t\t<div class=\"elementor-element elementor-element-77bf653 e-con-full e-flex e-con e-child\" data-id=\"77bf653\" data-element_type=\"container\" data-e-type=\"container\" data-settings=\"{&quot;background_background&quot;:&quot;classic&quot;}\">\n\t\t<div class=\"elementor-element elementor-element-a29e971 e-con-full e-flex e-con e-child\" data-id=\"a29e971\" data-element_type=\"container\" data-e-type=\"container\">\n\t\t\t\t<div class=\"elementor-element elementor-element-c8d6453 elementor-widget-tablet__width-initial elementor-widget elementor-widget-text-editor\" data-id=\"c8d6453\" data-element_type=\"widget\" data-e-type=\"widget\" data-widget_type=\"text-editor.default\">\n\t\t\t\t<div class=\"elementor-widget-container\">\n\t\t\t\t\t\t\t\t\t<p>parking<\/p>\t\t\t\t\t\t\t\t<\/div>\n\t\t\t\t<\/div>\n\t\t\t\t<div class=\"elementor-element elementor-element-4c96c8c elementor-widget elementor-widget-text-editor\" data-id=\"4c96c8c\" data-element_type=\"widget\" data-e-type=\"widget\" data-widget_type=\"text-editor.default\">\n\t\t\t\t<div class=\"elementor-widget-container\">\n\t\t\t\t\t\t\t\t\tAuf Ibiza zu parken kann kompliziert sein. Deshalb bieten wir Ihnen einen Parkplatz in der N\u00e4he des Hotels an, damit Sie keine Sekunde Ihrer Freizeit verlieren. Preis: 16 \u20ac\/Tag.\t\t\t\t\t\t\t\t<\/div>\n\t\t\t\t<\/div>\n\t\t\t\t<\/div>\n\t\t\t\t<\/div>\n\t\t<div class=\"elementor-element elementor-element-b25ba14 e-con-full e-flex e-con e-child\" data-id=\"b25ba14\" data-element_type=\"container\" data-e-type=\"container\" data-settings=\"{&quot;background_background&quot;:&quot;classic&quot;}\">\n\t\t<div class=\"elementor-element elementor-element-c75cd74 e-con-full e-flex e-con e-child\" data-id=\"c75cd74\" data-element_type=\"container\" data-e-type=\"container\">\n\t\t\t\t<div class=\"elementor-element elementor-element-782877c elementor-widget-tablet__width-initial elementor-widget elementor-widget-text-editor\" data-id=\"782877c\" data-element_type=\"widget\" data-e-type=\"widget\" data-widget_type=\"text-editor.default\">\n\t\t\t\t<div class=\"elementor-widget-container\">\n\t\t\t\t\t\t\t\t\t<p>am\u00e0re fitness<\/p>\t\t\t\t\t\t\t\t<\/div>\n\t\t\t\t<\/div>\n\t\t\t\t<div class=\"elementor-element elementor-element-70f9fe7 elementor-widget elementor-widget-text-editor\" data-id=\"70f9fe7\" data-element_type=\"widget\" data-e-type=\"widget\" data-widget_type=\"text-editor.default\">\n\t\t\t\t<div class=\"elementor-widget-container\">\n\t\t\t\t\t\t\t\t\tEs gibt keine Ausreden. Das Fahrrad, der elliptische Crosstrainer und die Gewichte sind gar nicht so schlecht,wenn man das intensive Blau des Mittelmeeres als Hintergrund hat. Setzen Sie in unserem Gym, das 24 Stunden ge\u00f6ffnet und mit Ger\u00e4ten von Technogym ausgestattet ist, Endorphine frei und trainieren Sie hart, w\u00e4hrend Sie den sch\u00f6nsten Blick auf Cala de Bou genie\u00dfen k\u00f6nnen.\t\t\t\t\t\t\t\t<\/div>\n\t\t\t\t<\/div>\n\t\t\t\t<\/div>\n\t\t\t\t<\/div>\n\t\t\t\t<\/div>\n\t\t<div class=\"elementor-element elementor-element-bcfe02f e-con-full e-flex e-con e-child\" data-id=\"bcfe02f\" data-element_type=\"container\" data-e-type=\"container\">\n\t\t<div class=\"elementor-element elementor-element-b5f8fce e-con-full e-flex e-con e-child\" data-id=\"b5f8fce\" data-element_type=\"container\" data-e-type=\"container\" data-settings=\"{&quot;background_background&quot;:&quot;classic&quot;}\">\n\t\t<div class=\"elementor-element elementor-element-22ce341 e-con-full e-flex e-con e-child\" data-id=\"22ce341\" data-element_type=\"container\" data-e-type=\"container\">\n\t\t\t\t<div class=\"elementor-element elementor-element-b7e4c64 elementor-widget-tablet__width-initial elementor-widget elementor-widget-text-editor\" data-id=\"b7e4c64\" data-element_type=\"widget\" data-e-type=\"widget\" data-widget_type=\"text-editor.default\">\n\t\t\t\t<div class=\"elementor-widget-container\">\n\t\t\t\t\t\t\t\t\t<p>concierge<\/p>\t\t\t\t\t\t\t\t<\/div>\n\t\t\t\t<\/div>\n\t\t\t\t<div class=\"elementor-element elementor-element-7cd1af1 elementor-widget elementor-widget-text-editor\" data-id=\"7cd1af1\" data-element_type=\"widget\" data-e-type=\"widget\" data-widget_type=\"text-editor.default\">\n\t\t\t\t<div class=\"elementor-widget-container\">\n\t\t\t\t\t\t\t\t\tWann immer du etwas brauchst, sag uns einfach Bescheid. Wir helfen dir bei Restaurantreservierungen, Unterhaltungsangeboten, Erlebnissen, Empfehlungen, Clubkarten, Sonderw\u00fcnschen\u2026 Kurz gesagt, bei allem, was wir f\u00fcr dich tun k\u00f6nnen. Komm einfach zur Concierge-Schalter, die sich gegen\u00fcber der Lobbybar befindet. \u00d6ffnungszeiten von 10:00h bis 18:00h.\t\t\t\t\t\t\t\t<\/div>\n\t\t\t\t<\/div>\n\t\t\t\t<\/div>\n\t\t\t\t<\/div>\n\t\t<div class=\"elementor-element elementor-element-fadbe27 e-con-full e-flex e-con e-child\" data-id=\"fadbe27\" data-element_type=\"container\" data-e-type=\"container\" data-settings=\"{&quot;background_background&quot;:&quot;classic&quot;}\">\n\t\t<div class=\"elementor-element elementor-element-d0815d7 e-con-full e-flex e-con e-child\" data-id=\"d0815d7\" data-element_type=\"container\" data-e-type=\"container\">\n\t\t\t\t<div class=\"elementor-element elementor-element-fa8802f elementor-widget-tablet__width-initial elementor-widget elementor-widget-text-editor\" data-id=\"fa8802f\" data-element_type=\"widget\" data-e-type=\"widget\" data-widget_type=\"text-editor.default\">\n\t\t\t\t<div class=\"elementor-widget-container\">\n\t\t\t\t\t\t\t\t\tElektrofahrzeuge\t\t\t\t\t\t\t\t<\/div>\n\t\t\t\t<\/div>\n\t\t\t\t<div class=\"elementor-element elementor-element-16ac720 elementor-widget elementor-widget-text-editor\" data-id=\"16ac720\" data-element_type=\"widget\" data-e-type=\"widget\" data-widget_type=\"text-editor.default\">\n\t\t\t\t<div class=\"elementor-widget-container\">\n\t\t\t\t\t\t\t\t\t<p>Das Hotel stellt seinen G\u00e4sten Ladeger\u00e4te f\u00fcr Elektrofahrzeuge zur Verf\u00fcgung.<\/p><p>\u00a0<\/p>\t\t\t\t\t\t\t\t<\/div>\n\t\t\t\t<\/div>\n\t\t\t\t<div class=\"elementor-element elementor-element-c291ffd elementor-widget elementor-widget-text-editor\" data-id=\"c291ffd\" data-element_type=\"widget\" data-e-type=\"widget\" data-widget_type=\"text-editor.default\">\n\t\t\t\t<div class=\"elementor-widget-container\">\n\t\t\t\t\t\t\t\t\t<p><em>Das Am\u00e0re Beach Hotel Ibiza nimmt am Programm MOVES III teil, das vom IDAE (Institut f\u00fcr Energie-Diversifizierung und -Einsparung) im Rahmen des Plans f\u00fcr Wiederaufbau, Transformation und Resilienz gef\u00f6rdert wird.<\/em><\/p><p><em>Als Beg\u00fcnstigte des Programms MOVES III unterst\u00fctzen wir aktiv den \u00dcbergang zu einer saubereren und nachhaltigeren Mobilit\u00e4t, indem wir unseren G\u00e4sten Ladestationen f\u00fcr Elektrofahrzeuge zur Verf\u00fcgung stellen.<\/em><\/p>\t\t\t\t\t\t\t\t<\/div>\n\t\t\t\t<\/div>\n\t\t\t\t<\/div>\n\t\t\t\t<\/div>\n\t\t\t\t<\/div>\n\t\t\t\t\t<\/div>\n\t\t\t\t<\/div>\n\t\t\t\t<\/div>\n\t\t","protected":false},"excerpt":{"rendered":"<p>Dienstleistungen \/ am\u00e0re beach hotel ibiza the one Ein Bereich, damit Sie sich als etwas Besonderes f\u00fchlen. Mit dem The One Service haben Sie von 12.00 bis 20.00 Uhr Zugang zu einer gro\u00dfen, privaten Lounge mit direktem Meerblick, Getr\u00e4nken und kleinen H\u00e4ppchen, sowie weitere Vorteile wie die Annehmlichkeiten im Zimmer. Kostenloses WLAN\u2026 Sogar am srand [&hellip;]<\/p>\n","protected":false},"author":4,"featured_media":0,"parent":24628,"menu_order":0,"comment_status":"closed","ping_status":"closed","template":"","meta":{"_acf_changed":false,"inline_featured_image":false,"site-sidebar-layout":"no-sidebar","site-content-layout":"page-builder","ast-site-content-layout":"full-width-container","site-content-style":"default","site-sidebar-style":"default","ast-global-header-display":"","ast-banner-title-visibility":"","ast-main-header-display":"","ast-hfb-above-header-display":"","ast-hfb-below-header-display":"","ast-hfb-mobile-header-display":"","site-post-title":"disabled","ast-breadcrumbs-content":"","ast-featured-img":"disabled","footer-sml-layout":"","ast-disable-related-posts":"","theme-transparent-header-meta":"","adv-header-id-meta":"","stick-header-meta":"","header-above-stick-meta":"","header-main-stick-meta":"","header-below-stick-meta":"","astra-migrate-meta-layouts":"set","ast-page-background-enabled":"default","ast-page-background-meta":{"desktop":{"background-color":"var(--ast-global-color-4)","background-image":"","background-repeat":"repeat","background-position":"center center","background-size":"auto","background-attachment":"scroll","background-type":"","background-media":"","overlay-type":"","overlay-color":"","overlay-opacity":"","overlay-gradient":""},"tablet":{"background-color":"","background-image":"","background-repeat":"repeat","background-position":"center center","background-size":"auto","background-attachment":"scroll","background-type":"","background-media":"","overlay-type":"","overlay-color":"","overlay-opacity":"","overlay-gradient":""},"mobile":{"background-color":"","background-image":"","background-repeat":"repeat","background-position":"center center","background-size":"auto","background-attachment":"scroll","background-type":"","background-media":"","overlay-type":"","overlay-color":"","overlay-opacity":"","overlay-gradient":""}},"ast-content-background-meta":{"desktop":{"background-color":"var(--ast-global-color-5)","background-image":"","background-repeat":"repeat","background-position":"center center","background-size":"auto","background-attachment":"scroll","background-type":"","background-media":"","overlay-type":"","overlay-color":"","overlay-opacity":"","overlay-gradient":""},"tablet":{"background-color":"var(--ast-global-color-5)","background-image":"","background-repeat":"repeat","background-position":"center center","background-size":"auto","background-attachment":"scroll","background-type":"","background-media":"","overlay-type":"","overlay-color":"","overlay-opacity":"","overlay-gradient":""},"mobile":{"background-color":"var(--ast-global-color-5)","background-image":"","background-repeat":"repeat","background-position":"center center","background-size":"auto","background-attachment":"scroll","background-type":"","background-media":"","overlay-type":"","overlay-color":"","overlay-opacity":"","overlay-gradient":""}},"footnotes":""},"class_list":["post-25415","page","type-page","status-publish","hentry"],"acf":[],"yoast_head":"<!-- This site is optimized with the Yoast SEO plugin v27.1.1 - https:\/\/yoast.com\/product\/yoast-seo-wordpress\/ -->\n<title>Aktivit\u00e4ten und Dienstleistungen | Amare Beach Hotel Ibiza<\/title>\n<meta name=\"description\" content=\"Das Am\u00e0re Hotel begeistert mit Strandpool, Unterhaltung, Aktivit\u00e4ten und Serviceangeboten f\u00fcr einen unvergesslichen Aufenthalt.\" \/>\n<meta name=\"robots\" content=\"index, follow, max-snippet:-1, max-image-preview:large, max-video-preview:-1\" \/>\n<link rel=\"canonical\" href=\"https:\/\/www.amarehotels.com\/de\/amare-ibiza\/dienstleistungen\/\" \/>\n<meta property=\"og:locale\" content=\"de_DE\" \/>\n<meta property=\"og:type\" content=\"article\" \/>\n<meta property=\"og:title\" content=\"Aktivit\u00e4ten und Dienstleistungen | Amare Beach Hotel Ibiza\" \/>\n<meta property=\"og:description\" content=\"Das Am\u00e0re Hotel begeistert mit Strandpool, Unterhaltung, Aktivit\u00e4ten und Serviceangeboten f\u00fcr einen unvergesslichen Aufenthalt.\" \/>\n<meta property=\"og:url\" content=\"https:\/\/www.amarehotels.com\/de\/amare-ibiza\/dienstleistungen\/\" \/>\n<meta property=\"og:site_name\" content=\"Am\u00e0re Hotels\" \/>\n<meta property=\"article:publisher\" content=\"https:\/\/www.facebook.com\/AmareHotels\/\" \/>\n<meta property=\"article:modified_time\" content=\"2025-12-03T08:19:26+00:00\" \/>\n<meta name=\"twitter:card\" content=\"summary_large_image\" \/>\n<meta name=\"twitter:site\" content=\"@amarehotels\" \/>\n<meta name=\"twitter:label1\" content=\"Gesch\u00e4tzte Lesezeit\" \/>\n\t<meta name=\"twitter:data1\" content=\"3\u00a0Minuten\" \/>\n<!-- \/ Yoast SEO plugin. -->","yoast_head_json":{"title":"Aktivit\u00e4ten und Dienstleistungen | Amare Beach Hotel Ibiza","description":"Das Am\u00e0re Hotel begeistert mit Strandpool, Unterhaltung, Aktivit\u00e4ten und Serviceangeboten f\u00fcr einen unvergesslichen Aufenthalt.","robots":{"index":"index","follow":"follow","max-snippet":"max-snippet:-1","max-image-preview":"max-image-preview:large","max-video-preview":"max-video-preview:-1"},"canonical":"https:\/\/www.amarehotels.com\/de\/amare-ibiza\/dienstleistungen\/","og_locale":"de_DE","og_type":"article","og_title":"Aktivit\u00e4ten und Dienstleistungen | Amare Beach Hotel Ibiza","og_description":"Das Am\u00e0re Hotel begeistert mit Strandpool, Unterhaltung, Aktivit\u00e4ten und Serviceangeboten f\u00fcr einen unvergesslichen Aufenthalt.","og_url":"https:\/\/www.amarehotels.com\/de\/amare-ibiza\/dienstleistungen\/","og_site_name":"Am\u00e0re Hotels","article_publisher":"https:\/\/www.facebook.com\/AmareHotels\/","article_modified_time":"2025-12-03T08:19:26+00:00","twitter_card":"summary_large_image","twitter_site":"@amarehotels","twitter_misc":{"Gesch\u00e4tzte Lesezeit":"3\u00a0Minuten"},"schema":{"@context":"https:\/\/schema.org","@graph":[{"@type":"WebPage","@id":"https:\/\/www.amarehotels.com\/de\/amare-ibiza\/dienstleistungen\/","url":"https:\/\/www.amarehotels.com\/de\/amare-ibiza\/dienstleistungen\/","name":"Aktivit\u00e4ten und Dienstleistungen | Amare Beach Hotel Ibiza","isPartOf":{"@id":"https:\/\/www.amarehotels.com\/de\/#website"},"datePublished":"2025-05-14T09:27:15+00:00","dateModified":"2025-12-03T08:19:26+00:00","description":"Das Am\u00e0re Hotel begeistert mit Strandpool, Unterhaltung, Aktivit\u00e4ten und Serviceangeboten f\u00fcr einen unvergesslichen Aufenthalt.","breadcrumb":{"@id":"https:\/\/www.amarehotels.com\/de\/amare-ibiza\/dienstleistungen\/#breadcrumb"},"inLanguage":"de","potentialAction":[{"@type":"ReadAction","target":["https:\/\/www.amarehotels.com\/de\/amare-ibiza\/dienstleistungen\/"]}]},{"@type":"BreadcrumbList","@id":"https:\/\/www.amarehotels.com\/de\/amare-ibiza\/dienstleistungen\/#breadcrumb","itemListElement":[{"@type":"ListItem","position":1,"name":"Home","item":"https:\/\/www.amarehotels.com\/de\/"},{"@type":"ListItem","position":2,"name":"AM\u00c0RE BEACH HOTEL IBIZA","item":"https:\/\/www.amarehotels.com\/de\/amare-ibiza\/"},{"@type":"ListItem","position":3,"name":"Dienstleistungen"}]},{"@type":"WebSite","@id":"https:\/\/www.amarehotels.com\/de\/#website","url":"https:\/\/www.amarehotels.com\/de\/","name":"Am\u00e0re Hotels","description":"","publisher":{"@id":"https:\/\/www.amarehotels.com\/de\/#organization"},"potentialAction":[{"@type":"SearchAction","target":{"@type":"EntryPoint","urlTemplate":"https:\/\/www.amarehotels.com\/de\/?s={search_term_string}"},"query-input":{"@type":"PropertyValueSpecification","valueRequired":true,"valueName":"search_term_string"}}],"inLanguage":"de"},{"@type":"Organization","@id":"https:\/\/www.amarehotels.com\/de\/#organization","name":"Am\u00e0re Hotels","url":"https:\/\/www.amarehotels.com\/de\/","logo":{"@type":"ImageObject","inLanguage":"de","@id":"https:\/\/www.amarehotels.com\/de\/#\/schema\/logo\/image\/","url":"https:\/\/www.amarehotels.com\/wp-content\/uploads\/2025\/11\/amare-hotels.jpg","contentUrl":"https:\/\/www.amarehotels.com\/wp-content\/uploads\/2025\/11\/amare-hotels.jpg","width":1640,"height":888,"caption":"Am\u00e0re Hotels"},"image":{"@id":"https:\/\/www.amarehotels.com\/de\/#\/schema\/logo\/image\/"},"sameAs":["https:\/\/www.facebook.com\/AmareHotels\/","https:\/\/x.com\/amarehotels","https:\/\/www.instagram.com\/amarehotels\/","https:\/\/www.youtube.com\/c\/AmareHotels","https:\/\/soundcloud.com\/amarehotels"]}]}},"_links":{"self":[{"href":"https:\/\/www.amarehotels.com\/de\/wp-json\/wp\/v2\/pages\/25415","targetHints":{"allow":["GET"]}}],"collection":[{"href":"https:\/\/www.amarehotels.com\/de\/wp-json\/wp\/v2\/pages"}],"about":[{"href":"https:\/\/www.amarehotels.com\/de\/wp-json\/wp\/v2\/types\/page"}],"author":[{"embeddable":true,"href":"https:\/\/www.amarehotels.com\/de\/wp-json\/wp\/v2\/users\/4"}],"replies":[{"embeddable":true,"href":"https:\/\/www.amarehotels.com\/de\/wp-json\/wp\/v2\/comments?post=25415"}],"version-history":[{"count":0,"href":"https:\/\/www.amarehotels.com\/de\/wp-json\/wp\/v2\/pages\/25415\/revisions"}],"up":[{"embeddable":true,"href":"https:\/\/www.amarehotels.com\/de\/wp-json\/wp\/v2\/pages\/24628"}],"wp:attachment":[{"href":"https:\/\/www.amarehotels.com\/de\/wp-json\/wp\/v2\/media?parent=25415"}],"curies":[{"name":"wp","href":"https:\/\/api.w.org\/{rel}","templated":true}]}}