{"id":29542,"date":"2025-06-02T16:29:19","date_gmt":"2025-06-02T14:29:19","guid":{"rendered":"https:\/\/www.amarehotels.com\/brand-mates\/les-canebiers\/"},"modified":"2025-10-29T12:51:14","modified_gmt":"2025-10-29T11:51:14","slug":"les-canebiers","status":"publish","type":"page","link":"https:\/\/www.amarehotels.com\/de\/brand-mates\/les-canebiers\/","title":{"rendered":"Les Canebiers"},"content":{"rendered":"\t\t<div data-elementor-type=\"wp-page\" data-elementor-id=\"29542\" class=\"elementor elementor-29542 elementor-5108\" data-elementor-post-type=\"page\">\n\t\t\t\t<div class=\"elementor-element elementor-element-b6b8dc5 e-flex e-con-boxed e-con e-parent\" data-id=\"b6b8dc5\" data-element_type=\"container\" data-e-type=\"container\">\n\t\t\t\t\t<div class=\"e-con-inner\">\n\t\t<div class=\"elementor-element elementor-element-557fb34 e-con-full e-flex elementor-invisible e-con e-child\" data-id=\"557fb34\" data-element_type=\"container\" data-e-type=\"container\" data-settings=\"{&quot;animation&quot;:&quot;fadeIn&quot;}\">\n\t\t<div class=\"elementor-element elementor-element-93cf56b e-con-full e-flex e-con e-child\" data-id=\"93cf56b\" data-element_type=\"container\" data-e-type=\"container\" data-settings=\"{&quot;background_background&quot;:&quot;classic&quot;}\">\n\t\t\t\t<div class=\"elementor-element elementor-element-de75b13 elementor-invisible elementor-widget elementor-widget-image\" data-id=\"de75b13\" data-element_type=\"widget\" data-e-type=\"widget\" data-settings=\"{&quot;_animation&quot;:&quot;fadeIn&quot;,&quot;_animation_delay&quot;:700}\" data-widget_type=\"image.default\">\n\t\t\t\t<div class=\"elementor-widget-container\">\n\t\t\t\t\t\t\t\t\t\t\t\t\t\t\t<img decoding=\"async\" width=\"400\" height=\"87\" src=\"https:\/\/www.amarehotels.com\/wp-content\/uploads\/2025\/06\/les-canebiers-logo.png\" class=\"attachment-full size-full wp-image-21229\" alt=\"Les Canebiers\" srcset=\"https:\/\/www.amarehotels.com\/wp-content\/uploads\/2025\/06\/les-canebiers-logo.png 400w, https:\/\/www.amarehotels.com\/wp-content\/uploads\/2025\/06\/les-canebiers-logo-300x65.png 300w\" sizes=\"(max-width: 400px) 100vw, 400px\" \/>\t\t\t\t\t\t\t\t\t\t\t\t\t\t\t<\/div>\n\t\t\t\t<\/div>\n\t\t\t\t<\/div>\n\t\t\t\t<\/div>\n\t\t<div class=\"elementor-element elementor-element-73318c9 e-con-full e-flex e-con e-child\" data-id=\"73318c9\" data-element_type=\"container\" data-e-type=\"container\" data-settings=\"{&quot;animation&quot;:&quot;none&quot;}\">\n\t\t<div class=\"elementor-element elementor-element-8243a53 e-con-full e-flex e-con e-child\" data-id=\"8243a53\" data-element_type=\"container\" data-e-type=\"container\">\n\t\t\t\t<div class=\"elementor-element elementor-element-be666ca elementor-widget__width-initial elementor-widget elementor-widget-heading\" data-id=\"be666ca\" data-element_type=\"widget\" data-e-type=\"widget\" data-widget_type=\"heading.default\">\n\t\t\t\t<div class=\"elementor-widget-container\">\n\t\t\t\t\t<h1 class=\"elementor-heading-title elementor-size-default\">Bademode im mediterranen Stil<\/h1>\t\t\t\t<\/div>\n\t\t\t\t<\/div>\n\t\t\t\t<\/div>\n\t\t<div class=\"elementor-element elementor-element-ea31224 e-con-full e-flex e-con e-child\" data-id=\"ea31224\" data-element_type=\"container\" data-e-type=\"container\">\n\t\t<div class=\"elementor-element elementor-element-f20f2c9 e-con-full e-flex e-con e-child\" data-id=\"f20f2c9\" data-element_type=\"container\" data-e-type=\"container\">\n\t\t\t\t<div class=\"elementor-element elementor-element-a278316 elementor-widget__width-initial elementor-widget elementor-widget-text-editor\" data-id=\"a278316\" data-element_type=\"widget\" data-e-type=\"widget\" data-widget_type=\"text-editor.default\">\n\t\t\t\t<div class=\"elementor-widget-container\">\n\t\t\t\t\t\t\t\t\t<p>Im Sommer 2021 schlossen sich <strong>Am\u00e0re Hotels<\/strong> und die renommierte Bademodenmarke <strong>Les Canebiers<\/strong> zu einer Zusammenarbeit zusammen, deren Ziel es war, die Models zu kleiden, die an den Fotoshootings der empfohlenen Hotelkette f\u00fcr Erwachsene teilgenommen haben.<\/p><p>\u00a0<\/p>\t\t\t\t\t\t\t\t<\/div>\n\t\t\t\t<\/div>\n\t\t\t\t<\/div>\n\t\t<div class=\"elementor-element elementor-element-ea38dd5 e-con-full e-flex e-con e-child\" data-id=\"ea38dd5\" data-element_type=\"container\" data-e-type=\"container\">\n\t\t\t\t<div class=\"elementor-element elementor-element-c462216 elementor-widget__width-initial elementor-widget elementor-widget-text-editor\" data-id=\"c462216\" data-element_type=\"widget\" data-e-type=\"widget\" data-widget_type=\"text-editor.default\">\n\t\t\t\t<div class=\"elementor-widget-container\">\n\t\t\t\t\t\t\t\t\t<p>Les Canebiers, entstanden in Saint-Tropez, der ikonischen franz\u00f6sischen K\u00fcstenstadt an der C\u00f4te d\u2019Azur, erinnert an gro\u00dfe Pers\u00f6nlichkeiten aus den 1950er Jahren des letzten Jahrhunderts wie Fran\u00e7oise Sagan, Jacques Pr\u00e9vert oder Pablo Picasso, die diese Stadt besuchten oder sich dort niederlie\u00dfen der Mittelmeerk\u00fcste. Eine andere der Figuren, die oft mit Saint-Tropez in Verbindung gebracht werden, ist die legend\u00e4re franz\u00f6sische Schauspielerin Brigitte Bardot.<\/p>\t\t\t\t\t\t\t\t<\/div>\n\t\t\t\t<\/div>\n\t\t\t\t<\/div>\n\t\t\t\t<\/div>\n\t\t<div class=\"elementor-element elementor-element-2831424 e-con-full e-flex e-con e-child\" data-id=\"2831424\" data-element_type=\"container\" data-e-type=\"container\">\n\t\t<div class=\"elementor-element elementor-element-1d1f705 e-con-full e-flex e-con e-child\" data-id=\"1d1f705\" data-element_type=\"container\" data-e-type=\"container\">\n\t\t\t\t<div class=\"elementor-element elementor-element-0740270 elementor-widget__width-initial elementor-widget elementor-widget-text-editor\" data-id=\"0740270\" data-element_type=\"widget\" data-e-type=\"widget\" data-widget_type=\"text-editor.default\">\n\t\t\t\t<div class=\"elementor-widget-container\">\n\t\t\t\t\t\t\t\t\t<p>Mit klaren mediterranen Linien f\u00fcgt sich Les Canebiers perfekt in den mediterranen, k\u00fcnstlerischen Geist ein, den die kleine K\u00fcstenstadt ausstrahlt und der sich in seinen eleganten Bademoden-Designs widerspiegelt.<\/p>\t\t\t\t\t\t\t\t<\/div>\n\t\t\t\t<\/div>\n\t\t\t\t<\/div>\n\t\t\t\t<\/div>\n\t\t\t\t<\/div>\n\t\t\t\t\t<\/div>\n\t\t\t\t<\/div>\n\t\t\t\t<\/div>\n\t\t","protected":false},"excerpt":{"rendered":"<p>Bademode im mediterranen Stil Im Sommer 2021 schlossen sich Am\u00e0re Hotels und die renommierte Bademodenmarke Les Canebiers zu einer Zusammenarbeit zusammen, deren Ziel es war, die Models zu kleiden, die an den Fotoshootings der empfohlenen Hotelkette f\u00fcr Erwachsene teilgenommen haben. \u00a0 Les Canebiers, entstanden in Saint-Tropez, der ikonischen franz\u00f6sischen K\u00fcstenstadt an der C\u00f4te d\u2019Azur, erinnert [&hellip;]<\/p>\n","protected":false},"author":4,"featured_media":0,"parent":29524,"menu_order":0,"comment_status":"closed","ping_status":"closed","template":"","meta":{"_acf_changed":false,"inline_featured_image":false,"site-sidebar-layout":"no-sidebar","site-content-layout":"page-builder","ast-site-content-layout":"full-width-container","site-content-style":"default","site-sidebar-style":"default","ast-global-header-display":"","ast-banner-title-visibility":"","ast-main-header-display":"","ast-hfb-above-header-display":"","ast-hfb-below-header-display":"","ast-hfb-mobile-header-display":"","site-post-title":"disabled","ast-breadcrumbs-content":"","ast-featured-img":"disabled","footer-sml-layout":"","ast-disable-related-posts":"","theme-transparent-header-meta":"","adv-header-id-meta":"","stick-header-meta":"","header-above-stick-meta":"","header-main-stick-meta":"","header-below-stick-meta":"","astra-migrate-meta-layouts":"set","ast-page-background-enabled":"default","ast-page-background-meta":{"desktop":{"background-color":"var(--ast-global-color-4)","background-image":"","background-repeat":"repeat","background-position":"center center","background-size":"auto","background-attachment":"scroll","background-type":"","background-media":"","overlay-type":"","overlay-color":"","overlay-opacity":"","overlay-gradient":""},"tablet":{"background-color":"","background-image":"","background-repeat":"repeat","background-position":"center center","background-size":"auto","background-attachment":"scroll","background-type":"","background-media":"","overlay-type":"","overlay-color":"","overlay-opacity":"","overlay-gradient":""},"mobile":{"background-color":"","background-image":"","background-repeat":"repeat","background-position":"center center","background-size":"auto","background-attachment":"scroll","background-type":"","background-media":"","overlay-type":"","overlay-color":"","overlay-opacity":"","overlay-gradient":""}},"ast-content-background-meta":{"desktop":{"background-color":"var(--ast-global-color-5)","background-image":"","background-repeat":"repeat","background-position":"center center","background-size":"auto","background-attachment":"scroll","background-type":"","background-media":"","overlay-type":"","overlay-color":"","overlay-opacity":"","overlay-gradient":""},"tablet":{"background-color":"var(--ast-global-color-5)","background-image":"","background-repeat":"repeat","background-position":"center center","background-size":"auto","background-attachment":"scroll","background-type":"","background-media":"","overlay-type":"","overlay-color":"","overlay-opacity":"","overlay-gradient":""},"mobile":{"background-color":"var(--ast-global-color-5)","background-image":"","background-repeat":"repeat","background-position":"center center","background-size":"auto","background-attachment":"scroll","background-type":"","background-media":"","overlay-type":"","overlay-color":"","overlay-opacity":"","overlay-gradient":""}},"footnotes":""},"class_list":["post-29542","page","type-page","status-publish","hentry"],"acf":[],"yoast_head":"<!-- This site is optimized with the Yoast SEO plugin v27.1.1 - https:\/\/yoast.com\/product\/yoast-seo-wordpress\/ -->\n<title>Les Canebiers Swimwear-Bademode mit mediterranem Design<\/title>\n<meta name=\"description\" content=\"Am\u00e0re Hotels und Les Canebiers haben sich zusammengeschlossen um die Models zu kleiden, die an unseren Fotoshootings teilgenommen haben.\" \/>\n<meta name=\"robots\" content=\"index, follow, max-snippet:-1, max-image-preview:large, max-video-preview:-1\" \/>\n<link rel=\"canonical\" href=\"https:\/\/www.amarehotels.com\/de\/brand-mates\/les-canebiers\/\" \/>\n<meta property=\"og:locale\" content=\"de_DE\" \/>\n<meta property=\"og:type\" content=\"article\" \/>\n<meta property=\"og:title\" content=\"Les Canebiers Swimwear-Bademode mit mediterranem Design\" \/>\n<meta property=\"og:description\" content=\"Am\u00e0re Hotels und Les Canebiers haben sich zusammengeschlossen um die Models zu kleiden, die an unseren Fotoshootings teilgenommen haben.\" \/>\n<meta property=\"og:url\" content=\"https:\/\/www.amarehotels.com\/de\/brand-mates\/les-canebiers\/\" \/>\n<meta property=\"og:site_name\" content=\"Am\u00e0re Hotels\" \/>\n<meta property=\"article:publisher\" content=\"https:\/\/www.facebook.com\/AmareHotels\/\" \/>\n<meta property=\"article:modified_time\" content=\"2025-10-29T11:51:14+00:00\" \/>\n<meta property=\"og:image\" content=\"https:\/\/www.amarehotels.com\/wp-content\/uploads\/2025\/06\/les-canebiers-logo.png\" \/>\n\t<meta property=\"og:image:width\" content=\"400\" \/>\n\t<meta property=\"og:image:height\" content=\"87\" \/>\n\t<meta property=\"og:image:type\" content=\"image\/png\" \/>\n<meta name=\"twitter:card\" content=\"summary_large_image\" \/>\n<meta name=\"twitter:site\" content=\"@amarehotels\" \/>\n<meta name=\"twitter:label1\" content=\"Gesch\u00e4tzte Lesezeit\" \/>\n\t<meta name=\"twitter:data1\" content=\"1\u00a0Minute\" \/>\n<!-- \/ Yoast SEO plugin. -->","yoast_head_json":{"title":"Les Canebiers Swimwear-Bademode mit mediterranem Design","description":"Am\u00e0re Hotels und Les Canebiers haben sich zusammengeschlossen um die Models zu kleiden, die an unseren Fotoshootings teilgenommen haben.","robots":{"index":"index","follow":"follow","max-snippet":"max-snippet:-1","max-image-preview":"max-image-preview:large","max-video-preview":"max-video-preview:-1"},"canonical":"https:\/\/www.amarehotels.com\/de\/brand-mates\/les-canebiers\/","og_locale":"de_DE","og_type":"article","og_title":"Les Canebiers Swimwear-Bademode mit mediterranem Design","og_description":"Am\u00e0re Hotels und Les Canebiers haben sich zusammengeschlossen um die Models zu kleiden, die an unseren Fotoshootings teilgenommen haben.","og_url":"https:\/\/www.amarehotels.com\/de\/brand-mates\/les-canebiers\/","og_site_name":"Am\u00e0re Hotels","article_publisher":"https:\/\/www.facebook.com\/AmareHotels\/","article_modified_time":"2025-10-29T11:51:14+00:00","og_image":[{"width":400,"height":87,"url":"https:\/\/www.amarehotels.com\/wp-content\/uploads\/2025\/06\/les-canebiers-logo.png","type":"image\/png"}],"twitter_card":"summary_large_image","twitter_site":"@amarehotels","twitter_misc":{"Gesch\u00e4tzte Lesezeit":"1\u00a0Minute"},"schema":{"@context":"https:\/\/schema.org","@graph":[{"@type":"WebPage","@id":"https:\/\/www.amarehotels.com\/de\/brand-mates\/les-canebiers\/","url":"https:\/\/www.amarehotels.com\/de\/brand-mates\/les-canebiers\/","name":"Les Canebiers Swimwear-Bademode mit mediterranem Design","isPartOf":{"@id":"https:\/\/www.amarehotels.com\/de\/#website"},"primaryImageOfPage":{"@id":"https:\/\/www.amarehotels.com\/de\/brand-mates\/les-canebiers\/#primaryimage"},"image":{"@id":"https:\/\/www.amarehotels.com\/de\/brand-mates\/les-canebiers\/#primaryimage"},"thumbnailUrl":"https:\/\/www.amarehotels.com\/wp-content\/uploads\/2025\/06\/les-canebiers-logo.png","datePublished":"2025-06-02T14:29:19+00:00","dateModified":"2025-10-29T11:51:14+00:00","description":"Am\u00e0re Hotels und Les Canebiers haben sich zusammengeschlossen um die Models zu kleiden, die an unseren Fotoshootings teilgenommen haben.","breadcrumb":{"@id":"https:\/\/www.amarehotels.com\/de\/brand-mates\/les-canebiers\/#breadcrumb"},"inLanguage":"de","potentialAction":[{"@type":"ReadAction","target":["https:\/\/www.amarehotels.com\/de\/brand-mates\/les-canebiers\/"]}]},{"@type":"ImageObject","inLanguage":"de","@id":"https:\/\/www.amarehotels.com\/de\/brand-mates\/les-canebiers\/#primaryimage","url":"https:\/\/www.amarehotels.com\/wp-content\/uploads\/2025\/06\/les-canebiers-logo.png","contentUrl":"https:\/\/www.amarehotels.com\/wp-content\/uploads\/2025\/06\/les-canebiers-logo.png"},{"@type":"BreadcrumbList","@id":"https:\/\/www.amarehotels.com\/de\/brand-mates\/les-canebiers\/#breadcrumb","itemListElement":[{"@type":"ListItem","position":1,"name":"Home","item":"https:\/\/www.amarehotels.com\/de\/"},{"@type":"ListItem","position":2,"name":"BRAND MATES","item":"https:\/\/www.amarehotels.com\/de\/brand-mates\/"},{"@type":"ListItem","position":3,"name":"Les Canebiers"}]},{"@type":"WebSite","@id":"https:\/\/www.amarehotels.com\/de\/#website","url":"https:\/\/www.amarehotels.com\/de\/","name":"Am\u00e0re Hotels","description":"","publisher":{"@id":"https:\/\/www.amarehotels.com\/de\/#organization"},"potentialAction":[{"@type":"SearchAction","target":{"@type":"EntryPoint","urlTemplate":"https:\/\/www.amarehotels.com\/de\/?s={search_term_string}"},"query-input":{"@type":"PropertyValueSpecification","valueRequired":true,"valueName":"search_term_string"}}],"inLanguage":"de"},{"@type":"Organization","@id":"https:\/\/www.amarehotels.com\/de\/#organization","name":"Am\u00e0re Hotels","url":"https:\/\/www.amarehotels.com\/de\/","logo":{"@type":"ImageObject","inLanguage":"de","@id":"https:\/\/www.amarehotels.com\/de\/#\/schema\/logo\/image\/","url":"https:\/\/www.amarehotels.com\/wp-content\/uploads\/2025\/11\/amare-hotels.jpg","contentUrl":"https:\/\/www.amarehotels.com\/wp-content\/uploads\/2025\/11\/amare-hotels.jpg","width":1640,"height":888,"caption":"Am\u00e0re Hotels"},"image":{"@id":"https:\/\/www.amarehotels.com\/de\/#\/schema\/logo\/image\/"},"sameAs":["https:\/\/www.facebook.com\/AmareHotels\/","https:\/\/x.com\/amarehotels","https:\/\/www.instagram.com\/amarehotels\/","https:\/\/www.youtube.com\/c\/AmareHotels","https:\/\/soundcloud.com\/amarehotels"]}]}},"_links":{"self":[{"href":"https:\/\/www.amarehotels.com\/de\/wp-json\/wp\/v2\/pages\/29542","targetHints":{"allow":["GET"]}}],"collection":[{"href":"https:\/\/www.amarehotels.com\/de\/wp-json\/wp\/v2\/pages"}],"about":[{"href":"https:\/\/www.amarehotels.com\/de\/wp-json\/wp\/v2\/types\/page"}],"author":[{"embeddable":true,"href":"https:\/\/www.amarehotels.com\/de\/wp-json\/wp\/v2\/users\/4"}],"replies":[{"embeddable":true,"href":"https:\/\/www.amarehotels.com\/de\/wp-json\/wp\/v2\/comments?post=29542"}],"version-history":[{"count":0,"href":"https:\/\/www.amarehotels.com\/de\/wp-json\/wp\/v2\/pages\/29542\/revisions"}],"up":[{"embeddable":true,"href":"https:\/\/www.amarehotels.com\/de\/wp-json\/wp\/v2\/pages\/29524"}],"wp:attachment":[{"href":"https:\/\/www.amarehotels.com\/de\/wp-json\/wp\/v2\/media?parent=29542"}],"curies":[{"name":"wp","href":"https:\/\/api.w.org\/{rel}","templated":true}]}}