{"id":30044,"date":"2025-10-02T09:38:26","date_gmt":"2025-10-02T07:38:26","guid":{"rendered":"https:\/\/www.amarehotels.com\/influencers-media\/"},"modified":"2025-10-30T12:45:34","modified_gmt":"2025-10-30T11:45:34","slug":"influencer-presse","status":"publish","type":"page","link":"https:\/\/www.amarehotels.com\/de\/influencer-presse\/","title":{"rendered":"Influencer und Presse"},"content":{"rendered":"\t\t<div data-elementor-type=\"wp-page\" data-elementor-id=\"30044\" class=\"elementor elementor-30044 elementor-18286\" data-elementor-post-type=\"page\">\n\t\t\t\t<div class=\"elementor-element elementor-element-3b7231f e-flex e-con-boxed e-con e-parent\" data-id=\"3b7231f\" data-element_type=\"container\" data-e-type=\"container\">\n\t\t\t\t\t<div class=\"e-con-inner\">\n\t\t<div class=\"elementor-element elementor-element-a2065ad e-con-full e-flex e-con e-child\" data-id=\"a2065ad\" data-element_type=\"container\" data-e-type=\"container\" data-settings=\"{&quot;background_background&quot;:&quot;classic&quot;}\">\n\t\t\t\t<\/div>\n\t\t\t\t\t<\/div>\n\t\t\t\t<\/div>\n\t\t<div class=\"elementor-element elementor-element-e5dd050 e-flex e-con-boxed e-con e-child\" data-id=\"e5dd050\" data-element_type=\"container\" data-e-type=\"container\">\n\t\t\t\t\t<div class=\"e-con-inner\">\n\t\t\t\t<div class=\"elementor-element elementor-element-e28181c elementor-widget elementor-widget-heading\" data-id=\"e28181c\" data-element_type=\"widget\" data-e-type=\"widget\" data-widget_type=\"heading.default\">\n\t\t\t\t<div class=\"elementor-widget-container\">\n\t\t\t\t\t<h1 class=\"elementor-heading-title elementor-size-default\">Kontaktieren Sie uns<\/h1>\t\t\t\t<\/div>\n\t\t\t\t<\/div>\n\t\t\t\t<div class=\"elementor-element elementor-element-68b756d elementor-widget__width-initial elementor-widget elementor-widget-text-editor\" data-id=\"68b756d\" data-element_type=\"widget\" data-e-type=\"widget\" data-widget_type=\"text-editor.default\">\n\t\t\t\t<div class=\"elementor-widget-container\">\n\t\t\t\t\t\t\t\t\tWenn Ihnen unsere Marke gef\u00e4llt und Sie mit uns zusammenarbeiten m\u00f6chten, schreiben Sie an unsere Marketingabteilung und wir antworten Ihnen gerne\n\n\t\t\t\t\t\t\t\t<\/div>\n\t\t\t\t<\/div>\n\t\t\t\t\t<\/div>\n\t\t\t\t<\/div>\n\t\t<div class=\"elementor-element elementor-element-7d640be e-flex e-con-boxed e-con e-parent\" data-id=\"7d640be\" data-element_type=\"container\" data-e-type=\"container\">\n\t\t\t\t\t<div class=\"e-con-inner\">\n\t\t<div class=\"elementor-element elementor-element-06727f6 e-con-full e-flex e-con e-child\" data-id=\"06727f6\" data-element_type=\"container\" data-e-type=\"container\">\n\t\t<div class=\"elementor-element elementor-element-e19aee5 e-con-full e-flex e-con e-child\" data-id=\"e19aee5\" data-element_type=\"container\" data-e-type=\"container\">\n\t\t\t\t<div class=\"elementor-element elementor-element-e2635c6 elementor-widget__width-auto elementor-widget elementor-widget-heading\" data-id=\"e2635c6\" data-element_type=\"widget\" data-e-type=\"widget\" data-widget_type=\"heading.default\">\n\t\t\t\t<div class=\"elementor-widget-container\">\n\t\t\t\t\t<h2 class=\"elementor-heading-title elementor-size-default\">Sind Sie Influencer?<\/h2>\t\t\t\t<\/div>\n\t\t\t\t<\/div>\n\t\t\t\t<div class=\"elementor-element elementor-element-c095da4 elementor-widget__width-initial elementor-widget elementor-widget-text-editor\" data-id=\"c095da4\" data-element_type=\"widget\" data-e-type=\"widget\" data-widget_type=\"text-editor.default\">\n\t\t\t\t<div class=\"elementor-widget-container\">\n\t\t\t\t\t\t\t\t\tSie sind Influencer und m\u00f6chten mit Am\u00e0re Hotels zusammenarbeiten? Machen Sie sich \u00fcber das folgende Formular bekannt und wir werden Ihren Vorschlag pr\u00fcfen.\t\t\t\t\t\t\t\t<\/div>\n\t\t\t\t<\/div>\n\t\t\t\t<div class=\"elementor-element elementor-element-ce87c0d elementor-widget elementor-widget-button\" data-id=\"ce87c0d\" data-element_type=\"widget\" data-e-type=\"widget\" data-widget_type=\"button.default\">\n\t\t\t\t<div class=\"elementor-widget-container\">\n\t\t\t\t\t\t\t\t\t<div class=\"elementor-button-wrapper\">\n\t\t\t\t\t<a class=\"elementor-button elementor-button-link elementor-size-sm\" href=\"#elementor-action%3Aaction%3Dpopup%3Aopen%26settings%3DeyJpZCI6MzAwMDYsInRvZ2dsZSI6ZmFsc2V9\">\n\t\t\t\t\t\t<span class=\"elementor-button-content-wrapper\">\n\t\t\t\t\t\t\t\t\t<span class=\"elementor-button-text\">Schicken sie uns ihr soziale profil<\/span>\n\t\t\t\t\t<\/span>\n\t\t\t\t\t<\/a>\n\t\t\t\t<\/div>\n\t\t\t\t\t\t\t\t<\/div>\n\t\t\t\t<\/div>\n\t\t\t\t<\/div>\n\t\t<div class=\"elementor-element elementor-element-e7f5ff8 e-con-full e-flex e-con e-child\" data-id=\"e7f5ff8\" data-element_type=\"container\" data-e-type=\"container\" data-settings=\"{&quot;background_background&quot;:&quot;classic&quot;}\">\n\t\t<div class=\"elementor-element elementor-element-6a96789 e-con-full e-flex e-con e-child\" data-id=\"6a96789\" data-element_type=\"container\" data-e-type=\"container\" data-settings=\"{&quot;background_background&quot;:&quot;classic&quot;}\">\n\t\t\t\t<div class=\"elementor-element elementor-element-899ab40 elementor-widget elementor-widget-image\" data-id=\"899ab40\" data-element_type=\"widget\" data-e-type=\"widget\" data-widget_type=\"image.default\">\n\t\t\t\t<div class=\"elementor-widget-container\">\n\t\t\t\t\t\t\t\t\t\t\t\t\t\t\t<img fetchpriority=\"high\" decoding=\"async\" width=\"1200\" height=\"900\" src=\"https:\/\/www.amarehotels.com\/wp-content\/uploads\/2025\/10\/influencer-media-woman.jpg\" class=\"attachment-full size-full wp-image-26856\" alt=\"Am\u00e0re Ibiza modelo mujer en rooftop\" srcset=\"https:\/\/www.amarehotels.com\/wp-content\/uploads\/2025\/10\/influencer-media-woman.jpg 1200w, https:\/\/www.amarehotels.com\/wp-content\/uploads\/2025\/10\/influencer-media-woman-300x225.jpg 300w, https:\/\/www.amarehotels.com\/wp-content\/uploads\/2025\/10\/influencer-media-woman-1024x768.jpg 1024w, https:\/\/www.amarehotels.com\/wp-content\/uploads\/2025\/10\/influencer-media-woman-768x576.jpg 768w\" sizes=\"(max-width: 1200px) 100vw, 1200px\" \/>\t\t\t\t\t\t\t\t\t\t\t\t\t\t\t<\/div>\n\t\t\t\t<\/div>\n\t\t\t\t<\/div>\n\t\t\t\t<\/div>\n\t\t\t\t<\/div>\n\t\t\t\t\t<\/div>\n\t\t\t\t<\/div>\n\t\t<div class=\"elementor-element elementor-element-2e0ce2c e-flex e-con-boxed e-con e-parent\" data-id=\"2e0ce2c\" data-element_type=\"container\" data-e-type=\"container\">\n\t\t\t\t\t<div class=\"e-con-inner\">\n\t\t<div class=\"elementor-element elementor-element-b902bf6 e-con-full e-flex e-con e-child\" data-id=\"b902bf6\" data-element_type=\"container\" data-e-type=\"container\">\n\t\t<div class=\"elementor-element elementor-element-83da90c e-con-full e-flex e-con e-child\" data-id=\"83da90c\" data-element_type=\"container\" data-e-type=\"container\" data-settings=\"{&quot;background_background&quot;:&quot;classic&quot;}\">\n\t\t<div class=\"elementor-element elementor-element-4baa8f8 e-con-full e-flex e-con e-child\" data-id=\"4baa8f8\" data-element_type=\"container\" data-e-type=\"container\" data-settings=\"{&quot;background_background&quot;:&quot;classic&quot;}\">\n\t\t\t\t<div class=\"elementor-element elementor-element-2e6533c elementor-widget elementor-widget-image\" data-id=\"2e6533c\" data-element_type=\"widget\" data-e-type=\"widget\" data-widget_type=\"image.default\">\n\t\t\t\t<div class=\"elementor-widget-container\">\n\t\t\t\t\t\t\t\t\t\t\t\t\t\t\t<img decoding=\"async\" width=\"1200\" height=\"900\" src=\"https:\/\/www.amarehotels.com\/wp-content\/uploads\/2025\/10\/influencer-media-sea.jpg\" class=\"attachment-full size-full wp-image-26857\" alt=\"\" srcset=\"https:\/\/www.amarehotels.com\/wp-content\/uploads\/2025\/10\/influencer-media-sea.jpg 1200w, https:\/\/www.amarehotels.com\/wp-content\/uploads\/2025\/10\/influencer-media-sea-300x225.jpg 300w, https:\/\/www.amarehotels.com\/wp-content\/uploads\/2025\/10\/influencer-media-sea-1024x768.jpg 1024w, https:\/\/www.amarehotels.com\/wp-content\/uploads\/2025\/10\/influencer-media-sea-768x576.jpg 768w\" sizes=\"(max-width: 1200px) 100vw, 1200px\" \/>\t\t\t\t\t\t\t\t\t\t\t\t\t\t\t<\/div>\n\t\t\t\t<\/div>\n\t\t<div class=\"elementor-element elementor-element-34e3d61 e-con-full e-flex e-con e-child\" data-id=\"34e3d61\" data-element_type=\"container\" data-e-type=\"container\" data-settings=\"{&quot;background_background&quot;:&quot;classic&quot;,&quot;position&quot;:&quot;absolute&quot;}\">\n\t\t\t\t<div class=\"elementor-element elementor-element-8ba5e0f elementor-widget elementor-widget-heading\" data-id=\"8ba5e0f\" data-element_type=\"widget\" data-e-type=\"widget\" data-widget_type=\"heading.default\">\n\t\t\t\t<div class=\"elementor-widget-container\">\n\t\t\t\t\t<span class=\"elementor-heading-title elementor-size-default\">Am\u00e0re Hotels<\/span>\t\t\t\t<\/div>\n\t\t\t\t<\/div>\n\t\t\t\t<div class=\"elementor-element elementor-element-a65ca59 elementor-widget-divider--view-line elementor-widget elementor-widget-divider\" data-id=\"a65ca59\" data-element_type=\"widget\" data-e-type=\"widget\" data-widget_type=\"divider.default\">\n\t\t\t\t<div class=\"elementor-widget-container\">\n\t\t\t\t\t\t\t<div class=\"elementor-divider\">\n\t\t\t<span class=\"elementor-divider-separator\">\n\t\t\t\t\t\t<\/span>\n\t\t<\/div>\n\t\t\t\t\t\t<\/div>\n\t\t\t\t<\/div>\n\t\t\t\t<div class=\"elementor-element elementor-element-4b6c49d elementor-widget elementor-widget-heading\" data-id=\"4b6c49d\" data-element_type=\"widget\" data-e-type=\"widget\" data-widget_type=\"heading.default\">\n\t\t\t\t<div class=\"elementor-widget-container\">\n\t\t\t\t\t<span class=\"elementor-heading-title elementor-size-default\">Travel<\/span>\t\t\t\t<\/div>\n\t\t\t\t<\/div>\n\t\t\t\t<\/div>\n\t\t\t\t<\/div>\n\t\t\t\t<\/div>\n\t\t<div class=\"elementor-element elementor-element-e89b387 e-con-full e-flex e-con e-child\" data-id=\"e89b387\" data-element_type=\"container\" data-e-type=\"container\">\n\t\t\t\t<div class=\"elementor-element elementor-element-9ab9098 elementor-widget__width-auto elementor-widget elementor-widget-heading\" data-id=\"9ab9098\" data-element_type=\"widget\" data-e-type=\"widget\" data-widget_type=\"heading.default\">\n\t\t\t\t<div class=\"elementor-widget-container\">\n\t\t\t\t\t<h2 class=\"elementor-heading-title elementor-size-default\">Presse?<\/h2>\t\t\t\t<\/div>\n\t\t\t\t<\/div>\n\t\t\t\t<div class=\"elementor-element elementor-element-0ab9c6b elementor-widget__width-initial elementor-widget elementor-widget-text-editor\" data-id=\"0ab9c6b\" data-element_type=\"widget\" data-e-type=\"widget\" data-widget_type=\"text-editor.default\">\n\t\t\t\t<div class=\"elementor-widget-container\">\n\t\t\t\t\t\t\t\t\tWenn Sie f\u00fcr ein Medienunternehmen arbeiten, freiberuflich t\u00e4tig sind oder \u00fcber unsere Hotels schreiben m\u00f6chten, hinterlassen Sie uns Ihre Daten, damit wir Ihre Anfrage pr\u00fcfen k\u00f6nnen.\t\t\t\t\t\t\t\t<\/div>\n\t\t\t\t<\/div>\n\t\t\t\t<div class=\"elementor-element elementor-element-8460fae elementor-widget elementor-widget-button\" data-id=\"8460fae\" data-element_type=\"widget\" data-e-type=\"widget\" data-widget_type=\"button.default\">\n\t\t\t\t<div class=\"elementor-widget-container\">\n\t\t\t\t\t\t\t\t\t<div class=\"elementor-button-wrapper\">\n\t\t\t\t\t<a class=\"elementor-button elementor-button-link elementor-size-sm\" href=\"#elementor-action%3Aaction%3Dpopup%3Aopen%26settings%3DeyJpZCI6MzAwMDYsInRvZ2dsZSI6ZmFsc2V9\">\n\t\t\t\t\t\t<span class=\"elementor-button-content-wrapper\">\n\t\t\t\t\t\t\t\t\t<span class=\"elementor-button-text\">Kontaktieren sie uns<\/span>\n\t\t\t\t\t<\/span>\n\t\t\t\t\t<\/a>\n\t\t\t\t<\/div>\n\t\t\t\t\t\t\t\t<\/div>\n\t\t\t\t<\/div>\n\t\t\t\t<\/div>\n\t\t\t\t<\/div>\n\t\t\t\t\t<\/div>\n\t\t\t\t<\/div>\n\t\t\t\t<\/div>\n\t\t","protected":false},"excerpt":{"rendered":"<p>Kontaktieren Sie uns Wenn Ihnen unsere Marke gef\u00e4llt und Sie mit uns zusammenarbeiten m\u00f6chten, schreiben Sie an unsere Marketingabteilung und wir antworten Ihnen gerne Sind Sie Influencer? Sie sind Influencer und m\u00f6chten mit Am\u00e0re Hotels zusammenarbeiten? Machen Sie sich \u00fcber das folgende Formular bekannt und wir werden Ihren Vorschlag pr\u00fcfen. Schicken sie uns ihr soziale [&hellip;]<\/p>\n","protected":false},"author":2,"featured_media":0,"parent":0,"menu_order":0,"comment_status":"closed","ping_status":"closed","template":"","meta":{"_acf_changed":false,"inline_featured_image":false,"site-sidebar-layout":"no-sidebar","site-content-layout":"page-builder","ast-site-content-layout":"full-width-container","site-content-style":"default","site-sidebar-style":"default","ast-global-header-display":"","ast-banner-title-visibility":"","ast-main-header-display":"","ast-hfb-above-header-display":"","ast-hfb-below-header-display":"","ast-hfb-mobile-header-display":"","site-post-title":"disabled","ast-breadcrumbs-content":"","ast-featured-img":"disabled","footer-sml-layout":"","ast-disable-related-posts":"","theme-transparent-header-meta":"","adv-header-id-meta":"","stick-header-meta":"","header-above-stick-meta":"","header-main-stick-meta":"","header-below-stick-meta":"","astra-migrate-meta-layouts":"set","ast-page-background-enabled":"default","ast-page-background-meta":{"desktop":{"background-color":"var(--ast-global-color-4)","background-image":"","background-repeat":"repeat","background-position":"center center","background-size":"auto","background-attachment":"scroll","background-type":"","background-media":"","overlay-type":"","overlay-color":"","overlay-opacity":"","overlay-gradient":""},"tablet":{"background-color":"","background-image":"","background-repeat":"repeat","background-position":"center center","background-size":"auto","background-attachment":"scroll","background-type":"","background-media":"","overlay-type":"","overlay-color":"","overlay-opacity":"","overlay-gradient":""},"mobile":{"background-color":"","background-image":"","background-repeat":"repeat","background-position":"center center","background-size":"auto","background-attachment":"scroll","background-type":"","background-media":"","overlay-type":"","overlay-color":"","overlay-opacity":"","overlay-gradient":""}},"ast-content-background-meta":{"desktop":{"background-color":"var(--ast-global-color-5)","background-image":"","background-repeat":"repeat","background-position":"center center","background-size":"auto","background-attachment":"scroll","background-type":"","background-media":"","overlay-type":"","overlay-color":"","overlay-opacity":"","overlay-gradient":""},"tablet":{"background-color":"var(--ast-global-color-5)","background-image":"","background-repeat":"repeat","background-position":"center center","background-size":"auto","background-attachment":"scroll","background-type":"","background-media":"","overlay-type":"","overlay-color":"","overlay-opacity":"","overlay-gradient":""},"mobile":{"background-color":"var(--ast-global-color-5)","background-image":"","background-repeat":"repeat","background-position":"center center","background-size":"auto","background-attachment":"scroll","background-type":"","background-media":"","overlay-type":"","overlay-color":"","overlay-opacity":"","overlay-gradient":""}},"footnotes":""},"class_list":["post-30044","page","type-page","status-publish","hentry"],"acf":[],"yoast_head":"<!-- This site is optimized with the Yoast SEO plugin v27.1.1 - https:\/\/yoast.com\/product\/yoast-seo-wordpress\/ -->\n<title>Influencer-Pressekooperationen mit Am\u00e0re Hotels Spanien<\/title>\n<meta name=\"description\" content=\"Wenn Ihnen unsere Marke gef\u00e4llt und Sie eine Zusammenarbeit mit Am\u00e0re Hotels durchf\u00fchren m\u00f6chten, wenden Sie sich an unsere Marketingabteilung. Influencer und Pressekooperationen.\" \/>\n<meta name=\"robots\" content=\"index, follow, max-snippet:-1, max-image-preview:large, max-video-preview:-1\" \/>\n<link rel=\"canonical\" href=\"https:\/\/www.amarehotels.com\/de\/influencer-presse\/\" \/>\n<meta property=\"og:locale\" content=\"de_DE\" \/>\n<meta property=\"og:type\" content=\"article\" \/>\n<meta property=\"og:title\" content=\"Influencer-Pressekooperationen mit Am\u00e0re Hotels Spanien\" \/>\n<meta property=\"og:description\" content=\"Wenn Ihnen unsere Marke gef\u00e4llt und Sie eine Zusammenarbeit mit Am\u00e0re Hotels durchf\u00fchren m\u00f6chten, wenden Sie sich an unsere Marketingabteilung. Influencer und Pressekooperationen.\" \/>\n<meta property=\"og:url\" content=\"https:\/\/www.amarehotels.com\/de\/influencer-presse\/\" \/>\n<meta property=\"og:site_name\" content=\"Am\u00e0re Hotels\" \/>\n<meta property=\"article:publisher\" content=\"https:\/\/www.facebook.com\/AmareHotels\/\" \/>\n<meta property=\"article:modified_time\" content=\"2025-10-30T11:45:34+00:00\" \/>\n<meta property=\"og:image\" content=\"https:\/\/www.amarehotels.com\/wp-content\/uploads\/2025\/10\/influencer-media-woman.jpg\" \/>\n\t<meta property=\"og:image:width\" content=\"1200\" \/>\n\t<meta property=\"og:image:height\" content=\"900\" \/>\n\t<meta property=\"og:image:type\" content=\"image\/jpeg\" \/>\n<meta name=\"twitter:card\" content=\"summary_large_image\" \/>\n<meta name=\"twitter:site\" content=\"@amarehotels\" \/>\n<meta name=\"twitter:label1\" content=\"Gesch\u00e4tzte Lesezeit\" \/>\n\t<meta name=\"twitter:data1\" content=\"1\u00a0Minute\" \/>\n<!-- \/ Yoast SEO plugin. -->","yoast_head_json":{"title":"Influencer-Pressekooperationen mit Am\u00e0re Hotels Spanien","description":"Wenn Ihnen unsere Marke gef\u00e4llt und Sie eine Zusammenarbeit mit Am\u00e0re Hotels durchf\u00fchren m\u00f6chten, wenden Sie sich an unsere Marketingabteilung. Influencer und Pressekooperationen.","robots":{"index":"index","follow":"follow","max-snippet":"max-snippet:-1","max-image-preview":"max-image-preview:large","max-video-preview":"max-video-preview:-1"},"canonical":"https:\/\/www.amarehotels.com\/de\/influencer-presse\/","og_locale":"de_DE","og_type":"article","og_title":"Influencer-Pressekooperationen mit Am\u00e0re Hotels Spanien","og_description":"Wenn Ihnen unsere Marke gef\u00e4llt und Sie eine Zusammenarbeit mit Am\u00e0re Hotels durchf\u00fchren m\u00f6chten, wenden Sie sich an unsere Marketingabteilung. Influencer und Pressekooperationen.","og_url":"https:\/\/www.amarehotels.com\/de\/influencer-presse\/","og_site_name":"Am\u00e0re Hotels","article_publisher":"https:\/\/www.facebook.com\/AmareHotels\/","article_modified_time":"2025-10-30T11:45:34+00:00","og_image":[{"width":1200,"height":900,"url":"https:\/\/www.amarehotels.com\/wp-content\/uploads\/2025\/10\/influencer-media-woman.jpg","type":"image\/jpeg"}],"twitter_card":"summary_large_image","twitter_site":"@amarehotels","twitter_misc":{"Gesch\u00e4tzte Lesezeit":"1\u00a0Minute"},"schema":{"@context":"https:\/\/schema.org","@graph":[{"@type":"WebPage","@id":"https:\/\/www.amarehotels.com\/de\/influencer-presse\/","url":"https:\/\/www.amarehotels.com\/de\/influencer-presse\/","name":"Influencer-Pressekooperationen mit Am\u00e0re Hotels Spanien","isPartOf":{"@id":"https:\/\/www.amarehotels.com\/de\/#website"},"primaryImageOfPage":{"@id":"https:\/\/www.amarehotels.com\/de\/influencer-presse\/#primaryimage"},"image":{"@id":"https:\/\/www.amarehotels.com\/de\/influencer-presse\/#primaryimage"},"thumbnailUrl":"https:\/\/www.amarehotels.com\/wp-content\/uploads\/2025\/10\/influencer-media-woman.jpg","datePublished":"2025-10-02T07:38:26+00:00","dateModified":"2025-10-30T11:45:34+00:00","description":"Wenn Ihnen unsere Marke gef\u00e4llt und Sie eine Zusammenarbeit mit Am\u00e0re Hotels durchf\u00fchren m\u00f6chten, wenden Sie sich an unsere Marketingabteilung. Influencer und Pressekooperationen.","breadcrumb":{"@id":"https:\/\/www.amarehotels.com\/de\/influencer-presse\/#breadcrumb"},"inLanguage":"de","potentialAction":[{"@type":"ReadAction","target":["https:\/\/www.amarehotels.com\/de\/influencer-presse\/"]}]},{"@type":"ImageObject","inLanguage":"de","@id":"https:\/\/www.amarehotels.com\/de\/influencer-presse\/#primaryimage","url":"https:\/\/www.amarehotels.com\/wp-content\/uploads\/2025\/10\/influencer-media-woman.jpg","contentUrl":"https:\/\/www.amarehotels.com\/wp-content\/uploads\/2025\/10\/influencer-media-woman.jpg"},{"@type":"BreadcrumbList","@id":"https:\/\/www.amarehotels.com\/de\/influencer-presse\/#breadcrumb","itemListElement":[{"@type":"ListItem","position":1,"name":"Home","item":"https:\/\/www.amarehotels.com\/de\/"},{"@type":"ListItem","position":2,"name":"Influencer und Presse"}]},{"@type":"WebSite","@id":"https:\/\/www.amarehotels.com\/de\/#website","url":"https:\/\/www.amarehotels.com\/de\/","name":"Am\u00e0re Hotels","description":"","publisher":{"@id":"https:\/\/www.amarehotels.com\/de\/#organization"},"potentialAction":[{"@type":"SearchAction","target":{"@type":"EntryPoint","urlTemplate":"https:\/\/www.amarehotels.com\/de\/?s={search_term_string}"},"query-input":{"@type":"PropertyValueSpecification","valueRequired":true,"valueName":"search_term_string"}}],"inLanguage":"de"},{"@type":"Organization","@id":"https:\/\/www.amarehotels.com\/de\/#organization","name":"Am\u00e0re Hotels","url":"https:\/\/www.amarehotels.com\/de\/","logo":{"@type":"ImageObject","inLanguage":"de","@id":"https:\/\/www.amarehotels.com\/de\/#\/schema\/logo\/image\/","url":"https:\/\/www.amarehotels.com\/wp-content\/uploads\/2025\/11\/amare-hotels.jpg","contentUrl":"https:\/\/www.amarehotels.com\/wp-content\/uploads\/2025\/11\/amare-hotels.jpg","width":1640,"height":888,"caption":"Am\u00e0re Hotels"},"image":{"@id":"https:\/\/www.amarehotels.com\/de\/#\/schema\/logo\/image\/"},"sameAs":["https:\/\/www.facebook.com\/AmareHotels\/","https:\/\/x.com\/amarehotels","https:\/\/www.instagram.com\/amarehotels\/","https:\/\/www.youtube.com\/c\/AmareHotels","https:\/\/soundcloud.com\/amarehotels"]}]}},"_links":{"self":[{"href":"https:\/\/www.amarehotels.com\/de\/wp-json\/wp\/v2\/pages\/30044","targetHints":{"allow":["GET"]}}],"collection":[{"href":"https:\/\/www.amarehotels.com\/de\/wp-json\/wp\/v2\/pages"}],"about":[{"href":"https:\/\/www.amarehotels.com\/de\/wp-json\/wp\/v2\/types\/page"}],"author":[{"embeddable":true,"href":"https:\/\/www.amarehotels.com\/de\/wp-json\/wp\/v2\/users\/2"}],"replies":[{"embeddable":true,"href":"https:\/\/www.amarehotels.com\/de\/wp-json\/wp\/v2\/comments?post=30044"}],"version-history":[{"count":0,"href":"https:\/\/www.amarehotels.com\/de\/wp-json\/wp\/v2\/pages\/30044\/revisions"}],"wp:attachment":[{"href":"https:\/\/www.amarehotels.com\/de\/wp-json\/wp\/v2\/media?parent=30044"}],"curies":[{"name":"wp","href":"https:\/\/api.w.org\/{rel}","templated":true}]}}