{"id":25416,"date":"2025-05-14T11:27:15","date_gmt":"2025-05-14T09:27:15","guid":{"rendered":"https:\/\/www.amarehotels.com\/amare-ibiza\/services\/"},"modified":"2025-12-03T09:16:50","modified_gmt":"2025-12-03T08:16:50","slug":"servicios","status":"publish","type":"page","link":"https:\/\/www.amarehotels.com\/es\/amare-ibiza\/servicios\/","title":{"rendered":"Servicios"},"content":{"rendered":"\t\t<div data-elementor-type=\"wp-page\" data-elementor-id=\"25416\" class=\"elementor elementor-25416 elementor-3392\" data-elementor-post-type=\"page\">\n\t\t\t\t<div class=\"elementor-element elementor-element-6f9beb9 e-flex e-con-boxed e-con e-parent\" data-id=\"6f9beb9\" data-element_type=\"container\" data-e-type=\"container\">\n\t\t\t\t\t<div class=\"e-con-inner\">\n\t\t<div class=\"elementor-element elementor-element-df8ef4d e-con-full e-flex e-con e-child\" data-id=\"df8ef4d\" data-element_type=\"container\" data-e-type=\"container\">\n\t\t\t\t<div class=\"elementor-element elementor-element-cf8df47 elementor-widget elementor-widget-heading\" data-id=\"cf8df47\" data-element_type=\"widget\" data-e-type=\"widget\" data-widget_type=\"heading.default\">\n\t\t\t\t<div class=\"elementor-widget-container\">\n\t\t\t\t\t<h1 class=\"elementor-heading-title elementor-size-default\">Servicios<\/h1>\t\t\t\t<\/div>\n\t\t\t\t<\/div>\n\t\t\t\t<div class=\"elementor-element elementor-element-2d8f30d elementor-widget-tablet__width-initial elementor-widget elementor-widget-text-editor\" data-id=\"2d8f30d\" data-element_type=\"widget\" data-e-type=\"widget\" data-widget_type=\"text-editor.default\">\n\t\t\t\t<div class=\"elementor-widget-container\">\n\t\t\t\t\t\t\t\t\t<p>\/ am\u00e0re beach hotel ibiza<\/p>\t\t\t\t\t\t\t\t<\/div>\n\t\t\t\t<\/div>\n\t\t\t\t<\/div>\n\t\t<div class=\"elementor-element elementor-element-311c922 e-con-full e-flex e-con e-child\" data-id=\"311c922\" data-element_type=\"container\" data-e-type=\"container\">\n\t\t<div class=\"elementor-element elementor-element-ab55bca e-con-full e-flex e-con e-child\" data-id=\"ab55bca\" data-element_type=\"container\" data-e-type=\"container\" data-settings=\"{&quot;background_background&quot;:&quot;classic&quot;}\">\n\t\t<div class=\"elementor-element elementor-element-87e6c60 e-con-full e-flex e-con e-child\" data-id=\"87e6c60\" data-element_type=\"container\" data-e-type=\"container\">\n\t\t\t\t<div class=\"elementor-element elementor-element-cb2ac8e elementor-widget-tablet__width-initial elementor-widget elementor-widget-text-editor\" data-id=\"cb2ac8e\" data-element_type=\"widget\" data-e-type=\"widget\" data-widget_type=\"text-editor.default\">\n\t\t\t\t<div class=\"elementor-widget-container\">\n\t\t\t\t\t\t\t\t\t<p>the one<\/p>\t\t\t\t\t\t\t\t<\/div>\n\t\t\t\t<\/div>\n\t\t\t\t<div class=\"elementor-element elementor-element-1e8be09 elementor-widget elementor-widget-text-editor\" data-id=\"1e8be09\" data-element_type=\"widget\" data-e-type=\"widget\" data-widget_type=\"text-editor.default\">\n\t\t\t\t<div class=\"elementor-widget-container\">\n\t\t\t\t\t\t\t\t\tUn espacio pensado para sentirse especial. Con el servicio The One acceder\u00e1s a un amplio lounge privado con vistas frontales al mar, bebidas y aperitivos de 12:00 a 20:00 h y otras ventajas como amenities en la habitaci\u00f3n.\t\t\t\t\t\t\t\t<\/div>\n\t\t\t\t<\/div>\n\t\t\t\t<\/div>\n\t\t\t\t<\/div>\n\t\t<div class=\"elementor-element elementor-element-f128930 e-con-full e-flex e-con e-child\" data-id=\"f128930\" data-element_type=\"container\" data-e-type=\"container\" data-settings=\"{&quot;background_background&quot;:&quot;classic&quot;}\">\n\t\t<div class=\"elementor-element elementor-element-a13c87b e-con-full e-flex e-con e-child\" data-id=\"a13c87b\" data-element_type=\"container\" data-e-type=\"container\">\n\t\t\t\t<div class=\"elementor-element elementor-element-488308b elementor-widget-tablet__width-initial elementor-widget elementor-widget-text-editor\" data-id=\"488308b\" data-element_type=\"widget\" data-e-type=\"widget\" data-widget_type=\"text-editor.default\">\n\t\t\t\t<div class=\"elementor-widget-container\">\n\t\t\t\t\t\t\t\t\tWi-Fi gratis\u2026 Hasta en la playa\t\t\t\t\t\t\t\t<\/div>\n\t\t\t\t<\/div>\n\t\t\t\t<div class=\"elementor-element elementor-element-15c0d9a elementor-widget elementor-widget-text-editor\" data-id=\"15c0d9a\" data-element_type=\"widget\" data-e-type=\"widget\" data-widget_type=\"text-editor.default\">\n\t\t\t\t<div class=\"elementor-widget-container\">\n\t\t\t\t\t\t\t\t\tHemos de reconocerlo, no podemos estar desconectados. Usa nuestro WiFi gratuito en todas las instalaciones del hotel, incluso en la misma playa, y no pierdas ni una oportunidad de compartir con todos los mejores momentos de tu viaje.\t\t\t\t\t\t\t\t<\/div>\n\t\t\t\t<\/div>\n\t\t\t\t<\/div>\n\t\t\t\t<\/div>\n\t\t\t\t<\/div>\n\t\t<div class=\"elementor-element elementor-element-e56f14c e-con-full e-flex e-con e-child\" data-id=\"e56f14c\" data-element_type=\"container\" data-e-type=\"container\">\n\t\t<div class=\"elementor-element elementor-element-f730692 e-con-full e-flex e-con e-child\" data-id=\"f730692\" data-element_type=\"container\" data-e-type=\"container\" data-settings=\"{&quot;background_background&quot;:&quot;classic&quot;}\">\n\t\t<div class=\"elementor-element elementor-element-f89688d e-con-full e-flex e-con e-child\" data-id=\"f89688d\" data-element_type=\"container\" data-e-type=\"container\">\n\t\t\t\t<div class=\"elementor-element elementor-element-117aa82 elementor-widget-tablet__width-initial elementor-widget elementor-widget-text-editor\" data-id=\"117aa82\" data-element_type=\"widget\" data-e-type=\"widget\" data-widget_type=\"text-editor.default\">\n\t\t\t\t<div class=\"elementor-widget-container\">\n\t\t\t\t\t\t\t\t\tWellness by Germaine de Capuccini\t\t\t\t\t\t\t\t<\/div>\n\t\t\t\t<\/div>\n\t\t\t\t<div class=\"elementor-element elementor-element-70ecf84 elementor-widget elementor-widget-text-editor\" data-id=\"70ecf84\" data-element_type=\"widget\" data-e-type=\"widget\" data-widget_type=\"text-editor.default\">\n\t\t\t\t<div class=\"elementor-widget-container\">\n\t\t\t\t\t\t\t\t\tRespira hondo, es el momento de parar y cuidarse a conciencia. Cambia al modo relax en nuestro Wellness by Germaine de Capuccini y date el capricho con alguno de los tratamientos de belleza y masajes que te llevar\u00e1n a otra dimensi\u00f3n. Lunes a domingos 11:00-19:00 h.\t\t\t\t\t\t\t\t<\/div>\n\t\t\t\t<\/div>\n\t\t\t\t<\/div>\n\t\t\t\t<\/div>\n\t\t<div class=\"elementor-element elementor-element-d45b571 e-con-full e-flex e-con e-child\" data-id=\"d45b571\" data-element_type=\"container\" data-e-type=\"container\" data-settings=\"{&quot;background_background&quot;:&quot;classic&quot;}\">\n\t\t<div class=\"elementor-element elementor-element-60b9efa e-con-full e-flex e-con e-child\" data-id=\"60b9efa\" data-element_type=\"container\" data-e-type=\"container\">\n\t\t\t\t<div class=\"elementor-element elementor-element-5090296 elementor-widget-tablet__width-initial elementor-widget elementor-widget-text-editor\" data-id=\"5090296\" data-element_type=\"widget\" data-e-type=\"widget\" data-widget_type=\"text-editor.default\">\n\t\t\t\t<div class=\"elementor-widget-container\">\n\t\t\t\t\t\t\t\t\tyoga\t\t\t\t\t\t\t\t<\/div>\n\t\t\t\t<\/div>\n\t\t\t\t<div class=\"elementor-element elementor-element-ca267fd elementor-widget elementor-widget-text-editor\" data-id=\"ca267fd\" data-element_type=\"widget\" data-e-type=\"widget\" data-widget_type=\"text-editor.default\">\n\t\t\t\t<div class=\"elementor-widget-container\">\n\t\t\t\t\t\t\t\t\tNo hay nada como empezar la jornada con una sesi\u00f3n de yoga. Tonifica tu cuerpo y libera tu esp\u00edritu antes de comerte el d\u00eda. Te esperamos tres d\u00edas a la semana en nuestras clases de yoga a las 8:30 o 9:00 (seg\u00fan temporada), ap\u00fantate en Recepci\u00f3n. \u00a1Mens sana in corpore sano!\t\t\t\t\t\t\t\t<\/div>\n\t\t\t\t<\/div>\n\t\t\t\t<\/div>\n\t\t\t\t<\/div>\n\t\t\t\t<\/div>\n\t\t<div class=\"elementor-element elementor-element-d2889fe e-con-full e-flex e-con e-child\" data-id=\"d2889fe\" data-element_type=\"container\" data-e-type=\"container\">\n\t\t<div class=\"elementor-element elementor-element-77bf653 e-con-full e-flex e-con e-child\" data-id=\"77bf653\" data-element_type=\"container\" data-e-type=\"container\" data-settings=\"{&quot;background_background&quot;:&quot;classic&quot;}\">\n\t\t<div class=\"elementor-element elementor-element-a29e971 e-con-full e-flex e-con e-child\" data-id=\"a29e971\" data-element_type=\"container\" data-e-type=\"container\">\n\t\t\t\t<div class=\"elementor-element elementor-element-c8d6453 elementor-widget-tablet__width-initial elementor-widget elementor-widget-text-editor\" data-id=\"c8d6453\" data-element_type=\"widget\" data-e-type=\"widget\" data-widget_type=\"text-editor.default\">\n\t\t\t\t<div class=\"elementor-widget-container\">\n\t\t\t\t\t\t\t\t\t<p>parking<\/p>\t\t\t\t\t\t\t\t<\/div>\n\t\t\t\t<\/div>\n\t\t\t\t<div class=\"elementor-element elementor-element-4c96c8c elementor-widget elementor-widget-text-editor\" data-id=\"4c96c8c\" data-element_type=\"widget\" data-e-type=\"widget\" data-widget_type=\"text-editor.default\">\n\t\t\t\t<div class=\"elementor-widget-container\">\n\t\t\t\t\t\t\t\t\tAparcar en Ibiza puede ser tarea complicada. Por ello, te ofrecemos un parking cercano al hotel para que no pierdas ni un segundo de tu tiempo libre. Precio: \u20ac 16\/d\u00eda\t\t\t\t\t\t\t\t<\/div>\n\t\t\t\t<\/div>\n\t\t\t\t<\/div>\n\t\t\t\t<\/div>\n\t\t<div class=\"elementor-element elementor-element-b25ba14 e-con-full e-flex e-con e-child\" data-id=\"b25ba14\" data-element_type=\"container\" data-e-type=\"container\" data-settings=\"{&quot;background_background&quot;:&quot;classic&quot;}\">\n\t\t<div class=\"elementor-element elementor-element-c75cd74 e-con-full e-flex e-con e-child\" data-id=\"c75cd74\" data-element_type=\"container\" data-e-type=\"container\">\n\t\t\t\t<div class=\"elementor-element elementor-element-782877c elementor-widget-tablet__width-initial elementor-widget elementor-widget-text-editor\" data-id=\"782877c\" data-element_type=\"widget\" data-e-type=\"widget\" data-widget_type=\"text-editor.default\">\n\t\t\t\t<div class=\"elementor-widget-container\">\n\t\t\t\t\t\t\t\t\t<p>am\u00e0re fitness<\/p>\t\t\t\t\t\t\t\t<\/div>\n\t\t\t\t<\/div>\n\t\t\t\t<div class=\"elementor-element elementor-element-70f9fe7 elementor-widget elementor-widget-text-editor\" data-id=\"70f9fe7\" data-element_type=\"widget\" data-e-type=\"widget\" data-widget_type=\"text-editor.default\">\n\t\t\t\t<div class=\"elementor-widget-container\">\n\t\t\t\t\t\t\t\t\tNo te pongas excusas. La bicicleta, la el\u00edptica y las pesas no suenan tan mal si de fondo tienes el azul intenso del Mediterr\u00e1neo. Libera endorfinas y entrena duro con las mejores vistas de la Cala de Bou en nuestro gimnasio abierto las 24 horas y equipado con la tecnolog\u00eda de Technogym.\t\t\t\t\t\t\t\t<\/div>\n\t\t\t\t<\/div>\n\t\t\t\t<\/div>\n\t\t\t\t<\/div>\n\t\t\t\t<\/div>\n\t\t<div class=\"elementor-element elementor-element-bcfe02f e-con-full e-flex e-con e-child\" data-id=\"bcfe02f\" data-element_type=\"container\" data-e-type=\"container\">\n\t\t<div class=\"elementor-element elementor-element-b5f8fce e-con-full e-flex e-con e-child\" data-id=\"b5f8fce\" data-element_type=\"container\" data-e-type=\"container\" data-settings=\"{&quot;background_background&quot;:&quot;classic&quot;}\">\n\t\t<div class=\"elementor-element elementor-element-22ce341 e-con-full e-flex e-con e-child\" data-id=\"22ce341\" data-element_type=\"container\" data-e-type=\"container\">\n\t\t\t\t<div class=\"elementor-element elementor-element-b7e4c64 elementor-widget-tablet__width-initial elementor-widget elementor-widget-text-editor\" data-id=\"b7e4c64\" data-element_type=\"widget\" data-e-type=\"widget\" data-widget_type=\"text-editor.default\">\n\t\t\t\t<div class=\"elementor-widget-container\">\n\t\t\t\t\t\t\t\t\t<p>concierge<\/p>\t\t\t\t\t\t\t\t<\/div>\n\t\t\t\t<\/div>\n\t\t\t\t<div class=\"elementor-element elementor-element-7cd1af1 elementor-widget elementor-widget-text-editor\" data-id=\"7cd1af1\" data-element_type=\"widget\" data-e-type=\"widget\" data-widget_type=\"text-editor.default\">\n\t\t\t\t<div class=\"elementor-widget-container\">\n\t\t\t\t\t\t\t\t\tEn cualquier momento que necesites algo, h\u00e1znoslo saber. Te ayudamos con reservas para restaurantes, opciones de entretenimiento, experiencias, recomendaciones, entradas para clubs, peticiones especiales\u2026 En definitiva, en todo lo que podamos echarte una mano. S\u00f3lo ac\u00e9rcate al concierge desk, enfrente del bar del lobby. Horario de 10:00h a 18:00h.\t\t\t\t\t\t\t\t<\/div>\n\t\t\t\t<\/div>\n\t\t\t\t<\/div>\n\t\t\t\t<\/div>\n\t\t<div class=\"elementor-element elementor-element-fadbe27 e-con-full e-flex e-con e-child\" data-id=\"fadbe27\" data-element_type=\"container\" data-e-type=\"container\" data-settings=\"{&quot;background_background&quot;:&quot;classic&quot;}\">\n\t\t<div class=\"elementor-element elementor-element-d0815d7 e-con-full e-flex e-con e-child\" data-id=\"d0815d7\" data-element_type=\"container\" data-e-type=\"container\">\n\t\t\t\t<div class=\"elementor-element elementor-element-fa8802f elementor-widget-tablet__width-initial elementor-widget elementor-widget-text-editor\" data-id=\"fa8802f\" data-element_type=\"widget\" data-e-type=\"widget\" data-widget_type=\"text-editor.default\">\n\t\t\t\t<div class=\"elementor-widget-container\">\n\t\t\t\t\t\t\t\t\tVeh\u00edculos el\u00e9ctricos\t\t\t\t\t\t\t\t<\/div>\n\t\t\t\t<\/div>\n\t\t\t\t<div class=\"elementor-element elementor-element-16ac720 elementor-widget elementor-widget-text-editor\" data-id=\"16ac720\" data-element_type=\"widget\" data-e-type=\"widget\" data-widget_type=\"text-editor.default\">\n\t\t\t\t<div class=\"elementor-widget-container\">\n\t\t\t\t\t\t\t\t\t<p>El hotel pone a disposici\u00f3n de sus clientes cargadores para veh\u00edculos el\u00e9ctricos.<\/p>\n<p>\u00a0<\/p>\t\t\t\t\t\t\t\t<\/div>\n\t\t\t\t<\/div>\n\t\t\t\t<div class=\"elementor-element elementor-element-8c62123 elementor-widget elementor-widget-text-editor\" data-id=\"8c62123\" data-element_type=\"widget\" data-e-type=\"widget\" data-widget_type=\"text-editor.default\">\n\t\t\t\t<div class=\"elementor-widget-container\">\n\t\t\t\t\t\t\t\t\t<p><em>Am\u00e0re Beach Hotel Ibiza participa en el programa MOVES III, impulsado por IDAE (Instituto para la Diversificaci\u00f3n y Ahorro de la Energ\u00eda) dentro del marco del Plan de Recuperaci\u00f3n, Transformaci\u00f3n y Resiliencia.<\/em><\/p>\n<p><em>Ser beneficiario de MOVES III significa que apoyamos activamente la transici\u00f3n hacia una movilidad m\u00e1s limpia y sostenible, poniendo a disposici\u00f3n de sus clientes puntos de recarga para veh\u00edculos el\u00e9ctricos.<\/em><\/p>\t\t\t\t\t\t\t\t<\/div>\n\t\t\t\t<\/div>\n\t\t\t\t<\/div>\n\t\t\t\t<\/div>\n\t\t\t\t<\/div>\n\t\t\t\t\t<\/div>\n\t\t\t\t<\/div>\n\t\t\t\t<\/div>\n\t\t","protected":false},"excerpt":{"rendered":"<p>Servicios \/ am\u00e0re beach hotel ibiza the one Un espacio pensado para sentirse especial. Con el servicio The One acceder\u00e1s a un amplio lounge privado con vistas frontales al mar, bebidas y aperitivos de 12:00 a 20:00 h y otras ventajas como amenities en la habitaci\u00f3n.Wi-Fi gratis\u2026 Hasta en la playaHemos de reconocerlo, no podemos [&hellip;]<\/p>\n","protected":false},"author":4,"featured_media":0,"parent":24630,"menu_order":0,"comment_status":"closed","ping_status":"closed","template":"","meta":{"_acf_changed":false,"inline_featured_image":false,"site-sidebar-layout":"no-sidebar","site-content-layout":"page-builder","ast-site-content-layout":"full-width-container","site-content-style":"default","site-sidebar-style":"default","ast-global-header-display":"","ast-banner-title-visibility":"","ast-main-header-display":"","ast-hfb-above-header-display":"","ast-hfb-below-header-display":"","ast-hfb-mobile-header-display":"","site-post-title":"disabled","ast-breadcrumbs-content":"","ast-featured-img":"disabled","footer-sml-layout":"","ast-disable-related-posts":"","theme-transparent-header-meta":"","adv-header-id-meta":"","stick-header-meta":"","header-above-stick-meta":"","header-main-stick-meta":"","header-below-stick-meta":"","astra-migrate-meta-layouts":"set","ast-page-background-enabled":"default","ast-page-background-meta":{"desktop":{"background-color":"var(--ast-global-color-4)","background-image":"","background-repeat":"repeat","background-position":"center center","background-size":"auto","background-attachment":"scroll","background-type":"","background-media":"","overlay-type":"","overlay-color":"","overlay-opacity":"","overlay-gradient":""},"tablet":{"background-color":"","background-image":"","background-repeat":"repeat","background-position":"center center","background-size":"auto","background-attachment":"scroll","background-type":"","background-media":"","overlay-type":"","overlay-color":"","overlay-opacity":"","overlay-gradient":""},"mobile":{"background-color":"","background-image":"","background-repeat":"repeat","background-position":"center center","background-size":"auto","background-attachment":"scroll","background-type":"","background-media":"","overlay-type":"","overlay-color":"","overlay-opacity":"","overlay-gradient":""}},"ast-content-background-meta":{"desktop":{"background-color":"var(--ast-global-color-5)","background-image":"","background-repeat":"repeat","background-position":"center center","background-size":"auto","background-attachment":"scroll","background-type":"","background-media":"","overlay-type":"","overlay-color":"","overlay-opacity":"","overlay-gradient":""},"tablet":{"background-color":"var(--ast-global-color-5)","background-image":"","background-repeat":"repeat","background-position":"center center","background-size":"auto","background-attachment":"scroll","background-type":"","background-media":"","overlay-type":"","overlay-color":"","overlay-opacity":"","overlay-gradient":""},"mobile":{"background-color":"var(--ast-global-color-5)","background-image":"","background-repeat":"repeat","background-position":"center center","background-size":"auto","background-attachment":"scroll","background-type":"","background-media":"","overlay-type":"","overlay-color":"","overlay-opacity":"","overlay-gradient":""}},"footnotes":""},"class_list":["post-25416","page","type-page","status-publish","hentry"],"acf":[],"yoast_head":"<!-- This site is optimized with the Yoast SEO plugin v27.1.1 - https:\/\/yoast.com\/product\/yoast-seo-wordpress\/ -->\n<title>Instalaciones, Servicios y actividades | Amare Beach Hotel Ibiza<\/title>\n<meta name=\"description\" content=\"Disfrute de nuestros servicios e instalaciones, piscina, parking y otros para hacer su estancia m\u00e1s c\u00f3moda. Amare Beach Hotel Ibiza.\" \/>\n<meta name=\"robots\" content=\"index, follow, max-snippet:-1, max-image-preview:large, max-video-preview:-1\" \/>\n<link rel=\"canonical\" href=\"https:\/\/www.amarehotels.com\/es\/amare-ibiza\/servicios\/\" \/>\n<meta property=\"og:locale\" content=\"es_ES\" \/>\n<meta property=\"og:type\" content=\"article\" \/>\n<meta property=\"og:title\" content=\"Instalaciones, Servicios y actividades | Amare Beach Hotel Ibiza\" \/>\n<meta property=\"og:description\" content=\"Disfrute de nuestros servicios e instalaciones, piscina, parking y otros para hacer su estancia m\u00e1s c\u00f3moda. Amare Beach Hotel Ibiza.\" \/>\n<meta property=\"og:url\" content=\"https:\/\/www.amarehotels.com\/es\/amare-ibiza\/servicios\/\" \/>\n<meta property=\"og:site_name\" content=\"Am\u00e0re Hotels\" \/>\n<meta property=\"article:publisher\" content=\"https:\/\/www.facebook.com\/AmareHotels\/\" \/>\n<meta property=\"article:modified_time\" content=\"2025-12-03T08:16:50+00:00\" \/>\n<meta name=\"twitter:card\" content=\"summary_large_image\" \/>\n<meta name=\"twitter:site\" content=\"@amarehotels\" \/>\n<meta name=\"twitter:label1\" content=\"Tiempo de lectura\" \/>\n\t<meta name=\"twitter:data1\" content=\"2 minutos\" \/>\n<!-- \/ Yoast SEO plugin. -->","yoast_head_json":{"title":"Instalaciones, Servicios y actividades | Amare Beach Hotel Ibiza","description":"Disfrute de nuestros servicios e instalaciones, piscina, parking y otros para hacer su estancia m\u00e1s c\u00f3moda. Amare Beach Hotel Ibiza.","robots":{"index":"index","follow":"follow","max-snippet":"max-snippet:-1","max-image-preview":"max-image-preview:large","max-video-preview":"max-video-preview:-1"},"canonical":"https:\/\/www.amarehotels.com\/es\/amare-ibiza\/servicios\/","og_locale":"es_ES","og_type":"article","og_title":"Instalaciones, Servicios y actividades | Amare Beach Hotel Ibiza","og_description":"Disfrute de nuestros servicios e instalaciones, piscina, parking y otros para hacer su estancia m\u00e1s c\u00f3moda. Amare Beach Hotel Ibiza.","og_url":"https:\/\/www.amarehotels.com\/es\/amare-ibiza\/servicios\/","og_site_name":"Am\u00e0re Hotels","article_publisher":"https:\/\/www.facebook.com\/AmareHotels\/","article_modified_time":"2025-12-03T08:16:50+00:00","twitter_card":"summary_large_image","twitter_site":"@amarehotels","twitter_misc":{"Tiempo de lectura":"2 minutos"},"schema":{"@context":"https:\/\/schema.org","@graph":[{"@type":"WebPage","@id":"https:\/\/www.amarehotels.com\/es\/amare-ibiza\/servicios\/","url":"https:\/\/www.amarehotels.com\/es\/amare-ibiza\/servicios\/","name":"Instalaciones, Servicios y actividades | Amare Beach Hotel Ibiza","isPartOf":{"@id":"https:\/\/www.amarehotels.com\/es\/#website"},"datePublished":"2025-05-14T09:27:15+00:00","dateModified":"2025-12-03T08:16:50+00:00","description":"Disfrute de nuestros servicios e instalaciones, piscina, parking y otros para hacer su estancia m\u00e1s c\u00f3moda. Amare Beach Hotel Ibiza.","breadcrumb":{"@id":"https:\/\/www.amarehotels.com\/es\/amare-ibiza\/servicios\/#breadcrumb"},"inLanguage":"es","potentialAction":[{"@type":"ReadAction","target":["https:\/\/www.amarehotels.com\/es\/amare-ibiza\/servicios\/"]}]},{"@type":"BreadcrumbList","@id":"https:\/\/www.amarehotels.com\/es\/amare-ibiza\/servicios\/#breadcrumb","itemListElement":[{"@type":"ListItem","position":1,"name":"Home","item":"https:\/\/www.amarehotels.com\/es\/"},{"@type":"ListItem","position":2,"name":"AM\u00c0RE BEACH HOTEL IBIZA","item":"https:\/\/www.amarehotels.com\/es\/amare-ibiza\/"},{"@type":"ListItem","position":3,"name":"Servicios"}]},{"@type":"WebSite","@id":"https:\/\/www.amarehotels.com\/es\/#website","url":"https:\/\/www.amarehotels.com\/es\/","name":"Am\u00e0re Hotels","description":"","publisher":{"@id":"https:\/\/www.amarehotels.com\/es\/#organization"},"potentialAction":[{"@type":"SearchAction","target":{"@type":"EntryPoint","urlTemplate":"https:\/\/www.amarehotels.com\/es\/?s={search_term_string}"},"query-input":{"@type":"PropertyValueSpecification","valueRequired":true,"valueName":"search_term_string"}}],"inLanguage":"es"},{"@type":"Organization","@id":"https:\/\/www.amarehotels.com\/es\/#organization","name":"Am\u00e0re Hotels","url":"https:\/\/www.amarehotels.com\/es\/","logo":{"@type":"ImageObject","inLanguage":"es","@id":"https:\/\/www.amarehotels.com\/es\/#\/schema\/logo\/image\/","url":"https:\/\/www.amarehotels.com\/wp-content\/uploads\/2025\/11\/amare-hotels.jpg","contentUrl":"https:\/\/www.amarehotels.com\/wp-content\/uploads\/2025\/11\/amare-hotels.jpg","width":1640,"height":888,"caption":"Am\u00e0re Hotels"},"image":{"@id":"https:\/\/www.amarehotels.com\/es\/#\/schema\/logo\/image\/"},"sameAs":["https:\/\/www.facebook.com\/AmareHotels\/","https:\/\/x.com\/amarehotels","https:\/\/www.instagram.com\/amarehotels\/","https:\/\/www.youtube.com\/c\/AmareHotels","https:\/\/soundcloud.com\/amarehotels"]}]}},"_links":{"self":[{"href":"https:\/\/www.amarehotels.com\/es\/wp-json\/wp\/v2\/pages\/25416","targetHints":{"allow":["GET"]}}],"collection":[{"href":"https:\/\/www.amarehotels.com\/es\/wp-json\/wp\/v2\/pages"}],"about":[{"href":"https:\/\/www.amarehotels.com\/es\/wp-json\/wp\/v2\/types\/page"}],"author":[{"embeddable":true,"href":"https:\/\/www.amarehotels.com\/es\/wp-json\/wp\/v2\/users\/4"}],"replies":[{"embeddable":true,"href":"https:\/\/www.amarehotels.com\/es\/wp-json\/wp\/v2\/comments?post=25416"}],"version-history":[{"count":0,"href":"https:\/\/www.amarehotels.com\/es\/wp-json\/wp\/v2\/pages\/25416\/revisions"}],"up":[{"embeddable":true,"href":"https:\/\/www.amarehotels.com\/es\/wp-json\/wp\/v2\/pages\/24630"}],"wp:attachment":[{"href":"https:\/\/www.amarehotels.com\/es\/wp-json\/wp\/v2\/media?parent=25416"}],"curies":[{"name":"wp","href":"https:\/\/api.w.org\/{rel}","templated":true}]}}