{"id":32394,"date":"2025-10-31T13:53:24","date_gmt":"2025-10-31T12:53:24","guid":{"rendered":"https:\/\/www.amarehotels.com\/choose-your-room\/"},"modified":"2026-02-19T10:02:22","modified_gmt":"2026-02-19T09:02:22","slug":"elige-tu-habitacion","status":"publish","type":"page","link":"https:\/\/www.amarehotels.com\/es\/elige-tu-habitacion\/","title":{"rendered":"Choose your room"},"content":{"rendered":"\t\t<div data-elementor-type=\"wp-page\" data-elementor-id=\"32394\" class=\"elementor elementor-32394 elementor-31049\" data-elementor-post-type=\"page\">\n\t\t\t\t<div class=\"elementor-element elementor-element-7f67bfb e-flex e-con-boxed e-con e-child\" data-id=\"7f67bfb\" data-element_type=\"container\" data-e-type=\"container\">\n\t\t\t\t\t<div class=\"e-con-inner\">\n\t\t<div class=\"elementor-element elementor-element-1c84127 e-con-full amh_hero_gradient e-flex e-con e-child\" data-id=\"1c84127\" data-element_type=\"container\" data-e-type=\"container\" data-settings=\"{&quot;background_background&quot;:&quot;classic&quot;}\">\n\t\t\t\t<\/div>\n\t\t\t\t\t<\/div>\n\t\t\t\t<\/div>\n\t\t<div class=\"elementor-element elementor-element-fd9af45 e-flex e-con-boxed e-con e-child\" data-id=\"fd9af45\" data-element_type=\"container\" data-e-type=\"container\">\n\t\t\t\t\t<div class=\"e-con-inner\">\n\t\t\t\t<div class=\"elementor-element elementor-element-dead490 elementor-widget elementor-widget-text-editor\" data-id=\"dead490\" data-element_type=\"widget\" data-e-type=\"widget\" data-widget_type=\"text-editor.default\">\n\t\t\t\t<div class=\"elementor-widget-container\">\n\t\t\t\t\t\t\t\t\t<p>\/ NO TE CONFORMES CON LO EST\u00c1NDAR, VE M\u00c1S ALL\u00c1<\/p>\t\t\t\t\t\t\t\t<\/div>\n\t\t\t\t<\/div>\n\t\t\t\t<div class=\"elementor-element elementor-element-082e26e elementor-widget__width-initial elementor-widget elementor-widget-heading\" data-id=\"082e26e\" data-element_type=\"widget\" data-e-type=\"widget\" data-widget_type=\"heading.default\">\n\t\t\t\t<div class=\"elementor-widget-container\">\n\t\t\t\t\t<h1 class=\"elementor-heading-title elementor-size-default\">Elige tu habitaci\u00f3n<\/h1>\t\t\t\t<\/div>\n\t\t\t\t<\/div>\n\t\t\t\t<div class=\"elementor-element elementor-element-fcd9113 elementor-widget elementor-widget-text-editor\" data-id=\"fcd9113\" data-element_type=\"widget\" data-e-type=\"widget\" data-widget_type=\"text-editor.default\">\n\t\t\t\t<div class=\"elementor-widget-container\">\n\t\t\t\t\t\t\t\t\t<p>\u00bfPor qu\u00e9 conformarte con lo b\u00e1sico cuando puedes personalizar tu estancia desde el principio? Elige tu habitaci\u00f3n y ten el control total. Piso alto, piso bajo, esquina\u2026<strong>\u00a0\u00a1Tu habitaci\u00f3n, tu elecci\u00f3n!<\/strong>\u00a0S\u00f3lo disponible en Am\u00e0re Ibiza.<\/p>\t\t\t\t\t\t\t\t<\/div>\n\t\t\t\t<\/div>\n\t\t\t\t\t<\/div>\n\t\t\t\t<\/div>\n\t\t<div class=\"elementor-element elementor-element-dd66f4e e-flex e-con-boxed e-con e-parent\" data-id=\"dd66f4e\" data-element_type=\"container\" data-e-type=\"container\">\n\t\t\t\t\t<div class=\"e-con-inner\">\n\t\t\t\t<div class=\"elementor-element elementor-element-16f656a elementor-widget elementor-widget-html\" data-id=\"16f656a\" data-element_type=\"widget\" data-e-type=\"widget\" data-widget_type=\"html.default\">\n\t\t\t\t<div class=\"elementor-widget-container\">\n\t\t\t\t\t<div style=\"max-width: 1200px; margin: 0px auto\">\n<div\nid=\"hv\"\ndata-hvhotelid=\"6\"\ndata-hvclientid=\"7\"\ndata-hvproduct=\"ChooseYourRoom\"\ndata-hvaccesstokenhv=\"eyJzaWduYXR1cmUiOiAiMzg4NGFmNzY3OTA0YTliNmQ0NWJiYzZjYWUwZGExNDc5M2ZkMmRjYTlhY2JjNGQxMmY5ZTM4MTg5NTAwYTVlNDRiMTJlODFmNWM5MjVjMjA1ZGQ1MGUzNzcxYzU1YzE3NTEwMGM1NDIyZTA5ZTEyZmY1MGRhODUwYTFlZWJjNGQiLCAidGltZXN0YW1wIjogMTcxMTQ3MTgyN30=\"\ndata-hvcommandsinterface=\"eyJjb21tYW5kc0ludGVyZmFjZSI6eyJkaXNhYmxlZEJhY2tCdXR0b24iOnRydWUsIm1ldHJpY3MiOnRydWV9LCJhbGciOiJIUzI1NiJ9\"\ndata-hvlanguage=\"es\" --en,de,fr...\n<\/div>\n<script src=\"https:\/\/cdn.hotelverse.tech\/scripts\/embed.js\"><\/script>\n<script src=\"https:\/\/cdn.hotelverse.tech\/scripts\/interfaceListener.js\"><\/script>\n<\/div>\t\t\t\t<\/div>\n\t\t\t\t<\/div>\n\t\t\t\t\t<\/div>\n\t\t\t\t<\/div>\n\t\t\t\t<\/div>\n\t\t","protected":false},"excerpt":{"rendered":"<p>\/ NO TE CONFORMES CON LO EST\u00c1NDAR, VE M\u00c1S ALL\u00c1 Elige tu habitaci\u00f3n \u00bfPor qu\u00e9 conformarte con lo b\u00e1sico cuando puedes personalizar tu estancia desde el principio? Elige tu habitaci\u00f3n y ten el control total. Piso alto, piso bajo, esquina\u2026\u00a0\u00a1Tu habitaci\u00f3n, tu elecci\u00f3n!\u00a0S\u00f3lo disponible en Am\u00e0re Ibiza.<\/p>\n","protected":false},"author":2,"featured_media":0,"parent":0,"menu_order":0,"comment_status":"closed","ping_status":"closed","template":"","meta":{"_acf_changed":false,"inline_featured_image":false,"site-sidebar-layout":"no-sidebar","site-content-layout":"page-builder","ast-site-content-layout":"full-width-container","site-content-style":"default","site-sidebar-style":"default","ast-global-header-display":"","ast-banner-title-visibility":"","ast-main-header-display":"","ast-hfb-above-header-display":"","ast-hfb-below-header-display":"","ast-hfb-mobile-header-display":"","site-post-title":"","ast-breadcrumbs-content":"","ast-featured-img":"disabled","footer-sml-layout":"","ast-disable-related-posts":"","theme-transparent-header-meta":"","adv-header-id-meta":"","stick-header-meta":"","header-above-stick-meta":"","header-main-stick-meta":"","header-below-stick-meta":"","astra-migrate-meta-layouts":"set","ast-page-background-enabled":"default","ast-page-background-meta":{"desktop":{"background-color":"var(--ast-global-color-4)","background-image":"","background-repeat":"repeat","background-position":"center center","background-size":"auto","background-attachment":"scroll","background-type":"","background-media":"","overlay-type":"","overlay-color":"","overlay-opacity":"","overlay-gradient":""},"tablet":{"background-color":"","background-image":"","background-repeat":"repeat","background-position":"center center","background-size":"auto","background-attachment":"scroll","background-type":"","background-media":"","overlay-type":"","overlay-color":"","overlay-opacity":"","overlay-gradient":""},"mobile":{"background-color":"","background-image":"","background-repeat":"repeat","background-position":"center center","background-size":"auto","background-attachment":"scroll","background-type":"","background-media":"","overlay-type":"","overlay-color":"","overlay-opacity":"","overlay-gradient":""}},"ast-content-background-meta":{"desktop":{"background-color":"var(--ast-global-color-5)","background-image":"","background-repeat":"repeat","background-position":"center center","background-size":"auto","background-attachment":"scroll","background-type":"","background-media":"","overlay-type":"","overlay-color":"","overlay-opacity":"","overlay-gradient":""},"tablet":{"background-color":"var(--ast-global-color-5)","background-image":"","background-repeat":"repeat","background-position":"center center","background-size":"auto","background-attachment":"scroll","background-type":"","background-media":"","overlay-type":"","overlay-color":"","overlay-opacity":"","overlay-gradient":""},"mobile":{"background-color":"var(--ast-global-color-5)","background-image":"","background-repeat":"repeat","background-position":"center center","background-size":"auto","background-attachment":"scroll","background-type":"","background-media":"","overlay-type":"","overlay-color":"","overlay-opacity":"","overlay-gradient":""}},"footnotes":""},"class_list":["post-32394","page","type-page","status-publish","hentry"],"acf":[],"yoast_head":"<!-- This site is optimized with the Yoast SEO plugin v27.1.1 - https:\/\/yoast.com\/product\/yoast-seo-wordpress\/ -->\n<title>Elige tu habitaci\u00f3n | Am\u00e0re Beach Hotel Ibiza<\/title>\n<meta name=\"description\" content=\"\u00bfPor qu\u00e9 conformarte con lo b\u00e1sico cuando puedes personalizar tu estancia desde el principio? Elige tu habitaci\u00f3n y ten el control total.\" \/>\n<meta name=\"robots\" content=\"index, follow, max-snippet:-1, max-image-preview:large, max-video-preview:-1\" \/>\n<link rel=\"canonical\" href=\"https:\/\/www.amarehotels.com\/es\/elige-tu-habitacion\/\" \/>\n<meta property=\"og:locale\" content=\"es_ES\" \/>\n<meta property=\"og:type\" content=\"article\" \/>\n<meta property=\"og:title\" content=\"Elige tu habitaci\u00f3n | Am\u00e0re Beach Hotel Ibiza\" \/>\n<meta property=\"og:description\" content=\"\u00bfPor qu\u00e9 conformarte con lo b\u00e1sico cuando puedes personalizar tu estancia desde el principio? Elige tu habitaci\u00f3n y ten el control total.\" \/>\n<meta property=\"og:url\" content=\"https:\/\/www.amarehotels.com\/es\/elige-tu-habitacion\/\" \/>\n<meta property=\"og:site_name\" content=\"Am\u00e0re Hotels\" \/>\n<meta property=\"article:publisher\" content=\"https:\/\/www.facebook.com\/AmareHotels\/\" \/>\n<meta property=\"article:modified_time\" content=\"2026-02-19T09:02:22+00:00\" \/>\n<meta name=\"twitter:card\" content=\"summary_large_image\" \/>\n<meta name=\"twitter:site\" content=\"@amarehotels\" \/>\n<meta name=\"twitter:label1\" content=\"Tiempo de lectura\" \/>\n\t<meta name=\"twitter:data1\" content=\"1 minuto\" \/>\n<!-- \/ Yoast SEO plugin. -->","yoast_head_json":{"title":"Elige tu habitaci\u00f3n | Am\u00e0re Beach Hotel Ibiza","description":"\u00bfPor qu\u00e9 conformarte con lo b\u00e1sico cuando puedes personalizar tu estancia desde el principio? Elige tu habitaci\u00f3n y ten el control total.","robots":{"index":"index","follow":"follow","max-snippet":"max-snippet:-1","max-image-preview":"max-image-preview:large","max-video-preview":"max-video-preview:-1"},"canonical":"https:\/\/www.amarehotels.com\/es\/elige-tu-habitacion\/","og_locale":"es_ES","og_type":"article","og_title":"Elige tu habitaci\u00f3n | Am\u00e0re Beach Hotel Ibiza","og_description":"\u00bfPor qu\u00e9 conformarte con lo b\u00e1sico cuando puedes personalizar tu estancia desde el principio? Elige tu habitaci\u00f3n y ten el control total.","og_url":"https:\/\/www.amarehotels.com\/es\/elige-tu-habitacion\/","og_site_name":"Am\u00e0re Hotels","article_publisher":"https:\/\/www.facebook.com\/AmareHotels\/","article_modified_time":"2026-02-19T09:02:22+00:00","twitter_card":"summary_large_image","twitter_site":"@amarehotels","twitter_misc":{"Tiempo de lectura":"1 minuto"},"schema":{"@context":"https:\/\/schema.org","@graph":[{"@type":"WebPage","@id":"https:\/\/www.amarehotels.com\/es\/elige-tu-habitacion\/","url":"https:\/\/www.amarehotels.com\/es\/elige-tu-habitacion\/","name":"Elige tu habitaci\u00f3n | Am\u00e0re Beach Hotel Ibiza","isPartOf":{"@id":"https:\/\/www.amarehotels.com\/es\/#website"},"datePublished":"2025-10-31T12:53:24+00:00","dateModified":"2026-02-19T09:02:22+00:00","description":"\u00bfPor qu\u00e9 conformarte con lo b\u00e1sico cuando puedes personalizar tu estancia desde el principio? Elige tu habitaci\u00f3n y ten el control total.","breadcrumb":{"@id":"https:\/\/www.amarehotels.com\/es\/elige-tu-habitacion\/#breadcrumb"},"inLanguage":"es","potentialAction":[{"@type":"ReadAction","target":["https:\/\/www.amarehotels.com\/es\/elige-tu-habitacion\/"]}]},{"@type":"BreadcrumbList","@id":"https:\/\/www.amarehotels.com\/es\/elige-tu-habitacion\/#breadcrumb","itemListElement":[{"@type":"ListItem","position":1,"name":"Home","item":"https:\/\/www.amarehotels.com\/es\/"},{"@type":"ListItem","position":2,"name":"Choose your room"}]},{"@type":"WebSite","@id":"https:\/\/www.amarehotels.com\/es\/#website","url":"https:\/\/www.amarehotels.com\/es\/","name":"Am\u00e0re Hotels","description":"","publisher":{"@id":"https:\/\/www.amarehotels.com\/es\/#organization"},"potentialAction":[{"@type":"SearchAction","target":{"@type":"EntryPoint","urlTemplate":"https:\/\/www.amarehotels.com\/es\/?s={search_term_string}"},"query-input":{"@type":"PropertyValueSpecification","valueRequired":true,"valueName":"search_term_string"}}],"inLanguage":"es"},{"@type":"Organization","@id":"https:\/\/www.amarehotels.com\/es\/#organization","name":"Am\u00e0re Hotels","url":"https:\/\/www.amarehotels.com\/es\/","logo":{"@type":"ImageObject","inLanguage":"es","@id":"https:\/\/www.amarehotels.com\/es\/#\/schema\/logo\/image\/","url":"https:\/\/www.amarehotels.com\/wp-content\/uploads\/2025\/11\/amare-hotels.jpg","contentUrl":"https:\/\/www.amarehotels.com\/wp-content\/uploads\/2025\/11\/amare-hotels.jpg","width":1640,"height":888,"caption":"Am\u00e0re Hotels"},"image":{"@id":"https:\/\/www.amarehotels.com\/es\/#\/schema\/logo\/image\/"},"sameAs":["https:\/\/www.facebook.com\/AmareHotels\/","https:\/\/x.com\/amarehotels","https:\/\/www.instagram.com\/amarehotels\/","https:\/\/www.youtube.com\/c\/AmareHotels","https:\/\/soundcloud.com\/amarehotels"]}]}},"_links":{"self":[{"href":"https:\/\/www.amarehotels.com\/es\/wp-json\/wp\/v2\/pages\/32394","targetHints":{"allow":["GET"]}}],"collection":[{"href":"https:\/\/www.amarehotels.com\/es\/wp-json\/wp\/v2\/pages"}],"about":[{"href":"https:\/\/www.amarehotels.com\/es\/wp-json\/wp\/v2\/types\/page"}],"author":[{"embeddable":true,"href":"https:\/\/www.amarehotels.com\/es\/wp-json\/wp\/v2\/users\/2"}],"replies":[{"embeddable":true,"href":"https:\/\/www.amarehotels.com\/es\/wp-json\/wp\/v2\/comments?post=32394"}],"version-history":[{"count":6,"href":"https:\/\/www.amarehotels.com\/es\/wp-json\/wp\/v2\/pages\/32394\/revisions"}],"predecessor-version":[{"id":38299,"href":"https:\/\/www.amarehotels.com\/es\/wp-json\/wp\/v2\/pages\/32394\/revisions\/38299"}],"wp:attachment":[{"href":"https:\/\/www.amarehotels.com\/es\/wp-json\/wp\/v2\/media?parent=32394"}],"curies":[{"name":"wp","href":"https:\/\/api.w.org\/{rel}","templated":true}]}}