{"id":34772,"date":"2025-12-17T12:06:58","date_gmt":"2025-12-17T11:06:58","guid":{"rendered":"https:\/\/www.amarehotels.com\/?page_id=34772"},"modified":"2025-12-17T12:26:19","modified_gmt":"2025-12-17T11:26:19","slug":"info-legal-mail","status":"publish","type":"page","link":"https:\/\/www.amarehotels.com\/es\/info-legal-mail\/","title":{"rendered":"Informaci\u00f3n b\u00e1sica sobre protecci\u00f3n de datos personales y confidencialidad"},"content":{"rendered":"\t\t<div data-elementor-type=\"wp-page\" data-elementor-id=\"34772\" class=\"elementor elementor-34772\" data-elementor-post-type=\"page\">\n\t\t\t\t<div class=\"elementor-element elementor-element-16e78c7 e-flex e-con-boxed e-con e-parent\" data-id=\"16e78c7\" data-element_type=\"container\" data-e-type=\"container\">\n\t\t\t\t\t<div class=\"e-con-inner\">\n\t\t<div class=\"elementor-element elementor-element-9090587 e-con-full e-flex e-con e-child\" data-id=\"9090587\" data-element_type=\"container\" data-e-type=\"container\">\n\t\t<div class=\"elementor-element elementor-element-e402de1 e-con-full e-flex e-con e-child\" data-id=\"e402de1\" data-element_type=\"container\" data-e-type=\"container\">\n\t\t\t\t<div class=\"elementor-element elementor-element-f8e2d3c elementor-widget-tablet__width-initial elementor-widget elementor-widget-text-editor\" data-id=\"f8e2d3c\" data-element_type=\"widget\" data-e-type=\"widget\" data-widget_type=\"text-editor.default\">\n\t\t\t\t<div class=\"elementor-widget-container\">\n\t\t\t\t\t\t\t\t\t<p>\/ am\u00e0re hotels<\/p>\t\t\t\t\t\t\t\t<\/div>\n\t\t\t\t<\/div>\n\t\t\t\t<div class=\"elementor-element elementor-element-ef17537 elementor-widget elementor-widget-heading\" data-id=\"ef17537\" data-element_type=\"widget\" data-e-type=\"widget\" data-widget_type=\"heading.default\">\n\t\t\t\t<div class=\"elementor-widget-container\">\n\t\t\t\t\t<h1 class=\"elementor-heading-title elementor-size-default\">Informaci\u00f3n b\u00e1sica sobre protecci\u00f3n de datos personales y confidencialidad<\/h1>\t\t\t\t<\/div>\n\t\t\t\t<\/div>\n\t\t\t\t<\/div>\n\t\t\t\t<div class=\"elementor-element elementor-element-6233c4f elementor-widget elementor-widget-text-editor\" data-id=\"6233c4f\" data-element_type=\"widget\" data-e-type=\"widget\" data-widget_type=\"text-editor.default\">\n\t\t\t\t<div class=\"elementor-widget-container\">\n\t\t\t\t\t\t\t\t\t<p><strong>Informaci\u00f3n b\u00e1sica sobre protecci\u00f3n de datos de car\u00e1cter personal:<\/strong> Fuertegroup S.L., como responsable del tratamiento, le informa que sus datos personales ser\u00e1n tratados para gestionar el canal de denuncias (sistema interno de informaci\u00f3n). Usted tiene derecho a acceder, rectificar y suprimir los datos, as\u00ed como otros derechos, que puede ejercer dirigi\u00e9ndose al correo electr\u00f3nico <a href=\"mailto:infogrupo@fuerte-group.com\">infogrupo@fuerte-group.com<\/a>. Disponemos de delegado de protecci\u00f3n de datos con el que puede comunicar en el correo <a href=\"mailto:dpo@winchannel.es\">dpo@fuertegroup.com<\/a>. Puede encontrar informaci\u00f3n adicional y completa sobre privacidad en este enlace web: <strong><a href=\"https:\/\/www.fuerte-group.com\/sistema-interno-de-informacion\/\" target=\"_blank\" rel=\"noopener\">Sistema interno de informaci\u00f3n, Fuerte Group Hotels<\/a><\/strong><\/p><p>\u00a0<\/p><p>Este mensaje y los correos anexos son confidenciales y van dirigidos s\u00f3lo al destinatario. Si recibe el correo por error le rogamos lo elimine de su sistema y nos avise lo antes posible. No podr\u00e1 hacer uso de su contenido.<\/p>\t\t\t\t\t\t\t\t<\/div>\n\t\t\t\t<\/div>\n\t\t\t\t<\/div>\n\t\t\t\t\t<\/div>\n\t\t\t\t<\/div>\n\t\t\t\t<\/div>\n\t\t","protected":false},"excerpt":{"rendered":"<p>\/ am\u00e0re hotels Informaci\u00f3n b\u00e1sica sobre protecci\u00f3n de datos personales y confidencialidad Informaci\u00f3n b\u00e1sica sobre protecci\u00f3n de datos de car\u00e1cter personal: Fuertegroup S.L., como responsable del tratamiento, le informa que sus datos personales ser\u00e1n tratados para gestionar el canal de denuncias (sistema interno de informaci\u00f3n). Usted tiene derecho a acceder, rectificar y suprimir los datos, [&hellip;]<\/p>\n","protected":false},"author":3,"featured_media":0,"parent":0,"menu_order":0,"comment_status":"closed","ping_status":"closed","template":"","meta":{"_acf_changed":false,"inline_featured_image":false,"site-sidebar-layout":"no-sidebar","site-content-layout":"page-builder","ast-site-content-layout":"full-width-container","site-content-style":"default","site-sidebar-style":"default","ast-global-header-display":"","ast-banner-title-visibility":"","ast-main-header-display":"","ast-hfb-above-header-display":"","ast-hfb-below-header-display":"","ast-hfb-mobile-header-display":"","site-post-title":"disabled","ast-breadcrumbs-content":"","ast-featured-img":"disabled","footer-sml-layout":"","ast-disable-related-posts":"","theme-transparent-header-meta":"","adv-header-id-meta":"","stick-header-meta":"","header-above-stick-meta":"","header-main-stick-meta":"","header-below-stick-meta":"","astra-migrate-meta-layouts":"set","ast-page-background-enabled":"default","ast-page-background-meta":{"desktop":{"background-color":"var(--ast-global-color-4)","background-image":"","background-repeat":"repeat","background-position":"center center","background-size":"auto","background-attachment":"scroll","background-type":"","background-media":"","overlay-type":"","overlay-color":"","overlay-opacity":"","overlay-gradient":""},"tablet":{"background-color":"","background-image":"","background-repeat":"repeat","background-position":"center center","background-size":"auto","background-attachment":"scroll","background-type":"","background-media":"","overlay-type":"","overlay-color":"","overlay-opacity":"","overlay-gradient":""},"mobile":{"background-color":"","background-image":"","background-repeat":"repeat","background-position":"center center","background-size":"auto","background-attachment":"scroll","background-type":"","background-media":"","overlay-type":"","overlay-color":"","overlay-opacity":"","overlay-gradient":""}},"ast-content-background-meta":{"desktop":{"background-color":"var(--ast-global-color-5)","background-image":"","background-repeat":"repeat","background-position":"center center","background-size":"auto","background-attachment":"scroll","background-type":"","background-media":"","overlay-type":"","overlay-color":"","overlay-opacity":"","overlay-gradient":""},"tablet":{"background-color":"var(--ast-global-color-5)","background-image":"","background-repeat":"repeat","background-position":"center center","background-size":"auto","background-attachment":"scroll","background-type":"","background-media":"","overlay-type":"","overlay-color":"","overlay-opacity":"","overlay-gradient":""},"mobile":{"background-color":"var(--ast-global-color-5)","background-image":"","background-repeat":"repeat","background-position":"center center","background-size":"auto","background-attachment":"scroll","background-type":"","background-media":"","overlay-type":"","overlay-color":"","overlay-opacity":"","overlay-gradient":""}},"footnotes":""},"class_list":["post-34772","page","type-page","status-publish","hentry"],"acf":[],"yoast_head":"<!-- This site is optimized with the Yoast SEO plugin v27.1.1 - https:\/\/yoast.com\/product\/yoast-seo-wordpress\/ -->\n<title>Protecci\u00f3n de datos personales y confidencialidad<\/title>\n<meta name=\"description\" content=\"Informaci\u00f3n b\u00e1sica sobre protecci\u00f3n de datos personales y confidencialidad\" \/>\n<meta name=\"robots\" content=\"noindex, follow\" \/>\n<meta property=\"og:locale\" content=\"es_ES\" \/>\n<meta property=\"og:type\" content=\"article\" \/>\n<meta property=\"og:title\" content=\"Protecci\u00f3n de datos personales y confidencialidad\" \/>\n<meta property=\"og:description\" content=\"Informaci\u00f3n b\u00e1sica sobre protecci\u00f3n de datos personales y confidencialidad\" \/>\n<meta property=\"og:url\" content=\"https:\/\/www.amarehotels.com\/es\/info-legal-mail\/\" \/>\n<meta property=\"og:site_name\" content=\"Am\u00e0re Hotels\" \/>\n<meta property=\"article:publisher\" content=\"https:\/\/www.facebook.com\/AmareHotels\/\" \/>\n<meta property=\"article:modified_time\" content=\"2025-12-17T11:26:19+00:00\" \/>\n<meta name=\"twitter:card\" content=\"summary_large_image\" \/>\n<meta name=\"twitter:site\" content=\"@amarehotels\" \/>\n<meta name=\"twitter:label1\" content=\"Tiempo de lectura\" \/>\n\t<meta name=\"twitter:data1\" content=\"1 minuto\" \/>\n<!-- \/ Yoast SEO plugin. -->","yoast_head_json":{"title":"Protecci\u00f3n de datos personales y confidencialidad","description":"Informaci\u00f3n b\u00e1sica sobre protecci\u00f3n de datos personales y confidencialidad","robots":{"index":"noindex","follow":"follow"},"og_locale":"es_ES","og_type":"article","og_title":"Protecci\u00f3n de datos personales y confidencialidad","og_description":"Informaci\u00f3n b\u00e1sica sobre protecci\u00f3n de datos personales y confidencialidad","og_url":"https:\/\/www.amarehotels.com\/es\/info-legal-mail\/","og_site_name":"Am\u00e0re Hotels","article_publisher":"https:\/\/www.facebook.com\/AmareHotels\/","article_modified_time":"2025-12-17T11:26:19+00:00","twitter_card":"summary_large_image","twitter_site":"@amarehotels","twitter_misc":{"Tiempo de lectura":"1 minuto"},"schema":{"@context":"https:\/\/schema.org","@graph":[{"@type":"WebPage","@id":"https:\/\/www.amarehotels.com\/es\/info-legal-mail\/","url":"https:\/\/www.amarehotels.com\/es\/info-legal-mail\/","name":"Protecci\u00f3n de datos personales y confidencialidad","isPartOf":{"@id":"https:\/\/www.amarehotels.com\/es\/#website"},"datePublished":"2025-12-17T11:06:58+00:00","dateModified":"2025-12-17T11:26:19+00:00","description":"Informaci\u00f3n b\u00e1sica sobre protecci\u00f3n de datos personales y confidencialidad","breadcrumb":{"@id":"https:\/\/www.amarehotels.com\/es\/info-legal-mail\/#breadcrumb"},"inLanguage":"es","potentialAction":[{"@type":"ReadAction","target":["https:\/\/www.amarehotels.com\/es\/info-legal-mail\/"]}]},{"@type":"BreadcrumbList","@id":"https:\/\/www.amarehotels.com\/es\/info-legal-mail\/#breadcrumb","itemListElement":[{"@type":"ListItem","position":1,"name":"Home","item":"https:\/\/www.amarehotels.com\/es\/"},{"@type":"ListItem","position":2,"name":"Informaci\u00f3n b\u00e1sica sobre protecci\u00f3n de datos personales y confidencialidad"}]},{"@type":"WebSite","@id":"https:\/\/www.amarehotels.com\/es\/#website","url":"https:\/\/www.amarehotels.com\/es\/","name":"Am\u00e0re Hotels","description":"","publisher":{"@id":"https:\/\/www.amarehotels.com\/es\/#organization"},"potentialAction":[{"@type":"SearchAction","target":{"@type":"EntryPoint","urlTemplate":"https:\/\/www.amarehotels.com\/es\/?s={search_term_string}"},"query-input":{"@type":"PropertyValueSpecification","valueRequired":true,"valueName":"search_term_string"}}],"inLanguage":"es"},{"@type":"Organization","@id":"https:\/\/www.amarehotels.com\/es\/#organization","name":"Am\u00e0re Hotels","url":"https:\/\/www.amarehotels.com\/es\/","logo":{"@type":"ImageObject","inLanguage":"es","@id":"https:\/\/www.amarehotels.com\/es\/#\/schema\/logo\/image\/","url":"https:\/\/www.amarehotels.com\/wp-content\/uploads\/2025\/11\/amare-hotels.jpg","contentUrl":"https:\/\/www.amarehotels.com\/wp-content\/uploads\/2025\/11\/amare-hotels.jpg","width":1640,"height":888,"caption":"Am\u00e0re Hotels"},"image":{"@id":"https:\/\/www.amarehotels.com\/es\/#\/schema\/logo\/image\/"},"sameAs":["https:\/\/www.facebook.com\/AmareHotels\/","https:\/\/x.com\/amarehotels","https:\/\/www.instagram.com\/amarehotels\/","https:\/\/www.youtube.com\/c\/AmareHotels","https:\/\/soundcloud.com\/amarehotels"]}]}},"_links":{"self":[{"href":"https:\/\/www.amarehotels.com\/es\/wp-json\/wp\/v2\/pages\/34772","targetHints":{"allow":["GET"]}}],"collection":[{"href":"https:\/\/www.amarehotels.com\/es\/wp-json\/wp\/v2\/pages"}],"about":[{"href":"https:\/\/www.amarehotels.com\/es\/wp-json\/wp\/v2\/types\/page"}],"author":[{"embeddable":true,"href":"https:\/\/www.amarehotels.com\/es\/wp-json\/wp\/v2\/users\/3"}],"replies":[{"embeddable":true,"href":"https:\/\/www.amarehotels.com\/es\/wp-json\/wp\/v2\/comments?post=34772"}],"version-history":[{"count":9,"href":"https:\/\/www.amarehotels.com\/es\/wp-json\/wp\/v2\/pages\/34772\/revisions"}],"predecessor-version":[{"id":34791,"href":"https:\/\/www.amarehotels.com\/es\/wp-json\/wp\/v2\/pages\/34772\/revisions\/34791"}],"wp:attachment":[{"href":"https:\/\/www.amarehotels.com\/es\/wp-json\/wp\/v2\/media?parent=34772"}],"curies":[{"name":"wp","href":"https:\/\/api.w.org\/{rel}","templated":true}]}}