{"id":25414,"date":"2025-05-14T11:27:15","date_gmt":"2025-05-14T09:27:15","guid":{"rendered":"https:\/\/www.amarehotels.com\/amare-ibiza\/services\/"},"modified":"2025-12-03T09:18:07","modified_gmt":"2025-12-03T08:18:07","slug":"services","status":"publish","type":"page","link":"https:\/\/www.amarehotels.com\/fr\/amare-ibiza\/services\/","title":{"rendered":"Services"},"content":{"rendered":"\t\t<div data-elementor-type=\"wp-page\" data-elementor-id=\"25414\" class=\"elementor elementor-25414 elementor-3392\" data-elementor-post-type=\"page\">\n\t\t\t\t<div class=\"elementor-element elementor-element-6f9beb9 e-flex e-con-boxed e-con e-parent\" data-id=\"6f9beb9\" data-element_type=\"container\" data-e-type=\"container\">\n\t\t\t\t\t<div class=\"e-con-inner\">\n\t\t<div class=\"elementor-element elementor-element-df8ef4d e-con-full e-flex e-con e-child\" data-id=\"df8ef4d\" data-element_type=\"container\" data-e-type=\"container\">\n\t\t\t\t<div class=\"elementor-element elementor-element-cf8df47 elementor-widget elementor-widget-heading\" data-id=\"cf8df47\" data-element_type=\"widget\" data-e-type=\"widget\" data-widget_type=\"heading.default\">\n\t\t\t\t<div class=\"elementor-widget-container\">\n\t\t\t\t\t<h1 class=\"elementor-heading-title elementor-size-default\">Services<\/h1>\t\t\t\t<\/div>\n\t\t\t\t<\/div>\n\t\t\t\t<div class=\"elementor-element elementor-element-2d8f30d elementor-widget-tablet__width-initial elementor-widget elementor-widget-text-editor\" data-id=\"2d8f30d\" data-element_type=\"widget\" data-e-type=\"widget\" data-widget_type=\"text-editor.default\">\n\t\t\t\t<div class=\"elementor-widget-container\">\n\t\t\t\t\t\t\t\t\t<p>\/ am\u00e0re beach hotel ibiza<\/p>\t\t\t\t\t\t\t\t<\/div>\n\t\t\t\t<\/div>\n\t\t\t\t<\/div>\n\t\t<div class=\"elementor-element elementor-element-311c922 e-con-full e-flex e-con e-child\" data-id=\"311c922\" data-element_type=\"container\" data-e-type=\"container\">\n\t\t<div class=\"elementor-element elementor-element-ab55bca e-con-full e-flex e-con e-child\" data-id=\"ab55bca\" data-element_type=\"container\" data-e-type=\"container\" data-settings=\"{&quot;background_background&quot;:&quot;classic&quot;}\">\n\t\t<div class=\"elementor-element elementor-element-87e6c60 e-con-full e-flex e-con e-child\" data-id=\"87e6c60\" data-element_type=\"container\" data-e-type=\"container\">\n\t\t\t\t<div class=\"elementor-element elementor-element-cb2ac8e elementor-widget-tablet__width-initial elementor-widget elementor-widget-text-editor\" data-id=\"cb2ac8e\" data-element_type=\"widget\" data-e-type=\"widget\" data-widget_type=\"text-editor.default\">\n\t\t\t\t<div class=\"elementor-widget-container\">\n\t\t\t\t\t\t\t\t\t<p>the one<\/p>\t\t\t\t\t\t\t\t<\/div>\n\t\t\t\t<\/div>\n\t\t\t\t<div class=\"elementor-element elementor-element-1e8be09 elementor-widget elementor-widget-text-editor\" data-id=\"1e8be09\" data-element_type=\"widget\" data-e-type=\"widget\" data-widget_type=\"text-editor.default\">\n\t\t\t\t<div class=\"elementor-widget-container\">\n\t\t\t\t\t\t\t\t\tUn espace pens\u00e9 pour donner une impression d\u2019exclusivit\u00e9. Le service The One vous donne acc\u00e8s \u00e0 un grand lounge priv\u00e9 avec vue sur la mer, boissons et snacks de 12 h \u00e0 20 h et \u00e0 d\u2019autres avantages tels que des amenities dans la chambre.\t\t\t\t\t\t\t\t<\/div>\n\t\t\t\t<\/div>\n\t\t\t\t<\/div>\n\t\t\t\t<\/div>\n\t\t<div class=\"elementor-element elementor-element-f128930 e-con-full e-flex e-con e-child\" data-id=\"f128930\" data-element_type=\"container\" data-e-type=\"container\" data-settings=\"{&quot;background_background&quot;:&quot;classic&quot;}\">\n\t\t<div class=\"elementor-element elementor-element-a13c87b e-con-full e-flex e-con e-child\" data-id=\"a13c87b\" data-element_type=\"container\" data-e-type=\"container\">\n\t\t\t\t<div class=\"elementor-element elementor-element-488308b elementor-widget-tablet__width-initial elementor-widget elementor-widget-text-editor\" data-id=\"488308b\" data-element_type=\"widget\" data-e-type=\"widget\" data-widget_type=\"text-editor.default\">\n\t\t\t\t<div class=\"elementor-widget-container\">\n\t\t\t\t\t\t\t\t\tWi-Fi gratuit\u2026 M\u00eame \u00e0 la plage\t\t\t\t\t\t\t\t<\/div>\n\t\t\t\t<\/div>\n\t\t\t\t<div class=\"elementor-element elementor-element-15c0d9a elementor-widget elementor-widget-text-editor\" data-id=\"15c0d9a\" data-element_type=\"widget\" data-e-type=\"widget\" data-widget_type=\"text-editor.default\">\n\t\t\t\t<div class=\"elementor-widget-container\">\n\t\t\t\t\t\t\t\t\tNous devons admettre que nous ne pouvons pas rester sans r\u00e9seau. Utilisez notre Wi-Fi gratuit dans toutes les installations de l\u2019h\u00f4tel, m\u00eame \u00e0 la plage, et ne manquez pas une occasion de partager avec tous les meilleurs moments de votre voyage.\t\t\t\t\t\t\t\t<\/div>\n\t\t\t\t<\/div>\n\t\t\t\t<\/div>\n\t\t\t\t<\/div>\n\t\t\t\t<\/div>\n\t\t<div class=\"elementor-element elementor-element-e56f14c e-con-full e-flex e-con e-child\" data-id=\"e56f14c\" data-element_type=\"container\" data-e-type=\"container\">\n\t\t<div class=\"elementor-element elementor-element-f730692 e-con-full e-flex e-con e-child\" data-id=\"f730692\" data-element_type=\"container\" data-e-type=\"container\" data-settings=\"{&quot;background_background&quot;:&quot;classic&quot;}\">\n\t\t<div class=\"elementor-element elementor-element-f89688d e-con-full e-flex e-con e-child\" data-id=\"f89688d\" data-element_type=\"container\" data-e-type=\"container\">\n\t\t\t\t<div class=\"elementor-element elementor-element-117aa82 elementor-widget-tablet__width-initial elementor-widget elementor-widget-text-editor\" data-id=\"117aa82\" data-element_type=\"widget\" data-e-type=\"widget\" data-widget_type=\"text-editor.default\">\n\t\t\t\t<div class=\"elementor-widget-container\">\n\t\t\t\t\t\t\t\t\tWellness by Germaine de Capuccini\t\t\t\t\t\t\t\t<\/div>\n\t\t\t\t<\/div>\n\t\t\t\t<div class=\"elementor-element elementor-element-70ecf84 elementor-widget elementor-widget-text-editor\" data-id=\"70ecf84\" data-element_type=\"widget\" data-e-type=\"widget\" data-widget_type=\"text-editor.default\">\n\t\t\t\t<div class=\"elementor-widget-container\">\n\t\t\t\t\t\t\t\t\tRespirez profond\u00e9ment, il est temps de s\u2019arr\u00eater et de prendre soin de vous. Passez en mode d\u00e9tente dans notre Wellness by Germaine de Capuccini et laissez-vous tenter par des soins esth\u00e9tiques et des massages qui vous transporteront dans une autre dimension. Du lundi au dimanche de 11 h \u00e0 19 h.\t\t\t\t\t\t\t\t<\/div>\n\t\t\t\t<\/div>\n\t\t\t\t<\/div>\n\t\t\t\t<\/div>\n\t\t<div class=\"elementor-element elementor-element-d45b571 e-con-full e-flex e-con e-child\" data-id=\"d45b571\" data-element_type=\"container\" data-e-type=\"container\" data-settings=\"{&quot;background_background&quot;:&quot;classic&quot;}\">\n\t\t<div class=\"elementor-element elementor-element-60b9efa e-con-full e-flex e-con e-child\" data-id=\"60b9efa\" data-element_type=\"container\" data-e-type=\"container\">\n\t\t\t\t<div class=\"elementor-element elementor-element-5090296 elementor-widget-tablet__width-initial elementor-widget elementor-widget-text-editor\" data-id=\"5090296\" data-element_type=\"widget\" data-e-type=\"widget\" data-widget_type=\"text-editor.default\">\n\t\t\t\t<div class=\"elementor-widget-container\">\n\t\t\t\t\t\t\t\t\tyoga\t\t\t\t\t\t\t\t<\/div>\n\t\t\t\t<\/div>\n\t\t\t\t<div class=\"elementor-element elementor-element-ca267fd elementor-widget elementor-widget-text-editor\" data-id=\"ca267fd\" data-element_type=\"widget\" data-e-type=\"widget\" data-widget_type=\"text-editor.default\">\n\t\t\t\t<div class=\"elementor-widget-container\">\n\t\t\t\t\t\t\t\t\tRien de tel que de commencer la journ\u00e9e par une s\u00e9ance de yoga. Tonifiez votre corps et lib\u00e9rez votre esprit avant de d\u00e9vorer la journ\u00e9e. Nous vous attendons trois jours par semaine dans nos cours de yoga \u00e0 8h30 ou 9h00 (selon la saison) inscrivez-vous \u00e0 la r\u00e9ception. Mens sana in corpore sano!\t\t\t\t\t\t\t\t<\/div>\n\t\t\t\t<\/div>\n\t\t\t\t<\/div>\n\t\t\t\t<\/div>\n\t\t\t\t<\/div>\n\t\t<div class=\"elementor-element elementor-element-d2889fe e-con-full e-flex e-con e-child\" data-id=\"d2889fe\" data-element_type=\"container\" data-e-type=\"container\">\n\t\t<div class=\"elementor-element elementor-element-77bf653 e-con-full e-flex e-con e-child\" data-id=\"77bf653\" data-element_type=\"container\" data-e-type=\"container\" data-settings=\"{&quot;background_background&quot;:&quot;classic&quot;}\">\n\t\t<div class=\"elementor-element elementor-element-a29e971 e-con-full e-flex e-con e-child\" data-id=\"a29e971\" data-element_type=\"container\" data-e-type=\"container\">\n\t\t\t\t<div class=\"elementor-element elementor-element-c8d6453 elementor-widget-tablet__width-initial elementor-widget elementor-widget-text-editor\" data-id=\"c8d6453\" data-element_type=\"widget\" data-e-type=\"widget\" data-widget_type=\"text-editor.default\">\n\t\t\t\t<div class=\"elementor-widget-container\">\n\t\t\t\t\t\t\t\t\t<p>parking<\/p>\t\t\t\t\t\t\t\t<\/div>\n\t\t\t\t<\/div>\n\t\t\t\t<div class=\"elementor-element elementor-element-4c96c8c elementor-widget elementor-widget-text-editor\" data-id=\"4c96c8c\" data-element_type=\"widget\" data-e-type=\"widget\" data-widget_type=\"text-editor.default\">\n\t\t\t\t<div class=\"elementor-widget-container\">\n\t\t\t\t\t\t\t\t\tSe garer \u00e0 Ibiza peut \u00eatre une t\u00e2che compliqu\u00e9e. C\u2019est pourquoi nous vous proposons un parking \u00e0 proximit\u00e9 de l\u2019h\u00f4tel, afin que vous ne perdiez pas une seconde de votre temps libre. Prix : 16 \u20ac\/jour.\t\t\t\t\t\t\t\t<\/div>\n\t\t\t\t<\/div>\n\t\t\t\t<\/div>\n\t\t\t\t<\/div>\n\t\t<div class=\"elementor-element elementor-element-b25ba14 e-con-full e-flex e-con e-child\" data-id=\"b25ba14\" data-element_type=\"container\" data-e-type=\"container\" data-settings=\"{&quot;background_background&quot;:&quot;classic&quot;}\">\n\t\t<div class=\"elementor-element elementor-element-c75cd74 e-con-full e-flex e-con e-child\" data-id=\"c75cd74\" data-element_type=\"container\" data-e-type=\"container\">\n\t\t\t\t<div class=\"elementor-element elementor-element-782877c elementor-widget-tablet__width-initial elementor-widget elementor-widget-text-editor\" data-id=\"782877c\" data-element_type=\"widget\" data-e-type=\"widget\" data-widget_type=\"text-editor.default\">\n\t\t\t\t<div class=\"elementor-widget-container\">\n\t\t\t\t\t\t\t\t\t<p>am\u00e0re fitness<\/p>\t\t\t\t\t\t\t\t<\/div>\n\t\t\t\t<\/div>\n\t\t\t\t<div class=\"elementor-element elementor-element-70f9fe7 elementor-widget elementor-widget-text-editor\" data-id=\"70f9fe7\" data-element_type=\"widget\" data-e-type=\"widget\" data-widget_type=\"text-editor.default\">\n\t\t\t\t<div class=\"elementor-widget-container\">\n\t\t\t\t\t\t\t\t\tNe vous cherchez pas d\u2019excuses. Le v\u00e9lo, le v\u00e9lo elliptique et les halt\u00e8res ne sont pas si p\u00e9nibles quand on a le bleu intense de la M\u00e9diterran\u00e9e en arri\u00e8re-plan. Lib\u00e9rez des endorphines et entra\u00eenez-vous durement avec les meilleures vues de Cala de Bou dans notre salle de sport ouverte 24 heures sur 24 et \u00e9quip\u00e9e de la technologie Technogym.\t\t\t\t\t\t\t\t<\/div>\n\t\t\t\t<\/div>\n\t\t\t\t<\/div>\n\t\t\t\t<\/div>\n\t\t\t\t<\/div>\n\t\t<div class=\"elementor-element elementor-element-bcfe02f e-con-full e-flex e-con e-child\" data-id=\"bcfe02f\" data-element_type=\"container\" data-e-type=\"container\">\n\t\t<div class=\"elementor-element elementor-element-b5f8fce e-con-full e-flex e-con e-child\" data-id=\"b5f8fce\" data-element_type=\"container\" data-e-type=\"container\" data-settings=\"{&quot;background_background&quot;:&quot;classic&quot;}\">\n\t\t<div class=\"elementor-element elementor-element-22ce341 e-con-full e-flex e-con e-child\" data-id=\"22ce341\" data-element_type=\"container\" data-e-type=\"container\">\n\t\t\t\t<div class=\"elementor-element elementor-element-b7e4c64 elementor-widget-tablet__width-initial elementor-widget elementor-widget-text-editor\" data-id=\"b7e4c64\" data-element_type=\"widget\" data-e-type=\"widget\" data-widget_type=\"text-editor.default\">\n\t\t\t\t<div class=\"elementor-widget-container\">\n\t\t\t\t\t\t\t\t\t<p>concierge<\/p>\t\t\t\t\t\t\t\t<\/div>\n\t\t\t\t<\/div>\n\t\t\t\t<div class=\"elementor-element elementor-element-7cd1af1 elementor-widget elementor-widget-text-editor\" data-id=\"7cd1af1\" data-element_type=\"widget\" data-e-type=\"widget\" data-widget_type=\"text-editor.default\">\n\t\t\t\t<div class=\"elementor-widget-container\">\n\t\t\t\t\t\t\t\t\tSi vous avez besoin de quoi que ce soit, faites-le nous savoir. Nous pouvons vous aider \u00e0 r\u00e9server des restaurants, des options de divertissement, des exp\u00e9riences, des recommandations, des billets de club, des demandes sp\u00e9ciales\u2026 En bref, tout ce dont nous pouvons faire afin de vous aider au mieux. Il suffit de se pr\u00e9senter \u00e0 le bureau de conciergerie, en face du bar du hall. Horaires d\u2019ouverture de 10h00 \u00e0 18h00.\t\t\t\t\t\t\t\t<\/div>\n\t\t\t\t<\/div>\n\t\t\t\t<\/div>\n\t\t\t\t<\/div>\n\t\t<div class=\"elementor-element elementor-element-fadbe27 e-con-full e-flex e-con e-child\" data-id=\"fadbe27\" data-element_type=\"container\" data-e-type=\"container\" data-settings=\"{&quot;background_background&quot;:&quot;classic&quot;}\">\n\t\t<div class=\"elementor-element elementor-element-d0815d7 e-con-full e-flex e-con e-child\" data-id=\"d0815d7\" data-element_type=\"container\" data-e-type=\"container\">\n\t\t\t\t<div class=\"elementor-element elementor-element-fa8802f elementor-widget-tablet__width-initial elementor-widget elementor-widget-text-editor\" data-id=\"fa8802f\" data-element_type=\"widget\" data-e-type=\"widget\" data-widget_type=\"text-editor.default\">\n\t\t\t\t<div class=\"elementor-widget-container\">\n\t\t\t\t\t\t\t\t\tV\u00e9hicules \u00e9lectriques\t\t\t\t\t\t\t\t<\/div>\n\t\t\t\t<\/div>\n\t\t\t\t<div class=\"elementor-element elementor-element-16ac720 elementor-widget elementor-widget-text-editor\" data-id=\"16ac720\" data-element_type=\"widget\" data-e-type=\"widget\" data-widget_type=\"text-editor.default\">\n\t\t\t\t<div class=\"elementor-widget-container\">\n\t\t\t\t\t\t\t\t\t<p>L\u2019h\u00f4tel met \u00e0 disposition de ses clients des chargeurs pour v\u00e9hicules \u00e9lectriques.<\/p><p>\u00a0<\/p><p>\u00a0<\/p>\t\t\t\t\t\t\t\t<\/div>\n\t\t\t\t<\/div>\n\t\t\t\t<div class=\"elementor-element elementor-element-a3c5722 elementor-widget elementor-widget-text-editor\" data-id=\"a3c5722\" data-element_type=\"widget\" data-e-type=\"widget\" data-widget_type=\"text-editor.default\">\n\t\t\t\t<div class=\"elementor-widget-container\">\n\t\t\t\t\t\t\t\t\t<p><em>L\u2019Am\u00e0re Beach Hotel Ibiza participe au programme MOVES III, promu par l\u2019IDAE (Institut pour la Diversification et l\u2019\u00c9conomie de l\u2019\u00c9nergie) dans le cadre du Plan de Relance, de Transformation et de R\u00e9silience.<\/em><\/p><p><em>En tant que b\u00e9n\u00e9ficiaires du programme MOVES III, nous soutenons activement la transition vers une mobilit\u00e9 plus propre et durable en mettant \u00e0 la disposition de nos clients des bornes de recharge pour v\u00e9hicules \u00e9lectriques.<\/em><\/p>\t\t\t\t\t\t\t\t<\/div>\n\t\t\t\t<\/div>\n\t\t\t\t<\/div>\n\t\t\t\t<\/div>\n\t\t\t\t<\/div>\n\t\t\t\t\t<\/div>\n\t\t\t\t<\/div>\n\t\t\t\t<\/div>\n\t\t","protected":false},"excerpt":{"rendered":"<p>Services \/ am\u00e0re beach hotel ibiza the one Un espace pens\u00e9 pour donner une impression d\u2019exclusivit\u00e9. Le service The One vous donne acc\u00e8s \u00e0 un grand lounge priv\u00e9 avec vue sur la mer, boissons et snacks de 12 h \u00e0 20 h et \u00e0 d\u2019autres avantages tels que des amenities dans la chambre.Wi-Fi gratuit\u2026 M\u00eame [&hellip;]<\/p>\n","protected":false},"author":4,"featured_media":0,"parent":24626,"menu_order":0,"comment_status":"closed","ping_status":"closed","template":"","meta":{"_acf_changed":false,"inline_featured_image":false,"site-sidebar-layout":"no-sidebar","site-content-layout":"page-builder","ast-site-content-layout":"full-width-container","site-content-style":"default","site-sidebar-style":"default","ast-global-header-display":"","ast-banner-title-visibility":"","ast-main-header-display":"","ast-hfb-above-header-display":"","ast-hfb-below-header-display":"","ast-hfb-mobile-header-display":"","site-post-title":"disabled","ast-breadcrumbs-content":"","ast-featured-img":"disabled","footer-sml-layout":"","ast-disable-related-posts":"","theme-transparent-header-meta":"","adv-header-id-meta":"","stick-header-meta":"","header-above-stick-meta":"","header-main-stick-meta":"","header-below-stick-meta":"","astra-migrate-meta-layouts":"set","ast-page-background-enabled":"default","ast-page-background-meta":{"desktop":{"background-color":"var(--ast-global-color-4)","background-image":"","background-repeat":"repeat","background-position":"center center","background-size":"auto","background-attachment":"scroll","background-type":"","background-media":"","overlay-type":"","overlay-color":"","overlay-opacity":"","overlay-gradient":""},"tablet":{"background-color":"","background-image":"","background-repeat":"repeat","background-position":"center center","background-size":"auto","background-attachment":"scroll","background-type":"","background-media":"","overlay-type":"","overlay-color":"","overlay-opacity":"","overlay-gradient":""},"mobile":{"background-color":"","background-image":"","background-repeat":"repeat","background-position":"center center","background-size":"auto","background-attachment":"scroll","background-type":"","background-media":"","overlay-type":"","overlay-color":"","overlay-opacity":"","overlay-gradient":""}},"ast-content-background-meta":{"desktop":{"background-color":"var(--ast-global-color-5)","background-image":"","background-repeat":"repeat","background-position":"center center","background-size":"auto","background-attachment":"scroll","background-type":"","background-media":"","overlay-type":"","overlay-color":"","overlay-opacity":"","overlay-gradient":""},"tablet":{"background-color":"var(--ast-global-color-5)","background-image":"","background-repeat":"repeat","background-position":"center center","background-size":"auto","background-attachment":"scroll","background-type":"","background-media":"","overlay-type":"","overlay-color":"","overlay-opacity":"","overlay-gradient":""},"mobile":{"background-color":"var(--ast-global-color-5)","background-image":"","background-repeat":"repeat","background-position":"center center","background-size":"auto","background-attachment":"scroll","background-type":"","background-media":"","overlay-type":"","overlay-color":"","overlay-opacity":"","overlay-gradient":""}},"footnotes":""},"class_list":["post-25414","page","type-page","status-publish","hentry"],"acf":[],"yoast_head":"<!-- This site is optimized with the Yoast SEO plugin v27.1.1 - https:\/\/yoast.com\/product\/yoast-seo-wordpress\/ -->\n<title>Services, activit\u00e9s, animations | Amare Beach Hotel Ibiza<\/title>\n<meta name=\"description\" content=\"L\u2019Am\u00e0re Beach Hotel Ibiza vous offre services, piscine en bord de mer et animations. Id\u00e9al pour des vacances entre adultes.\" \/>\n<meta name=\"robots\" content=\"index, follow, max-snippet:-1, max-image-preview:large, max-video-preview:-1\" \/>\n<link rel=\"canonical\" href=\"https:\/\/www.amarehotels.com\/fr\/amare-ibiza\/services\/\" \/>\n<meta property=\"og:locale\" content=\"fr_FR\" \/>\n<meta property=\"og:type\" content=\"article\" \/>\n<meta property=\"og:title\" content=\"Services, activit\u00e9s, animations | Amare Beach Hotel Ibiza\" \/>\n<meta property=\"og:description\" content=\"L\u2019Am\u00e0re Beach Hotel Ibiza vous offre services, piscine en bord de mer et animations. Id\u00e9al pour des vacances entre adultes.\" \/>\n<meta property=\"og:url\" content=\"https:\/\/www.amarehotels.com\/fr\/amare-ibiza\/services\/\" \/>\n<meta property=\"og:site_name\" content=\"Am\u00e0re Hotels\" \/>\n<meta property=\"article:publisher\" content=\"https:\/\/www.facebook.com\/AmareHotels\/\" \/>\n<meta property=\"article:modified_time\" content=\"2025-12-03T08:18:07+00:00\" \/>\n<meta name=\"twitter:card\" content=\"summary_large_image\" \/>\n<meta name=\"twitter:site\" content=\"@amarehotels\" \/>\n<meta name=\"twitter:label1\" content=\"Dur\u00e9e de lecture estim\u00e9e\" \/>\n\t<meta name=\"twitter:data1\" content=\"3 minutes\" \/>\n<!-- \/ Yoast SEO plugin. -->","yoast_head_json":{"title":"Services, activit\u00e9s, animations | Amare Beach Hotel Ibiza","description":"L\u2019Am\u00e0re Beach Hotel Ibiza vous offre services, piscine en bord de mer et animations. Id\u00e9al pour des vacances entre adultes.","robots":{"index":"index","follow":"follow","max-snippet":"max-snippet:-1","max-image-preview":"max-image-preview:large","max-video-preview":"max-video-preview:-1"},"canonical":"https:\/\/www.amarehotels.com\/fr\/amare-ibiza\/services\/","og_locale":"fr_FR","og_type":"article","og_title":"Services, activit\u00e9s, animations | Amare Beach Hotel Ibiza","og_description":"L\u2019Am\u00e0re Beach Hotel Ibiza vous offre services, piscine en bord de mer et animations. Id\u00e9al pour des vacances entre adultes.","og_url":"https:\/\/www.amarehotels.com\/fr\/amare-ibiza\/services\/","og_site_name":"Am\u00e0re Hotels","article_publisher":"https:\/\/www.facebook.com\/AmareHotels\/","article_modified_time":"2025-12-03T08:18:07+00:00","twitter_card":"summary_large_image","twitter_site":"@amarehotels","twitter_misc":{"Dur\u00e9e de lecture estim\u00e9e":"3 minutes"},"schema":{"@context":"https:\/\/schema.org","@graph":[{"@type":"WebPage","@id":"https:\/\/www.amarehotels.com\/fr\/amare-ibiza\/services\/","url":"https:\/\/www.amarehotels.com\/fr\/amare-ibiza\/services\/","name":"Services, activit\u00e9s, animations | Amare Beach Hotel Ibiza","isPartOf":{"@id":"https:\/\/www.amarehotels.com\/fr\/#website"},"datePublished":"2025-05-14T09:27:15+00:00","dateModified":"2025-12-03T08:18:07+00:00","description":"L\u2019Am\u00e0re Beach Hotel Ibiza vous offre services, piscine en bord de mer et animations. Id\u00e9al pour des vacances entre adultes.","breadcrumb":{"@id":"https:\/\/www.amarehotels.com\/fr\/amare-ibiza\/services\/#breadcrumb"},"inLanguage":"fr-FR","potentialAction":[{"@type":"ReadAction","target":["https:\/\/www.amarehotels.com\/fr\/amare-ibiza\/services\/"]}]},{"@type":"BreadcrumbList","@id":"https:\/\/www.amarehotels.com\/fr\/amare-ibiza\/services\/#breadcrumb","itemListElement":[{"@type":"ListItem","position":1,"name":"Home","item":"https:\/\/www.amarehotels.com\/fr\/"},{"@type":"ListItem","position":2,"name":"AM\u00c0RE BEACH HOTEL IBIZA","item":"https:\/\/www.amarehotels.com\/fr\/amare-ibiza\/"},{"@type":"ListItem","position":3,"name":"Services"}]},{"@type":"WebSite","@id":"https:\/\/www.amarehotels.com\/fr\/#website","url":"https:\/\/www.amarehotels.com\/fr\/","name":"Am\u00e0re Hotels","description":"","publisher":{"@id":"https:\/\/www.amarehotels.com\/fr\/#organization"},"potentialAction":[{"@type":"SearchAction","target":{"@type":"EntryPoint","urlTemplate":"https:\/\/www.amarehotels.com\/fr\/?s={search_term_string}"},"query-input":{"@type":"PropertyValueSpecification","valueRequired":true,"valueName":"search_term_string"}}],"inLanguage":"fr-FR"},{"@type":"Organization","@id":"https:\/\/www.amarehotels.com\/fr\/#organization","name":"Am\u00e0re Hotels","url":"https:\/\/www.amarehotels.com\/fr\/","logo":{"@type":"ImageObject","inLanguage":"fr-FR","@id":"https:\/\/www.amarehotels.com\/fr\/#\/schema\/logo\/image\/","url":"https:\/\/www.amarehotels.com\/wp-content\/uploads\/2025\/11\/amare-hotels.jpg","contentUrl":"https:\/\/www.amarehotels.com\/wp-content\/uploads\/2025\/11\/amare-hotels.jpg","width":1640,"height":888,"caption":"Am\u00e0re Hotels"},"image":{"@id":"https:\/\/www.amarehotels.com\/fr\/#\/schema\/logo\/image\/"},"sameAs":["https:\/\/www.facebook.com\/AmareHotels\/","https:\/\/x.com\/amarehotels","https:\/\/www.instagram.com\/amarehotels\/","https:\/\/www.youtube.com\/c\/AmareHotels","https:\/\/soundcloud.com\/amarehotels"]}]}},"_links":{"self":[{"href":"https:\/\/www.amarehotels.com\/fr\/wp-json\/wp\/v2\/pages\/25414","targetHints":{"allow":["GET"]}}],"collection":[{"href":"https:\/\/www.amarehotels.com\/fr\/wp-json\/wp\/v2\/pages"}],"about":[{"href":"https:\/\/www.amarehotels.com\/fr\/wp-json\/wp\/v2\/types\/page"}],"author":[{"embeddable":true,"href":"https:\/\/www.amarehotels.com\/fr\/wp-json\/wp\/v2\/users\/4"}],"replies":[{"embeddable":true,"href":"https:\/\/www.amarehotels.com\/fr\/wp-json\/wp\/v2\/comments?post=25414"}],"version-history":[{"count":0,"href":"https:\/\/www.amarehotels.com\/fr\/wp-json\/wp\/v2\/pages\/25414\/revisions"}],"up":[{"embeddable":true,"href":"https:\/\/www.amarehotels.com\/fr\/wp-json\/wp\/v2\/pages\/24626"}],"wp:attachment":[{"href":"https:\/\/www.amarehotels.com\/fr\/wp-json\/wp\/v2\/media?parent=25414"}],"curies":[{"name":"wp","href":"https:\/\/api.w.org\/{rel}","templated":true}]}}