{"id":29414,"date":"2025-06-02T13:42:37","date_gmt":"2025-06-02T11:42:37","guid":{"rendered":"https:\/\/www.amarehotels.com\/brand-mates\/"},"modified":"2025-10-29T12:32:35","modified_gmt":"2025-10-29T11:32:35","slug":"brand-mates","status":"publish","type":"page","link":"https:\/\/www.amarehotels.com\/fr\/brand-mates\/","title":{"rendered":"BRAND MATES"},"content":{"rendered":"\t\t<div data-elementor-type=\"wp-page\" data-elementor-id=\"29414\" class=\"elementor elementor-29414 elementor-5082\" data-elementor-post-type=\"page\">\n\t\t\t\t<div class=\"elementor-element elementor-element-1f5bc36 e-flex e-con-boxed e-con e-parent\" data-id=\"1f5bc36\" data-element_type=\"container\" data-e-type=\"container\">\n\t\t\t\t\t<div class=\"e-con-inner\">\n\t\t<div class=\"elementor-element elementor-element-9043b15 e-con-full e-flex e-con e-child\" data-id=\"9043b15\" data-element_type=\"container\" data-e-type=\"container\">\n\t\t\t\t<div class=\"elementor-element elementor-element-f5bfc85 elementor-widget elementor-widget-text-editor\" data-id=\"f5bfc85\" data-element_type=\"widget\" data-e-type=\"widget\" data-widget_type=\"text-editor.default\">\n\t\t\t\t<div class=\"elementor-widget-container\">\n\t\t\t\t\t\t\t\t\t\/ Rencontrez les marques qui se sont alli\u00e9es \u00e0 Am\u00e0re\t\t\t\t\t\t\t\t<\/div>\n\t\t\t\t<\/div>\n\t\t\t\t<div class=\"elementor-element elementor-element-10c2d8c elementor-widget elementor-widget-heading\" data-id=\"10c2d8c\" data-element_type=\"widget\" data-e-type=\"widget\" data-widget_type=\"heading.default\">\n\t\t\t\t<div class=\"elementor-widget-container\">\n\t\t\t\t\t<h1 class=\"elementor-heading-title elementor-size-default\">Partenaires de Marque<\/h1>\t\t\t\t<\/div>\n\t\t\t\t<\/div>\n\t\t\t\t<div class=\"elementor-element elementor-element-9496f91 elementor-widget__width-initial elementor-widget elementor-widget-text-editor\" data-id=\"9496f91\" data-element_type=\"widget\" data-e-type=\"widget\" data-widget_type=\"text-editor.default\">\n\t\t\t\t<div class=\"elementor-widget-container\">\n\t\t\t\t\t\t\t\t\t<p>Chez Am\u00e0re Hotels, nous sommes fiers de mener des actions promotionnelles avec certaines des marques (professionnelles et personnelles) les plus styl\u00e9es du moment. D\u00e9couvrez comment fonctionnent nos collaborations dans des domaines tels que la mode, la musique, etc.<\/p>\t\t\t\t\t\t\t\t<\/div>\n\t\t\t\t<\/div>\n\t\t\t\t<\/div>\n\t\t<div class=\"elementor-element elementor-element-a8168a6 e-con-full e-flex e-con e-child\" data-id=\"a8168a6\" data-element_type=\"container\" data-e-type=\"container\">\n\t\t<div class=\"elementor-element elementor-element-1eeee72 e-con-full e-flex e-con e-child\" data-id=\"1eeee72\" data-element_type=\"container\" data-e-type=\"container\">\n\t\t<div class=\"elementor-element elementor-element-9d5401e e-con-full e-flex e-con e-child\" data-id=\"9d5401e\" data-element_type=\"container\" data-e-type=\"container\">\n\t\t<div class=\"elementor-element elementor-element-1b197f0 e-con-full e-flex e-con e-child\" data-id=\"1b197f0\" data-element_type=\"container\" data-e-type=\"container\" data-settings=\"{&quot;background_background&quot;:&quot;classic&quot;}\">\n\t\t\t\t<div class=\"elementor-element elementor-element-6a584f7 elementor-widget elementor-widget-text-editor\" data-id=\"6a584f7\" data-element_type=\"widget\" data-e-type=\"widget\" data-widget_type=\"text-editor.default\">\n\t\t\t\t<div class=\"elementor-widget-container\">\n\t\t\t\t\t\t\t\t\t<p>La prestigieuse marque fran\u00e7aise de maillots de bain s&rsquo;est associ\u00e9e \u00e0 Am\u00e0re Hotels pour plusieurs s\u00e9ances de photos<\/p>\t\t\t\t\t\t\t\t<\/div>\n\t\t\t\t<\/div>\n\t\t\t\t<div class=\"elementor-element elementor-element-cc16e96 elementor-align-justify elementor-widget elementor-widget-button\" data-id=\"cc16e96\" data-element_type=\"widget\" data-e-type=\"widget\" data-widget_type=\"button.default\">\n\t\t\t\t<div class=\"elementor-widget-container\">\n\t\t\t\t\t\t\t\t\t<div class=\"elementor-button-wrapper\">\n\t\t\t\t\t<a class=\"elementor-button elementor-button-link elementor-size-sm\" href=\"https:\/\/www.amarehotels.com\/fr\/brand-mates\/les-canebiers\/\">\n\t\t\t\t\t\t<span class=\"elementor-button-content-wrapper\">\n\t\t\t\t\t\t\t\t\t<span class=\"elementor-button-text\">en savoir plus<\/span>\n\t\t\t\t\t<\/span>\n\t\t\t\t\t<\/a>\n\t\t\t\t<\/div>\n\t\t\t\t\t\t\t\t<\/div>\n\t\t\t\t<\/div>\n\t\t\t\t<\/div>\n\t\t<div class=\"elementor-element elementor-element-3191460 e-con-full e-flex e-con e-child\" data-id=\"3191460\" data-element_type=\"container\" data-e-type=\"container\" data-settings=\"{&quot;background_background&quot;:&quot;classic&quot;}\">\n\t\t\t\t<div class=\"elementor-element elementor-element-10cee80 elementor-widget elementor-widget-image\" data-id=\"10cee80\" data-element_type=\"widget\" data-e-type=\"widget\" data-widget_type=\"image.default\">\n\t\t\t\t<div class=\"elementor-widget-container\">\n\t\t\t\t\t\t\t\t\t\t\t\t\t\t\t<img decoding=\"async\" width=\"400\" height=\"87\" src=\"https:\/\/www.amarehotels.com\/wp-content\/uploads\/2025\/06\/les-canebiers-logo.png\" class=\"elementor-animation-grow attachment-full size-full wp-image-21182\" alt=\"Les Canebiers\" srcset=\"https:\/\/www.amarehotels.com\/wp-content\/uploads\/2025\/06\/les-canebiers-logo.png 400w, https:\/\/www.amarehotels.com\/wp-content\/uploads\/2025\/06\/les-canebiers-logo-300x65.png 300w\" sizes=\"(max-width: 400px) 100vw, 400px\" \/>\t\t\t\t\t\t\t\t\t\t\t\t\t\t\t<\/div>\n\t\t\t\t<\/div>\n\t\t\t\t<\/div>\n\t\t\t\t<\/div>\n\t\t<div class=\"elementor-element elementor-element-35508c3 e-con-full e-flex e-con e-child\" data-id=\"35508c3\" data-element_type=\"container\" data-e-type=\"container\">\n\t\t<div class=\"elementor-element elementor-element-78c308c e-con-full e-flex e-con e-child\" data-id=\"78c308c\" data-element_type=\"container\" data-e-type=\"container\" data-settings=\"{&quot;background_background&quot;:&quot;classic&quot;}\">\n\t\t\t\t<div class=\"elementor-element elementor-element-dc300cb elementor-widget elementor-widget-text-editor\" data-id=\"dc300cb\" data-element_type=\"widget\" data-e-type=\"widget\" data-widget_type=\"text-editor.default\">\n\t\t\t\t<div class=\"elementor-widget-container\">\n\t\t\t\t\t\t\t\t\t<p>La DJ ukrainienne \u00e0 succ\u00e8s <strong>Miss Monique<\/strong> a rejoint notre DJ Sun_Sets lors d&rsquo;une superbe soir\u00e9e au coucher du soleil<\/p>\t\t\t\t\t\t\t\t<\/div>\n\t\t\t\t<\/div>\n\t\t\t\t<div class=\"elementor-element elementor-element-b932514 elementor-align-justify elementor-widget elementor-widget-button\" data-id=\"b932514\" data-element_type=\"widget\" data-e-type=\"widget\" data-widget_type=\"button.default\">\n\t\t\t\t<div class=\"elementor-widget-container\">\n\t\t\t\t\t\t\t\t\t<div class=\"elementor-button-wrapper\">\n\t\t\t\t\t<a class=\"elementor-button elementor-button-link elementor-size-sm\" href=\"https:\/\/www.amarehotels.com\/fr\/brand-mates\/miss-monique\/\">\n\t\t\t\t\t\t<span class=\"elementor-button-content-wrapper\">\n\t\t\t\t\t\t\t\t\t<span class=\"elementor-button-text\">en savoir plus<\/span>\n\t\t\t\t\t<\/span>\n\t\t\t\t\t<\/a>\n\t\t\t\t<\/div>\n\t\t\t\t\t\t\t\t<\/div>\n\t\t\t\t<\/div>\n\t\t\t\t<\/div>\n\t\t<div class=\"elementor-element elementor-element-96c0220 e-con-full e-flex e-con e-child\" data-id=\"96c0220\" data-element_type=\"container\" data-e-type=\"container\" data-settings=\"{&quot;background_background&quot;:&quot;classic&quot;}\">\n\t\t\t\t<div class=\"elementor-element elementor-element-04050bf elementor-widget elementor-widget-image\" data-id=\"04050bf\" data-element_type=\"widget\" data-e-type=\"widget\" data-widget_type=\"image.default\">\n\t\t\t\t<div class=\"elementor-widget-container\">\n\t\t\t\t\t\t\t\t\t\t\t\t\t\t\t<img fetchpriority=\"high\" decoding=\"async\" width=\"831\" height=\"193\" src=\"https:\/\/www.amarehotels.com\/wp-content\/uploads\/2025\/06\/miss-monique.svg\" class=\"elementor-animation-grow attachment-full size-full wp-image-21189\" alt=\"Miss Monique\" \/>\t\t\t\t\t\t\t\t\t\t\t\t\t\t\t<\/div>\n\t\t\t\t<\/div>\n\t\t\t\t<\/div>\n\t\t\t\t<\/div>\n\t\t\t\t<\/div>\n\t\t\t\t<\/div>\n\t\t<div class=\"elementor-element elementor-element-536627b e-con-full e-flex e-con e-child\" data-id=\"536627b\" data-element_type=\"container\" data-e-type=\"container\">\n\t\t<div class=\"elementor-element elementor-element-a6f0f1c e-con-full e-flex e-con e-child\" data-id=\"a6f0f1c\" data-element_type=\"container\" data-e-type=\"container\">\n\t\t<div class=\"elementor-element elementor-element-6f0a3b9 e-con-full e-flex e-con e-child\" data-id=\"6f0a3b9\" data-element_type=\"container\" data-e-type=\"container\">\n\t\t<div class=\"elementor-element elementor-element-14997d2 e-con-full e-flex e-con e-child\" data-id=\"14997d2\" data-element_type=\"container\" data-e-type=\"container\" data-settings=\"{&quot;background_background&quot;:&quot;classic&quot;}\">\n\t\t\t\t<div class=\"elementor-element elementor-element-ee4f8b4 elementor-widget elementor-widget-image\" data-id=\"ee4f8b4\" data-element_type=\"widget\" data-e-type=\"widget\" data-widget_type=\"image.default\">\n\t\t\t\t<div class=\"elementor-widget-container\">\n\t\t\t\t\t\t\t\t\t\t\t\t\t\t\t<img decoding=\"async\" width=\"938\" height=\"241\" src=\"https:\/\/www.amarehotels.com\/wp-content\/uploads\/2025\/06\/lola-casademunt.svg\" class=\"elementor-animation-grow attachment-full size-full wp-image-21195\" alt=\"Lola Casademunt\" \/>\t\t\t\t\t\t\t\t\t\t\t\t\t\t\t<\/div>\n\t\t\t\t<\/div>\n\t\t\t\t<\/div>\n\t\t<div class=\"elementor-element elementor-element-68704d2 e-con-full e-flex e-con e-child\" data-id=\"68704d2\" data-element_type=\"container\" data-e-type=\"container\" data-settings=\"{&quot;background_background&quot;:&quot;classic&quot;}\">\n\t\t\t\t<div class=\"elementor-element elementor-element-16b6552 elementor-widget elementor-widget-text-editor\" data-id=\"16b6552\" data-element_type=\"widget\" data-e-type=\"widget\" data-widget_type=\"text-editor.default\">\n\t\t\t\t<div class=\"elementor-widget-container\">\n\t\t\t\t\t\t\t\t\t<p>La marque sophistiqu\u00e9e de v\u00eatements pour femmes rejoint l&rsquo;univers Am\u00e0re Hotels dans une collaboration tr\u00e8s styl\u00e9e<\/p>\t\t\t\t\t\t\t\t<\/div>\n\t\t\t\t<\/div>\n\t\t\t\t<div class=\"elementor-element elementor-element-0c62bd2 elementor-align-justify elementor-widget elementor-widget-button\" data-id=\"0c62bd2\" data-element_type=\"widget\" data-e-type=\"widget\" data-widget_type=\"button.default\">\n\t\t\t\t<div class=\"elementor-widget-container\">\n\t\t\t\t\t\t\t\t\t<div class=\"elementor-button-wrapper\">\n\t\t\t\t\t<a class=\"elementor-button elementor-button-link elementor-size-sm\" href=\"https:\/\/www.amarehotels.com\/fr\/brand-mates\/lola-casademunt\/\">\n\t\t\t\t\t\t<span class=\"elementor-button-content-wrapper\">\n\t\t\t\t\t\t\t\t\t<span class=\"elementor-button-text\">en savoir plus<\/span>\n\t\t\t\t\t<\/span>\n\t\t\t\t\t<\/a>\n\t\t\t\t<\/div>\n\t\t\t\t\t\t\t\t<\/div>\n\t\t\t\t<\/div>\n\t\t\t\t<\/div>\n\t\t\t\t<\/div>\n\t\t<div class=\"elementor-element elementor-element-bb3c9bb e-con-full e-flex e-con e-child\" data-id=\"bb3c9bb\" data-element_type=\"container\" data-e-type=\"container\" data-settings=\"{&quot;background_background&quot;:&quot;classic&quot;}\">\n\t\t<div class=\"elementor-element elementor-element-37fc53f e-con-full e-flex e-con e-child\" data-id=\"37fc53f\" data-element_type=\"container\" data-e-type=\"container\" data-settings=\"{&quot;background_background&quot;:&quot;classic&quot;}\">\n\t\t\t\t<div class=\"elementor-element elementor-element-34de793 elementor-widget elementor-widget-image\" data-id=\"34de793\" data-element_type=\"widget\" data-e-type=\"widget\" data-widget_type=\"image.default\">\n\t\t\t\t<div class=\"elementor-widget-container\">\n\t\t\t\t\t\t\t\t\t\t\t\t\t\t\t<img loading=\"lazy\" decoding=\"async\" width=\"1665\" height=\"131\" src=\"https:\/\/www.amarehotels.com\/wp-content\/uploads\/2025\/05\/korolova.svg\" class=\"elementor-animation-grow attachment-full size-full wp-image-21201\" alt=\"Dj Korolova\" \/>\t\t\t\t\t\t\t\t\t\t\t\t\t\t\t<\/div>\n\t\t\t\t<\/div>\n\t\t\t\t<\/div>\n\t\t<div class=\"elementor-element elementor-element-fbfedfd e-con-full e-flex e-con e-child\" data-id=\"fbfedfd\" data-element_type=\"container\" data-e-type=\"container\" data-settings=\"{&quot;background_background&quot;:&quot;classic&quot;}\">\n\t\t\t\t<div class=\"elementor-element elementor-element-e7d3017 elementor-widget elementor-widget-text-editor\" data-id=\"e7d3017\" data-element_type=\"widget\" data-e-type=\"widget\" data-widget_type=\"text-editor.default\">\n\t\t\t\t<div class=\"elementor-widget-container\">\n\t\t\t\t\t\t\t\t\t<p>Le talent \u00e9mergent, DJ <strong>Korolova<\/strong>, a particip\u00e9 \u00e0 notre DJ Sun_Sets et a couronn\u00e9 une magnifique journ\u00e9e d&rsquo;\u00e9t\u00e9<\/p>\t\t\t\t\t\t\t\t<\/div>\n\t\t\t\t<\/div>\n\t\t\t\t<div class=\"elementor-element elementor-element-60cf9ef elementor-align-justify elementor-widget elementor-widget-button\" data-id=\"60cf9ef\" data-element_type=\"widget\" data-e-type=\"widget\" data-widget_type=\"button.default\">\n\t\t\t\t<div class=\"elementor-widget-container\">\n\t\t\t\t\t\t\t\t\t<div class=\"elementor-button-wrapper\">\n\t\t\t\t\t<a class=\"elementor-button elementor-button-link elementor-size-sm\" href=\"https:\/\/www.amarehotels.com\/fr\/brand-mates\/dj-korolova\/\">\n\t\t\t\t\t\t<span class=\"elementor-button-content-wrapper\">\n\t\t\t\t\t\t\t\t\t<span class=\"elementor-button-text\">en savoir plus<\/span>\n\t\t\t\t\t<\/span>\n\t\t\t\t\t<\/a>\n\t\t\t\t<\/div>\n\t\t\t\t\t\t\t\t<\/div>\n\t\t\t\t<\/div>\n\t\t\t\t<\/div>\n\t\t\t\t<\/div>\n\t\t\t\t<\/div>\n\t\t\t\t<\/div>\n\t\t<div class=\"elementor-element elementor-element-f5729e7 e-con-full e-flex e-con e-child\" data-id=\"f5729e7\" data-element_type=\"container\" data-e-type=\"container\">\n\t\t<div class=\"elementor-element elementor-element-33dd457 e-con-full e-flex e-con e-child\" data-id=\"33dd457\" data-element_type=\"container\" data-e-type=\"container\">\n\t\t<div class=\"elementor-element elementor-element-42c23f5 e-con-full e-flex e-con e-child\" data-id=\"42c23f5\" data-element_type=\"container\" data-e-type=\"container\">\n\t\t<div class=\"elementor-element elementor-element-f831eb4 e-con-full e-flex e-con e-child\" data-id=\"f831eb4\" data-element_type=\"container\" data-e-type=\"container\" data-settings=\"{&quot;background_background&quot;:&quot;classic&quot;}\">\n\t\t\t\t<div class=\"elementor-element elementor-element-03b4c81 elementor-widget elementor-widget-image\" data-id=\"03b4c81\" data-element_type=\"widget\" data-e-type=\"widget\" data-widget_type=\"image.default\">\n\t\t\t\t<div class=\"elementor-widget-container\">\n\t\t\t\t\t\t\t\t\t\t\t\t\t\t\t<img loading=\"lazy\" decoding=\"async\" width=\"609\" height=\"89\" src=\"https:\/\/www.amarehotels.com\/wp-content\/uploads\/2025\/04\/comic-gate.svg\" class=\"elementor-animation-grow attachment-full size-full wp-image-21207\" alt=\"\" \/>\t\t\t\t\t\t\t\t\t\t\t\t\t\t\t<\/div>\n\t\t\t\t<\/div>\n\t\t\t\t<\/div>\n\t\t<div class=\"elementor-element elementor-element-6a694a7 e-con-full e-flex e-con e-child\" data-id=\"6a694a7\" data-element_type=\"container\" data-e-type=\"container\" data-settings=\"{&quot;background_background&quot;:&quot;classic&quot;}\">\n\t\t\t\t<div class=\"elementor-element elementor-element-533a8a3 elementor-widget elementor-widget-text-editor\" data-id=\"533a8a3\" data-element_type=\"widget\" data-e-type=\"widget\" data-widget_type=\"text-editor.default\">\n\t\t\t\t<div class=\"elementor-widget-container\">\n\t\t\t\t\t\t\t\t\t<p><strong>Cosmic Gate<\/strong> a fait une apparition remarqu\u00e9e \u00e0 Am\u00e0re Ibiza pour offrir une performance exceptionnelle<\/p>\t\t\t\t\t\t\t\t<\/div>\n\t\t\t\t<\/div>\n\t\t\t\t<div class=\"elementor-element elementor-element-4a47498 elementor-align-justify elementor-widget elementor-widget-button\" data-id=\"4a47498\" data-element_type=\"widget\" data-e-type=\"widget\" data-widget_type=\"button.default\">\n\t\t\t\t<div class=\"elementor-widget-container\">\n\t\t\t\t\t\t\t\t\t<div class=\"elementor-button-wrapper\">\n\t\t\t\t\t<a class=\"elementor-button elementor-button-link elementor-size-sm\" href=\"https:\/\/www.amarehotels.com\/fr\/brand-mates\/cosmic-gate\/\">\n\t\t\t\t\t\t<span class=\"elementor-button-content-wrapper\">\n\t\t\t\t\t\t\t\t\t<span class=\"elementor-button-text\">en savoir plus<\/span>\n\t\t\t\t\t<\/span>\n\t\t\t\t\t<\/a>\n\t\t\t\t<\/div>\n\t\t\t\t\t\t\t\t<\/div>\n\t\t\t\t<\/div>\n\t\t\t\t<\/div>\n\t\t\t\t<\/div>\n\t\t\t\t<\/div>\n\t\t\t\t<\/div>\n\t\t\t\t\t<\/div>\n\t\t\t\t<\/div>\n\t\t\t\t<\/div>\n\t\t","protected":false},"excerpt":{"rendered":"<p>\/ Rencontrez les marques qui se sont alli\u00e9es \u00e0 Am\u00e0re Partenaires de Marque Chez Am\u00e0re Hotels, nous sommes fiers de mener des actions promotionnelles avec certaines des marques (professionnelles et personnelles) les plus styl\u00e9es du moment. D\u00e9couvrez comment fonctionnent nos collaborations dans des domaines tels que la mode, la musique, etc. La prestigieuse marque fran\u00e7aise [&hellip;]<\/p>\n","protected":false},"author":4,"featured_media":0,"parent":0,"menu_order":0,"comment_status":"closed","ping_status":"closed","template":"","meta":{"_acf_changed":false,"inline_featured_image":false,"site-sidebar-layout":"no-sidebar","site-content-layout":"page-builder","ast-site-content-layout":"full-width-container","site-content-style":"default","site-sidebar-style":"default","ast-global-header-display":"","ast-banner-title-visibility":"","ast-main-header-display":"","ast-hfb-above-header-display":"","ast-hfb-below-header-display":"","ast-hfb-mobile-header-display":"","site-post-title":"disabled","ast-breadcrumbs-content":"","ast-featured-img":"disabled","footer-sml-layout":"","ast-disable-related-posts":"","theme-transparent-header-meta":"","adv-header-id-meta":"","stick-header-meta":"","header-above-stick-meta":"","header-main-stick-meta":"","header-below-stick-meta":"","astra-migrate-meta-layouts":"set","ast-page-background-enabled":"default","ast-page-background-meta":{"desktop":{"background-color":"var(--ast-global-color-4)","background-image":"","background-repeat":"repeat","background-position":"center center","background-size":"auto","background-attachment":"scroll","background-type":"","background-media":"","overlay-type":"","overlay-color":"","overlay-opacity":"","overlay-gradient":""},"tablet":{"background-color":"","background-image":"","background-repeat":"repeat","background-position":"center center","background-size":"auto","background-attachment":"scroll","background-type":"","background-media":"","overlay-type":"","overlay-color":"","overlay-opacity":"","overlay-gradient":""},"mobile":{"background-color":"","background-image":"","background-repeat":"repeat","background-position":"center center","background-size":"auto","background-attachment":"scroll","background-type":"","background-media":"","overlay-type":"","overlay-color":"","overlay-opacity":"","overlay-gradient":""}},"ast-content-background-meta":{"desktop":{"background-color":"var(--ast-global-color-5)","background-image":"","background-repeat":"repeat","background-position":"center center","background-size":"auto","background-attachment":"scroll","background-type":"","background-media":"","overlay-type":"","overlay-color":"","overlay-opacity":"","overlay-gradient":""},"tablet":{"background-color":"var(--ast-global-color-5)","background-image":"","background-repeat":"repeat","background-position":"center center","background-size":"auto","background-attachment":"scroll","background-type":"","background-media":"","overlay-type":"","overlay-color":"","overlay-opacity":"","overlay-gradient":""},"mobile":{"background-color":"var(--ast-global-color-5)","background-image":"","background-repeat":"repeat","background-position":"center center","background-size":"auto","background-attachment":"scroll","background-type":"","background-media":"","overlay-type":"","overlay-color":"","overlay-opacity":"","overlay-gradient":""}},"footnotes":""},"class_list":["post-29414","page","type-page","status-publish","hentry"],"acf":[],"yoast_head":"<!-- This site is optimized with the Yoast SEO plugin v27.1.1 - https:\/\/yoast.com\/product\/yoast-seo-wordpress\/ -->\n<title>Brand Mates, rencontrez les marques associ\u00e9es aux h\u00f4tels Am\u00e0re<\/title>\n<meta name=\"description\" content=\"D\u00e9couvrez comment les collaborations de marques avec Am\u00e0re fonctionnent dans divers domaines comme la mode, la musique et bien d&#039;autres.\" \/>\n<meta name=\"robots\" content=\"index, follow, max-snippet:-1, max-image-preview:large, max-video-preview:-1\" \/>\n<link rel=\"canonical\" href=\"https:\/\/www.amarehotels.com\/fr\/brand-mates\/\" \/>\n<meta property=\"og:locale\" content=\"fr_FR\" \/>\n<meta property=\"og:type\" content=\"article\" \/>\n<meta property=\"og:title\" content=\"Brand Mates, rencontrez les marques associ\u00e9es aux h\u00f4tels Am\u00e0re\" \/>\n<meta property=\"og:description\" content=\"D\u00e9couvrez comment les collaborations de marques avec Am\u00e0re fonctionnent dans divers domaines comme la mode, la musique et bien d&#039;autres.\" \/>\n<meta property=\"og:url\" content=\"https:\/\/www.amarehotels.com\/fr\/brand-mates\/\" \/>\n<meta property=\"og:site_name\" content=\"Am\u00e0re Hotels\" \/>\n<meta property=\"article:publisher\" content=\"https:\/\/www.facebook.com\/AmareHotels\/\" \/>\n<meta property=\"article:modified_time\" content=\"2025-10-29T11:32:35+00:00\" \/>\n<meta property=\"og:image\" content=\"https:\/\/www.amarehotels.com\/wp-content\/uploads\/2025\/06\/les-canebiers-logo.png\" \/>\n\t<meta property=\"og:image:width\" content=\"400\" \/>\n\t<meta property=\"og:image:height\" content=\"87\" \/>\n\t<meta property=\"og:image:type\" content=\"image\/png\" \/>\n<meta name=\"twitter:card\" content=\"summary_large_image\" \/>\n<meta name=\"twitter:site\" content=\"@amarehotels\" \/>\n<meta name=\"twitter:label1\" content=\"Dur\u00e9e de lecture estim\u00e9e\" \/>\n\t<meta name=\"twitter:data1\" content=\"2 minutes\" \/>\n<!-- \/ Yoast SEO plugin. -->","yoast_head_json":{"title":"Brand Mates, rencontrez les marques associ\u00e9es aux h\u00f4tels Am\u00e0re","description":"D\u00e9couvrez comment les collaborations de marques avec Am\u00e0re fonctionnent dans divers domaines comme la mode, la musique et bien d'autres.","robots":{"index":"index","follow":"follow","max-snippet":"max-snippet:-1","max-image-preview":"max-image-preview:large","max-video-preview":"max-video-preview:-1"},"canonical":"https:\/\/www.amarehotels.com\/fr\/brand-mates\/","og_locale":"fr_FR","og_type":"article","og_title":"Brand Mates, rencontrez les marques associ\u00e9es aux h\u00f4tels Am\u00e0re","og_description":"D\u00e9couvrez comment les collaborations de marques avec Am\u00e0re fonctionnent dans divers domaines comme la mode, la musique et bien d'autres.","og_url":"https:\/\/www.amarehotels.com\/fr\/brand-mates\/","og_site_name":"Am\u00e0re Hotels","article_publisher":"https:\/\/www.facebook.com\/AmareHotels\/","article_modified_time":"2025-10-29T11:32:35+00:00","og_image":[{"width":400,"height":87,"url":"https:\/\/www.amarehotels.com\/wp-content\/uploads\/2025\/06\/les-canebiers-logo.png","type":"image\/png"}],"twitter_card":"summary_large_image","twitter_site":"@amarehotels","twitter_misc":{"Dur\u00e9e de lecture estim\u00e9e":"2 minutes"},"schema":{"@context":"https:\/\/schema.org","@graph":[{"@type":"WebPage","@id":"https:\/\/www.amarehotels.com\/fr\/brand-mates\/","url":"https:\/\/www.amarehotels.com\/fr\/brand-mates\/","name":"Brand Mates, rencontrez les marques associ\u00e9es aux h\u00f4tels Am\u00e0re","isPartOf":{"@id":"https:\/\/www.amarehotels.com\/fr\/#website"},"primaryImageOfPage":{"@id":"https:\/\/www.amarehotels.com\/fr\/brand-mates\/#primaryimage"},"image":{"@id":"https:\/\/www.amarehotels.com\/fr\/brand-mates\/#primaryimage"},"thumbnailUrl":"https:\/\/www.amarehotels.com\/wp-content\/uploads\/2025\/06\/les-canebiers-logo.png","datePublished":"2025-06-02T11:42:37+00:00","dateModified":"2025-10-29T11:32:35+00:00","description":"D\u00e9couvrez comment les collaborations de marques avec Am\u00e0re fonctionnent dans divers domaines comme la mode, la musique et bien d'autres.","breadcrumb":{"@id":"https:\/\/www.amarehotels.com\/fr\/brand-mates\/#breadcrumb"},"inLanguage":"fr-FR","potentialAction":[{"@type":"ReadAction","target":["https:\/\/www.amarehotels.com\/fr\/brand-mates\/"]}]},{"@type":"ImageObject","inLanguage":"fr-FR","@id":"https:\/\/www.amarehotels.com\/fr\/brand-mates\/#primaryimage","url":"https:\/\/www.amarehotels.com\/wp-content\/uploads\/2025\/06\/les-canebiers-logo.png","contentUrl":"https:\/\/www.amarehotels.com\/wp-content\/uploads\/2025\/06\/les-canebiers-logo.png"},{"@type":"BreadcrumbList","@id":"https:\/\/www.amarehotels.com\/fr\/brand-mates\/#breadcrumb","itemListElement":[{"@type":"ListItem","position":1,"name":"Home","item":"https:\/\/www.amarehotels.com\/fr\/"},{"@type":"ListItem","position":2,"name":"BRAND MATES"}]},{"@type":"WebSite","@id":"https:\/\/www.amarehotels.com\/fr\/#website","url":"https:\/\/www.amarehotels.com\/fr\/","name":"Am\u00e0re Hotels","description":"","publisher":{"@id":"https:\/\/www.amarehotels.com\/fr\/#organization"},"potentialAction":[{"@type":"SearchAction","target":{"@type":"EntryPoint","urlTemplate":"https:\/\/www.amarehotels.com\/fr\/?s={search_term_string}"},"query-input":{"@type":"PropertyValueSpecification","valueRequired":true,"valueName":"search_term_string"}}],"inLanguage":"fr-FR"},{"@type":"Organization","@id":"https:\/\/www.amarehotels.com\/fr\/#organization","name":"Am\u00e0re Hotels","url":"https:\/\/www.amarehotels.com\/fr\/","logo":{"@type":"ImageObject","inLanguage":"fr-FR","@id":"https:\/\/www.amarehotels.com\/fr\/#\/schema\/logo\/image\/","url":"https:\/\/www.amarehotels.com\/wp-content\/uploads\/2025\/11\/amare-hotels.jpg","contentUrl":"https:\/\/www.amarehotels.com\/wp-content\/uploads\/2025\/11\/amare-hotels.jpg","width":1640,"height":888,"caption":"Am\u00e0re Hotels"},"image":{"@id":"https:\/\/www.amarehotels.com\/fr\/#\/schema\/logo\/image\/"},"sameAs":["https:\/\/www.facebook.com\/AmareHotels\/","https:\/\/x.com\/amarehotels","https:\/\/www.instagram.com\/amarehotels\/","https:\/\/www.youtube.com\/c\/AmareHotels","https:\/\/soundcloud.com\/amarehotels"]}]}},"_links":{"self":[{"href":"https:\/\/www.amarehotels.com\/fr\/wp-json\/wp\/v2\/pages\/29414","targetHints":{"allow":["GET"]}}],"collection":[{"href":"https:\/\/www.amarehotels.com\/fr\/wp-json\/wp\/v2\/pages"}],"about":[{"href":"https:\/\/www.amarehotels.com\/fr\/wp-json\/wp\/v2\/types\/page"}],"author":[{"embeddable":true,"href":"https:\/\/www.amarehotels.com\/fr\/wp-json\/wp\/v2\/users\/4"}],"replies":[{"embeddable":true,"href":"https:\/\/www.amarehotels.com\/fr\/wp-json\/wp\/v2\/comments?post=29414"}],"version-history":[{"count":0,"href":"https:\/\/www.amarehotels.com\/fr\/wp-json\/wp\/v2\/pages\/29414\/revisions"}],"wp:attachment":[{"href":"https:\/\/www.amarehotels.com\/fr\/wp-json\/wp\/v2\/media?parent=29414"}],"curies":[{"name":"wp","href":"https:\/\/api.w.org\/{rel}","templated":true}]}}