{"id":29433,"date":"2025-06-02T16:29:19","date_gmt":"2025-06-02T14:29:19","guid":{"rendered":"https:\/\/www.amarehotels.com\/brand-mates\/les-canebiers\/"},"modified":"2025-10-29T12:04:56","modified_gmt":"2025-10-29T11:04:56","slug":"les-canebiers","status":"publish","type":"page","link":"https:\/\/www.amarehotels.com\/fr\/brand-mates\/les-canebiers\/","title":{"rendered":"Les Canebiers"},"content":{"rendered":"\t\t<div data-elementor-type=\"wp-page\" data-elementor-id=\"29433\" class=\"elementor elementor-29433 elementor-5108\" data-elementor-post-type=\"page\">\n\t\t\t\t<div class=\"elementor-element elementor-element-b6b8dc5 e-flex e-con-boxed e-con e-parent\" data-id=\"b6b8dc5\" data-element_type=\"container\" data-e-type=\"container\">\n\t\t\t\t\t<div class=\"e-con-inner\">\n\t\t<div class=\"elementor-element elementor-element-557fb34 e-con-full e-flex elementor-invisible e-con e-child\" data-id=\"557fb34\" data-element_type=\"container\" data-e-type=\"container\" data-settings=\"{&quot;animation&quot;:&quot;fadeIn&quot;}\">\n\t\t<div class=\"elementor-element elementor-element-93cf56b e-con-full e-flex e-con e-child\" data-id=\"93cf56b\" data-element_type=\"container\" data-e-type=\"container\" data-settings=\"{&quot;background_background&quot;:&quot;classic&quot;}\">\n\t\t\t\t<div class=\"elementor-element elementor-element-de75b13 elementor-invisible elementor-widget elementor-widget-image\" data-id=\"de75b13\" data-element_type=\"widget\" data-e-type=\"widget\" data-settings=\"{&quot;_animation&quot;:&quot;fadeIn&quot;,&quot;_animation_delay&quot;:700}\" data-widget_type=\"image.default\">\n\t\t\t\t<div class=\"elementor-widget-container\">\n\t\t\t\t\t\t\t\t\t\t\t\t\t\t\t<img decoding=\"async\" width=\"400\" height=\"87\" src=\"https:\/\/www.amarehotels.com\/wp-content\/uploads\/2025\/06\/les-canebiers-logo.png\" class=\"attachment-full size-full wp-image-21182\" alt=\"Les Canebiers\" srcset=\"https:\/\/www.amarehotels.com\/wp-content\/uploads\/2025\/06\/les-canebiers-logo.png 400w, https:\/\/www.amarehotels.com\/wp-content\/uploads\/2025\/06\/les-canebiers-logo-300x65.png 300w\" sizes=\"(max-width: 400px) 100vw, 400px\" \/>\t\t\t\t\t\t\t\t\t\t\t\t\t\t\t<\/div>\n\t\t\t\t<\/div>\n\t\t\t\t<\/div>\n\t\t\t\t<\/div>\n\t\t<div class=\"elementor-element elementor-element-73318c9 e-con-full e-flex e-con e-child\" data-id=\"73318c9\" data-element_type=\"container\" data-e-type=\"container\" data-settings=\"{&quot;animation&quot;:&quot;none&quot;}\">\n\t\t<div class=\"elementor-element elementor-element-8243a53 e-con-full e-flex e-con e-child\" data-id=\"8243a53\" data-element_type=\"container\" data-e-type=\"container\">\n\t\t\t\t<div class=\"elementor-element elementor-element-be666ca elementor-widget__width-initial elementor-widget elementor-widget-heading\" data-id=\"be666ca\" data-element_type=\"widget\" data-e-type=\"widget\" data-widget_type=\"heading.default\">\n\t\t\t\t<div class=\"elementor-widget-container\">\n\t\t\t\t\t<h1 class=\"elementor-heading-title elementor-size-default\">Maillots de bain au style marin et m\u00e9diterran\u00e9en<\/h1>\t\t\t\t<\/div>\n\t\t\t\t<\/div>\n\t\t\t\t<\/div>\n\t\t<div class=\"elementor-element elementor-element-ea31224 e-con-full e-flex e-con e-child\" data-id=\"ea31224\" data-element_type=\"container\" data-e-type=\"container\">\n\t\t<div class=\"elementor-element elementor-element-f20f2c9 e-con-full e-flex e-con e-child\" data-id=\"f20f2c9\" data-element_type=\"container\" data-e-type=\"container\">\n\t\t\t\t<div class=\"elementor-element elementor-element-a278316 elementor-widget__width-initial elementor-widget elementor-widget-text-editor\" data-id=\"a278316\" data-element_type=\"widget\" data-e-type=\"widget\" data-widget_type=\"text-editor.default\">\n\t\t\t\t<div class=\"elementor-widget-container\">\n\t\t\t\t\t\t\t\t\t<p>Au cours de l\u2019\u00e9t\u00e9 2021, <strong>Am\u00e0re Hotels<\/strong> et la prestigieuse marque de maillots de bain <strong>Les Canebiers<\/strong> ont conjugu\u00e9 leurs efforts dans le cadre d\u2019une collaboration visant \u00e0 habiller les mannequins qui ont particip\u00e9 aux s\u00e9ances de photos de la cha\u00eene h\u00f4teli\u00e8re recommand\u00e9e pour adultes.<\/p>\t\t\t\t\t\t\t\t<\/div>\n\t\t\t\t<\/div>\n\t\t\t\t<\/div>\n\t\t<div class=\"elementor-element elementor-element-ea38dd5 e-con-full e-flex e-con e-child\" data-id=\"ea38dd5\" data-element_type=\"container\" data-e-type=\"container\">\n\t\t\t\t<div class=\"elementor-element elementor-element-c462216 elementor-widget__width-initial elementor-widget elementor-widget-text-editor\" data-id=\"c462216\" data-element_type=\"widget\" data-e-type=\"widget\" data-widget_type=\"text-editor.default\">\n\t\t\t\t<div class=\"elementor-widget-container\">\n\t\t\t\t\t\t\t\t\t<p>Les Canebiers, originaires de Saint-Tropez, la ville baln\u00e9aire fran\u00e7aise embl\u00e9matique de la C\u00f4te d\u2019Azur, \u00e9voquent les grandes figures des ann\u00e9es 1950, telles que Fran\u00e7oise Sagan, Jacques Pr\u00e9vert ou Pablo Picasso, qui ont visit\u00e9 ou se sont install\u00e9s dans cette ville c\u00f4ti\u00e8re m\u00e9diterran\u00e9enne. Une autre figure souvent associ\u00e9e \u00e0 Saint-Tropez est la l\u00e9gendaire actrice fran\u00e7aise Brigitte Bardot.<\/p>\t\t\t\t\t\t\t\t<\/div>\n\t\t\t\t<\/div>\n\t\t\t\t<\/div>\n\t\t\t\t<\/div>\n\t\t<div class=\"elementor-element elementor-element-2831424 e-con-full e-flex e-con e-child\" data-id=\"2831424\" data-element_type=\"container\" data-e-type=\"container\">\n\t\t<div class=\"elementor-element elementor-element-1d1f705 e-con-full e-flex e-con e-child\" data-id=\"1d1f705\" data-element_type=\"container\" data-e-type=\"container\">\n\t\t\t\t<div class=\"elementor-element elementor-element-0740270 elementor-widget__width-initial elementor-widget elementor-widget-text-editor\" data-id=\"0740270\" data-element_type=\"widget\" data-e-type=\"widget\" data-widget_type=\"text-editor.default\">\n\t\t\t\t<div class=\"elementor-widget-container\">\n\t\t\t\t\t\t\t\t\t<p>Avec ses lignes r\u00e9solument nautiques, Les Canebiers se fondent parfaitement dans l\u2019esprit m\u00e9diterran\u00e9en, artistique et sophistiqu\u00e9 de la petite ville baln\u00e9aire, qui se refl\u00e8te dans ses \u00e9l\u00e9gants mod\u00e8les de maillots de bain.<\/p>\t\t\t\t\t\t\t\t<\/div>\n\t\t\t\t<\/div>\n\t\t\t\t<\/div>\n\t\t\t\t<\/div>\n\t\t\t\t<\/div>\n\t\t\t\t\t<\/div>\n\t\t\t\t<\/div>\n\t\t\t\t<\/div>\n\t\t","protected":false},"excerpt":{"rendered":"<p>Maillots de bain au style marin et m\u00e9diterran\u00e9en Au cours de l\u2019\u00e9t\u00e9 2021, Am\u00e0re Hotels et la prestigieuse marque de maillots de bain Les Canebiers ont conjugu\u00e9 leurs efforts dans le cadre d\u2019une collaboration visant \u00e0 habiller les mannequins qui ont particip\u00e9 aux s\u00e9ances de photos de la cha\u00eene h\u00f4teli\u00e8re recommand\u00e9e pour adultes. Les Canebiers, [&hellip;]<\/p>\n","protected":false},"author":4,"featured_media":0,"parent":29414,"menu_order":0,"comment_status":"closed","ping_status":"closed","template":"","meta":{"_acf_changed":false,"inline_featured_image":false,"site-sidebar-layout":"no-sidebar","site-content-layout":"page-builder","ast-site-content-layout":"full-width-container","site-content-style":"default","site-sidebar-style":"default","ast-global-header-display":"","ast-banner-title-visibility":"","ast-main-header-display":"","ast-hfb-above-header-display":"","ast-hfb-below-header-display":"","ast-hfb-mobile-header-display":"","site-post-title":"disabled","ast-breadcrumbs-content":"","ast-featured-img":"disabled","footer-sml-layout":"","ast-disable-related-posts":"","theme-transparent-header-meta":"","adv-header-id-meta":"","stick-header-meta":"","header-above-stick-meta":"","header-main-stick-meta":"","header-below-stick-meta":"","astra-migrate-meta-layouts":"set","ast-page-background-enabled":"default","ast-page-background-meta":{"desktop":{"background-color":"var(--ast-global-color-4)","background-image":"","background-repeat":"repeat","background-position":"center center","background-size":"auto","background-attachment":"scroll","background-type":"","background-media":"","overlay-type":"","overlay-color":"","overlay-opacity":"","overlay-gradient":""},"tablet":{"background-color":"","background-image":"","background-repeat":"repeat","background-position":"center center","background-size":"auto","background-attachment":"scroll","background-type":"","background-media":"","overlay-type":"","overlay-color":"","overlay-opacity":"","overlay-gradient":""},"mobile":{"background-color":"","background-image":"","background-repeat":"repeat","background-position":"center center","background-size":"auto","background-attachment":"scroll","background-type":"","background-media":"","overlay-type":"","overlay-color":"","overlay-opacity":"","overlay-gradient":""}},"ast-content-background-meta":{"desktop":{"background-color":"var(--ast-global-color-5)","background-image":"","background-repeat":"repeat","background-position":"center center","background-size":"auto","background-attachment":"scroll","background-type":"","background-media":"","overlay-type":"","overlay-color":"","overlay-opacity":"","overlay-gradient":""},"tablet":{"background-color":"var(--ast-global-color-5)","background-image":"","background-repeat":"repeat","background-position":"center center","background-size":"auto","background-attachment":"scroll","background-type":"","background-media":"","overlay-type":"","overlay-color":"","overlay-opacity":"","overlay-gradient":""},"mobile":{"background-color":"var(--ast-global-color-5)","background-image":"","background-repeat":"repeat","background-position":"center center","background-size":"auto","background-attachment":"scroll","background-type":"","background-media":"","overlay-type":"","overlay-color":"","overlay-opacity":"","overlay-gradient":""}},"footnotes":""},"class_list":["post-29433","page","type-page","status-publish","hentry"],"acf":[],"yoast_head":"<!-- This site is optimized with the Yoast SEO plugin v27.1.1 - https:\/\/yoast.com\/product\/yoast-seo-wordpress\/ -->\n<title>Les Canebiers mode Maillots de bain de styles M\u00e9diterran\u00e9ens<\/title>\n<meta name=\"description\" content=\"Am\u00e0re Hotels et Les Canebiers se sont associ\u00e9s dans un partenariat dont l&#039;objectif \u00e9tait d&#039;habiller les mannequins qui ont particip\u00e9 \u00e0 nos s\u00e9ances photos.\" \/>\n<meta name=\"robots\" content=\"index, follow, max-snippet:-1, max-image-preview:large, max-video-preview:-1\" \/>\n<link rel=\"canonical\" href=\"https:\/\/www.amarehotels.com\/fr\/brand-mates\/les-canebiers\/\" \/>\n<meta property=\"og:locale\" content=\"fr_FR\" \/>\n<meta property=\"og:type\" content=\"article\" \/>\n<meta property=\"og:title\" content=\"Les Canebiers mode Maillots de bain de styles M\u00e9diterran\u00e9ens\" \/>\n<meta property=\"og:description\" content=\"Am\u00e0re Hotels et Les Canebiers se sont associ\u00e9s dans un partenariat dont l&#039;objectif \u00e9tait d&#039;habiller les mannequins qui ont particip\u00e9 \u00e0 nos s\u00e9ances photos.\" \/>\n<meta property=\"og:url\" content=\"https:\/\/www.amarehotels.com\/fr\/brand-mates\/les-canebiers\/\" \/>\n<meta property=\"og:site_name\" content=\"Am\u00e0re Hotels\" \/>\n<meta property=\"article:publisher\" content=\"https:\/\/www.facebook.com\/AmareHotels\/\" \/>\n<meta property=\"article:modified_time\" content=\"2025-10-29T11:04:56+00:00\" \/>\n<meta property=\"og:image\" content=\"https:\/\/www.amarehotels.com\/wp-content\/uploads\/2025\/06\/les-canebiers-logo.png\" \/>\n<meta name=\"twitter:card\" content=\"summary_large_image\" \/>\n<meta name=\"twitter:site\" content=\"@amarehotels\" \/>\n<meta name=\"twitter:label1\" content=\"Dur\u00e9e de lecture estim\u00e9e\" \/>\n\t<meta name=\"twitter:data1\" content=\"1 minute\" \/>\n<!-- \/ Yoast SEO plugin. -->","yoast_head_json":{"title":"Les Canebiers mode Maillots de bain de styles M\u00e9diterran\u00e9ens","description":"Am\u00e0re Hotels et Les Canebiers se sont associ\u00e9s dans un partenariat dont l'objectif \u00e9tait d'habiller les mannequins qui ont particip\u00e9 \u00e0 nos s\u00e9ances photos.","robots":{"index":"index","follow":"follow","max-snippet":"max-snippet:-1","max-image-preview":"max-image-preview:large","max-video-preview":"max-video-preview:-1"},"canonical":"https:\/\/www.amarehotels.com\/fr\/brand-mates\/les-canebiers\/","og_locale":"fr_FR","og_type":"article","og_title":"Les Canebiers mode Maillots de bain de styles M\u00e9diterran\u00e9ens","og_description":"Am\u00e0re Hotels et Les Canebiers se sont associ\u00e9s dans un partenariat dont l'objectif \u00e9tait d'habiller les mannequins qui ont particip\u00e9 \u00e0 nos s\u00e9ances photos.","og_url":"https:\/\/www.amarehotels.com\/fr\/brand-mates\/les-canebiers\/","og_site_name":"Am\u00e0re Hotels","article_publisher":"https:\/\/www.facebook.com\/AmareHotels\/","article_modified_time":"2025-10-29T11:04:56+00:00","og_image":[{"url":"https:\/\/www.amarehotels.com\/wp-content\/uploads\/2025\/06\/les-canebiers-logo.png","type":"","width":"","height":""}],"twitter_card":"summary_large_image","twitter_site":"@amarehotels","twitter_misc":{"Dur\u00e9e de lecture estim\u00e9e":"1 minute"},"schema":{"@context":"https:\/\/schema.org","@graph":[{"@type":"WebPage","@id":"https:\/\/www.amarehotels.com\/fr\/brand-mates\/les-canebiers\/","url":"https:\/\/www.amarehotels.com\/fr\/brand-mates\/les-canebiers\/","name":"Les Canebiers mode Maillots de bain de styles M\u00e9diterran\u00e9ens","isPartOf":{"@id":"https:\/\/www.amarehotels.com\/fr\/#website"},"primaryImageOfPage":{"@id":"https:\/\/www.amarehotels.com\/fr\/brand-mates\/les-canebiers\/#primaryimage"},"image":{"@id":"https:\/\/www.amarehotels.com\/fr\/brand-mates\/les-canebiers\/#primaryimage"},"thumbnailUrl":"https:\/\/www.amarehotels.com\/wp-content\/uploads\/2025\/06\/les-canebiers-logo.png","datePublished":"2025-06-02T14:29:19+00:00","dateModified":"2025-10-29T11:04:56+00:00","description":"Am\u00e0re Hotels et Les Canebiers se sont associ\u00e9s dans un partenariat dont l'objectif \u00e9tait d'habiller les mannequins qui ont particip\u00e9 \u00e0 nos s\u00e9ances photos.","breadcrumb":{"@id":"https:\/\/www.amarehotels.com\/fr\/brand-mates\/les-canebiers\/#breadcrumb"},"inLanguage":"fr-FR","potentialAction":[{"@type":"ReadAction","target":["https:\/\/www.amarehotels.com\/fr\/brand-mates\/les-canebiers\/"]}]},{"@type":"ImageObject","inLanguage":"fr-FR","@id":"https:\/\/www.amarehotels.com\/fr\/brand-mates\/les-canebiers\/#primaryimage","url":"https:\/\/www.amarehotels.com\/wp-content\/uploads\/2025\/06\/les-canebiers-logo.png","contentUrl":"https:\/\/www.amarehotels.com\/wp-content\/uploads\/2025\/06\/les-canebiers-logo.png"},{"@type":"BreadcrumbList","@id":"https:\/\/www.amarehotels.com\/fr\/brand-mates\/les-canebiers\/#breadcrumb","itemListElement":[{"@type":"ListItem","position":1,"name":"Home","item":"https:\/\/www.amarehotels.com\/fr\/"},{"@type":"ListItem","position":2,"name":"BRAND MATES","item":"https:\/\/www.amarehotels.com\/fr\/brand-mates\/"},{"@type":"ListItem","position":3,"name":"Les Canebiers"}]},{"@type":"WebSite","@id":"https:\/\/www.amarehotels.com\/fr\/#website","url":"https:\/\/www.amarehotels.com\/fr\/","name":"Am\u00e0re Hotels","description":"","publisher":{"@id":"https:\/\/www.amarehotels.com\/fr\/#organization"},"potentialAction":[{"@type":"SearchAction","target":{"@type":"EntryPoint","urlTemplate":"https:\/\/www.amarehotels.com\/fr\/?s={search_term_string}"},"query-input":{"@type":"PropertyValueSpecification","valueRequired":true,"valueName":"search_term_string"}}],"inLanguage":"fr-FR"},{"@type":"Organization","@id":"https:\/\/www.amarehotels.com\/fr\/#organization","name":"Am\u00e0re Hotels","url":"https:\/\/www.amarehotels.com\/fr\/","logo":{"@type":"ImageObject","inLanguage":"fr-FR","@id":"https:\/\/www.amarehotels.com\/fr\/#\/schema\/logo\/image\/","url":"https:\/\/www.amarehotels.com\/wp-content\/uploads\/2025\/11\/amare-hotels.jpg","contentUrl":"https:\/\/www.amarehotels.com\/wp-content\/uploads\/2025\/11\/amare-hotels.jpg","width":1640,"height":888,"caption":"Am\u00e0re Hotels"},"image":{"@id":"https:\/\/www.amarehotels.com\/fr\/#\/schema\/logo\/image\/"},"sameAs":["https:\/\/www.facebook.com\/AmareHotels\/","https:\/\/x.com\/amarehotels","https:\/\/www.instagram.com\/amarehotels\/","https:\/\/www.youtube.com\/c\/AmareHotels","https:\/\/soundcloud.com\/amarehotels"]}]}},"_links":{"self":[{"href":"https:\/\/www.amarehotels.com\/fr\/wp-json\/wp\/v2\/pages\/29433","targetHints":{"allow":["GET"]}}],"collection":[{"href":"https:\/\/www.amarehotels.com\/fr\/wp-json\/wp\/v2\/pages"}],"about":[{"href":"https:\/\/www.amarehotels.com\/fr\/wp-json\/wp\/v2\/types\/page"}],"author":[{"embeddable":true,"href":"https:\/\/www.amarehotels.com\/fr\/wp-json\/wp\/v2\/users\/4"}],"replies":[{"embeddable":true,"href":"https:\/\/www.amarehotels.com\/fr\/wp-json\/wp\/v2\/comments?post=29433"}],"version-history":[{"count":0,"href":"https:\/\/www.amarehotels.com\/fr\/wp-json\/wp\/v2\/pages\/29433\/revisions"}],"up":[{"embeddable":true,"href":"https:\/\/www.amarehotels.com\/fr\/wp-json\/wp\/v2\/pages\/29414"}],"wp:attachment":[{"href":"https:\/\/www.amarehotels.com\/fr\/wp-json\/wp\/v2\/media?parent=29433"}],"curies":[{"name":"wp","href":"https:\/\/api.w.org\/{rel}","templated":true}]}}