{"id":29478,"date":"2025-06-02T16:11:02","date_gmt":"2025-06-02T14:11:02","guid":{"rendered":"https:\/\/www.amarehotels.com\/brand-mates\/lola-casademunt\/"},"modified":"2025-10-29T12:22:33","modified_gmt":"2025-10-29T11:22:33","slug":"lola-casademunt","status":"publish","type":"page","link":"https:\/\/www.amarehotels.com\/fr\/brand-mates\/lola-casademunt\/","title":{"rendered":"Lola Casademunt"},"content":{"rendered":"\t\t<div data-elementor-type=\"wp-page\" data-elementor-id=\"29478\" class=\"elementor elementor-29478 elementor-5090\" data-elementor-post-type=\"page\">\n\t\t\t\t<div class=\"elementor-element elementor-element-f87c886 e-flex e-con-boxed e-con e-parent\" data-id=\"f87c886\" data-element_type=\"container\" data-e-type=\"container\">\n\t\t\t\t\t<div class=\"e-con-inner\">\n\t\t<div class=\"elementor-element elementor-element-fed8963 e-con-full e-flex elementor-invisible e-con e-child\" data-id=\"fed8963\" data-element_type=\"container\" data-e-type=\"container\" data-settings=\"{&quot;animation&quot;:&quot;fadeIn&quot;}\">\n\t\t<div class=\"elementor-element elementor-element-eb00905 e-con-full e-flex e-con e-child\" data-id=\"eb00905\" data-element_type=\"container\" data-e-type=\"container\" data-settings=\"{&quot;background_background&quot;:&quot;classic&quot;}\">\n\t\t\t\t<div class=\"elementor-element elementor-element-d927bff elementor-invisible elementor-widget elementor-widget-image\" data-id=\"d927bff\" data-element_type=\"widget\" data-e-type=\"widget\" data-settings=\"{&quot;_animation&quot;:&quot;fadeIn&quot;,&quot;_animation_delay&quot;:700}\" data-widget_type=\"image.default\">\n\t\t\t\t<div class=\"elementor-widget-container\">\n\t\t\t\t\t\t\t\t\t\t\t\t\t\t\t<img fetchpriority=\"high\" decoding=\"async\" width=\"938\" height=\"241\" src=\"https:\/\/www.amarehotels.com\/wp-content\/uploads\/2025\/06\/lola-casademunt.svg\" class=\"attachment-full size-full wp-image-21195\" alt=\"Lola Casademunt\" \/>\t\t\t\t\t\t\t\t\t\t\t\t\t\t\t<\/div>\n\t\t\t\t<\/div>\n\t\t\t\t<\/div>\n\t\t\t\t<\/div>\n\t\t<div class=\"elementor-element elementor-element-bc7e5d6 e-con-full e-flex e-con e-child\" data-id=\"bc7e5d6\" data-element_type=\"container\" data-e-type=\"container\">\n\t\t<div class=\"elementor-element elementor-element-1133621 e-con-full e-flex e-con e-child\" data-id=\"1133621\" data-element_type=\"container\" data-e-type=\"container\">\n\t\t\t\t<div class=\"elementor-element elementor-element-c497b50 elementor-widget__width-initial elementor-widget elementor-widget-heading\" data-id=\"c497b50\" data-element_type=\"widget\" data-e-type=\"widget\" data-widget_type=\"heading.default\">\n\t\t\t\t<div class=\"elementor-widget-container\">\n\t\t\t\t\t<h1 class=\"elementor-heading-title elementor-size-default\">Mode f\u00e9minine cosmopolite et \u00e9l\u00e9gante<\/h1>\t\t\t\t<\/div>\n\t\t\t\t<\/div>\n\t\t\t\t<\/div>\n\t\t<div class=\"elementor-element elementor-element-58e4bb5 e-con-full e-flex e-con e-child\" data-id=\"58e4bb5\" data-element_type=\"container\" data-e-type=\"container\">\n\t\t<div class=\"elementor-element elementor-element-6da6e8c e-con-full e-flex e-con e-child\" data-id=\"6da6e8c\" data-element_type=\"container\" data-e-type=\"container\">\n\t\t\t\t<div class=\"elementor-element elementor-element-c4ecd6d elementor-widget__width-initial elementor-widget elementor-widget-text-editor\" data-id=\"c4ecd6d\" data-element_type=\"widget\" data-e-type=\"widget\" data-widget_type=\"text-editor.default\">\n\t\t\t\t<div class=\"elementor-widget-container\">\n\t\t\t\t\t\t\t\t\t<p>La marque de v\u00eatements pour femmes\u00a0<b>Lola Casademunt<\/b>\u00a0a collabor\u00e9 en 2021 avec\u00a0<b>Am\u00e0re Hotels<\/b>\u00a0en pr\u00eatant une partie de sa collection pour la s\u00e9ance photo que la cha\u00eene h\u00f4teli\u00e8re recommand\u00e9e pour adultes a r\u00e9alis\u00e9e avec l\u2019influenceuse et mannequin <a href=\"https:\/\/www.amarehotels.com\/fr\/brand-mates-fr\/ana-moya\/\"><b>Ana Moya<\/b><\/a> pour la campagne printemps 2022 en Espagne.<\/p>\t\t\t\t\t\t\t\t<\/div>\n\t\t\t\t<\/div>\n\t\t\t\t<\/div>\n\t\t<div class=\"elementor-element elementor-element-d9d641e e-con-full e-flex e-con e-child\" data-id=\"d9d641e\" data-element_type=\"container\" data-e-type=\"container\">\n\t\t\t\t<div class=\"elementor-element elementor-element-ae80edf elementor-widget__width-initial elementor-widget elementor-widget-text-editor\" data-id=\"ae80edf\" data-element_type=\"widget\" data-e-type=\"widget\" data-widget_type=\"text-editor.default\">\n\t\t\t\t<div class=\"elementor-widget-container\">\n\t\t\t\t\t\t\t\t\t<p>Lola Casademunt est une marque audacieuse et cosmopolite pour les femmes d\u00e9termin\u00e9es et conscientes des derni\u00e8res tendances. Son style est \u00e9clectique, alliant la sophistication \u00e0 la commodit\u00e9, le casual au chic et le confort \u00e0 l\u2019intr\u00e9pidit\u00e9.<\/p>\t\t\t\t\t\t\t\t<\/div>\n\t\t\t\t<\/div>\n\t\t\t\t<\/div>\n\t\t\t\t<\/div>\n\t\t<div class=\"elementor-element elementor-element-c080ee7 e-con-full e-flex e-con e-child\" data-id=\"c080ee7\" data-element_type=\"container\" data-e-type=\"container\">\n\t\t<div class=\"elementor-element elementor-element-19bc23a e-con-full e-flex e-con e-child\" data-id=\"19bc23a\" data-element_type=\"container\" data-e-type=\"container\">\n\t\t\t\t<div class=\"elementor-element elementor-element-3325b4c elementor-widget__width-initial elementor-widget elementor-widget-text-editor\" data-id=\"3325b4c\" data-element_type=\"widget\" data-e-type=\"widget\" data-widget_type=\"text-editor.default\">\n\t\t\t\t<div class=\"elementor-widget-container\">\n\t\t\t\t\t\t\t\t\t<p>La cr\u00e9ativit\u00e9 de Lola Casademunt rejoint le cadre \u00e9l\u00e9gant et m\u00e9diterran\u00e9en d\u2019Am\u00e0re Hotels, donnant lieu \u00e0 une collaboration de grande classe.<\/p>\t\t\t\t\t\t\t\t<\/div>\n\t\t\t\t<\/div>\n\t\t\t\t<\/div>\n\t\t\t\t<\/div>\n\t\t\t\t<\/div>\n\t\t\t\t\t<\/div>\n\t\t\t\t<\/div>\n\t\t\t\t<\/div>\n\t\t","protected":false},"excerpt":{"rendered":"<p>Mode f\u00e9minine cosmopolite et \u00e9l\u00e9gante La marque de v\u00eatements pour femmes\u00a0Lola Casademunt\u00a0a collabor\u00e9 en 2021 avec\u00a0Am\u00e0re Hotels\u00a0en pr\u00eatant une partie de sa collection pour la s\u00e9ance photo que la cha\u00eene h\u00f4teli\u00e8re recommand\u00e9e pour adultes a r\u00e9alis\u00e9e avec l\u2019influenceuse et mannequin Ana Moya pour la campagne printemps 2022 en Espagne. Lola Casademunt est une marque audacieuse [&hellip;]<\/p>\n","protected":false},"author":4,"featured_media":0,"parent":29414,"menu_order":0,"comment_status":"closed","ping_status":"closed","template":"","meta":{"_acf_changed":false,"inline_featured_image":false,"site-sidebar-layout":"no-sidebar","site-content-layout":"page-builder","ast-site-content-layout":"full-width-container","site-content-style":"default","site-sidebar-style":"default","ast-global-header-display":"","ast-banner-title-visibility":"","ast-main-header-display":"","ast-hfb-above-header-display":"","ast-hfb-below-header-display":"","ast-hfb-mobile-header-display":"","site-post-title":"disabled","ast-breadcrumbs-content":"","ast-featured-img":"disabled","footer-sml-layout":"","ast-disable-related-posts":"","theme-transparent-header-meta":"","adv-header-id-meta":"","stick-header-meta":"","header-above-stick-meta":"","header-main-stick-meta":"","header-below-stick-meta":"","astra-migrate-meta-layouts":"set","ast-page-background-enabled":"default","ast-page-background-meta":{"desktop":{"background-color":"var(--ast-global-color-4)","background-image":"","background-repeat":"repeat","background-position":"center center","background-size":"auto","background-attachment":"scroll","background-type":"","background-media":"","overlay-type":"","overlay-color":"","overlay-opacity":"","overlay-gradient":""},"tablet":{"background-color":"","background-image":"","background-repeat":"repeat","background-position":"center center","background-size":"auto","background-attachment":"scroll","background-type":"","background-media":"","overlay-type":"","overlay-color":"","overlay-opacity":"","overlay-gradient":""},"mobile":{"background-color":"","background-image":"","background-repeat":"repeat","background-position":"center center","background-size":"auto","background-attachment":"scroll","background-type":"","background-media":"","overlay-type":"","overlay-color":"","overlay-opacity":"","overlay-gradient":""}},"ast-content-background-meta":{"desktop":{"background-color":"var(--ast-global-color-5)","background-image":"","background-repeat":"repeat","background-position":"center center","background-size":"auto","background-attachment":"scroll","background-type":"","background-media":"","overlay-type":"","overlay-color":"","overlay-opacity":"","overlay-gradient":""},"tablet":{"background-color":"var(--ast-global-color-5)","background-image":"","background-repeat":"repeat","background-position":"center center","background-size":"auto","background-attachment":"scroll","background-type":"","background-media":"","overlay-type":"","overlay-color":"","overlay-opacity":"","overlay-gradient":""},"mobile":{"background-color":"var(--ast-global-color-5)","background-image":"","background-repeat":"repeat","background-position":"center center","background-size":"auto","background-attachment":"scroll","background-type":"","background-media":"","overlay-type":"","overlay-color":"","overlay-opacity":"","overlay-gradient":""}},"footnotes":""},"class_list":["post-29478","page","type-page","status-publish","hentry"],"acf":[],"yoast_head":"<!-- This site is optimized with the Yoast SEO plugin v27.1.1 - https:\/\/yoast.com\/product\/yoast-seo-wordpress\/ -->\n<title>Lola Casademunt, mode cosmopolite et \u00e9l\u00e9gante pour femmes<\/title>\n<meta name=\"description\" content=\"La marque de mode pour femmes Lola Casademunt s&#039;est associ\u00e9e \u00e0 Am\u00e0re Hotels pour une s\u00e9ance photos avec l&#039;influenceuse et mannequin Ana Moya.\" \/>\n<meta name=\"robots\" content=\"index, follow, max-snippet:-1, max-image-preview:large, max-video-preview:-1\" \/>\n<link rel=\"canonical\" href=\"https:\/\/www.amarehotels.com\/fr\/brand-mates\/lola-casademunt\/\" \/>\n<meta property=\"og:locale\" content=\"fr_FR\" \/>\n<meta property=\"og:type\" content=\"article\" \/>\n<meta property=\"og:title\" content=\"Lola Casademunt, mode cosmopolite et \u00e9l\u00e9gante pour femmes\" \/>\n<meta property=\"og:description\" content=\"La marque de mode pour femmes Lola Casademunt s&#039;est associ\u00e9e \u00e0 Am\u00e0re Hotels pour une s\u00e9ance photos avec l&#039;influenceuse et mannequin Ana Moya.\" \/>\n<meta property=\"og:url\" content=\"https:\/\/www.amarehotels.com\/fr\/brand-mates\/lola-casademunt\/\" \/>\n<meta property=\"og:site_name\" content=\"Am\u00e0re Hotels\" \/>\n<meta property=\"article:publisher\" content=\"https:\/\/www.facebook.com\/AmareHotels\/\" \/>\n<meta property=\"article:modified_time\" content=\"2025-10-29T11:22:33+00:00\" \/>\n<meta name=\"twitter:card\" content=\"summary_large_image\" \/>\n<meta name=\"twitter:site\" content=\"@amarehotels\" \/>\n<meta name=\"twitter:label1\" content=\"Dur\u00e9e de lecture estim\u00e9e\" \/>\n\t<meta name=\"twitter:data1\" content=\"1 minute\" \/>\n<!-- \/ Yoast SEO plugin. -->","yoast_head_json":{"title":"Lola Casademunt, mode cosmopolite et \u00e9l\u00e9gante pour femmes","description":"La marque de mode pour femmes Lola Casademunt s'est associ\u00e9e \u00e0 Am\u00e0re Hotels pour une s\u00e9ance photos avec l'influenceuse et mannequin Ana Moya.","robots":{"index":"index","follow":"follow","max-snippet":"max-snippet:-1","max-image-preview":"max-image-preview:large","max-video-preview":"max-video-preview:-1"},"canonical":"https:\/\/www.amarehotels.com\/fr\/brand-mates\/lola-casademunt\/","og_locale":"fr_FR","og_type":"article","og_title":"Lola Casademunt, mode cosmopolite et \u00e9l\u00e9gante pour femmes","og_description":"La marque de mode pour femmes Lola Casademunt s'est associ\u00e9e \u00e0 Am\u00e0re Hotels pour une s\u00e9ance photos avec l'influenceuse et mannequin Ana Moya.","og_url":"https:\/\/www.amarehotels.com\/fr\/brand-mates\/lola-casademunt\/","og_site_name":"Am\u00e0re Hotels","article_publisher":"https:\/\/www.facebook.com\/AmareHotels\/","article_modified_time":"2025-10-29T11:22:33+00:00","twitter_card":"summary_large_image","twitter_site":"@amarehotels","twitter_misc":{"Dur\u00e9e de lecture estim\u00e9e":"1 minute"},"schema":{"@context":"https:\/\/schema.org","@graph":[{"@type":"WebPage","@id":"https:\/\/www.amarehotels.com\/fr\/brand-mates\/lola-casademunt\/","url":"https:\/\/www.amarehotels.com\/fr\/brand-mates\/lola-casademunt\/","name":"Lola Casademunt, mode cosmopolite et \u00e9l\u00e9gante pour femmes","isPartOf":{"@id":"https:\/\/www.amarehotels.com\/fr\/#website"},"primaryImageOfPage":{"@id":"https:\/\/www.amarehotels.com\/fr\/brand-mates\/lola-casademunt\/#primaryimage"},"image":{"@id":"https:\/\/www.amarehotels.com\/fr\/brand-mates\/lola-casademunt\/#primaryimage"},"thumbnailUrl":"https:\/\/www.amarehotels.com\/wp-content\/uploads\/2025\/06\/lola-casademunt.svg","datePublished":"2025-06-02T14:11:02+00:00","dateModified":"2025-10-29T11:22:33+00:00","description":"La marque de mode pour femmes Lola Casademunt s'est associ\u00e9e \u00e0 Am\u00e0re Hotels pour une s\u00e9ance photos avec l'influenceuse et mannequin Ana Moya.","breadcrumb":{"@id":"https:\/\/www.amarehotels.com\/fr\/brand-mates\/lola-casademunt\/#breadcrumb"},"inLanguage":"fr-FR","potentialAction":[{"@type":"ReadAction","target":["https:\/\/www.amarehotels.com\/fr\/brand-mates\/lola-casademunt\/"]}]},{"@type":"ImageObject","inLanguage":"fr-FR","@id":"https:\/\/www.amarehotels.com\/fr\/brand-mates\/lola-casademunt\/#primaryimage","url":"https:\/\/www.amarehotels.com\/wp-content\/uploads\/2025\/06\/lola-casademunt.svg","contentUrl":"https:\/\/www.amarehotels.com\/wp-content\/uploads\/2025\/06\/lola-casademunt.svg"},{"@type":"BreadcrumbList","@id":"https:\/\/www.amarehotels.com\/fr\/brand-mates\/lola-casademunt\/#breadcrumb","itemListElement":[{"@type":"ListItem","position":1,"name":"Home","item":"https:\/\/www.amarehotels.com\/fr\/"},{"@type":"ListItem","position":2,"name":"BRAND MATES","item":"https:\/\/www.amarehotels.com\/fr\/brand-mates\/"},{"@type":"ListItem","position":3,"name":"Lola Casademunt"}]},{"@type":"WebSite","@id":"https:\/\/www.amarehotels.com\/fr\/#website","url":"https:\/\/www.amarehotels.com\/fr\/","name":"Am\u00e0re Hotels","description":"","publisher":{"@id":"https:\/\/www.amarehotels.com\/fr\/#organization"},"potentialAction":[{"@type":"SearchAction","target":{"@type":"EntryPoint","urlTemplate":"https:\/\/www.amarehotels.com\/fr\/?s={search_term_string}"},"query-input":{"@type":"PropertyValueSpecification","valueRequired":true,"valueName":"search_term_string"}}],"inLanguage":"fr-FR"},{"@type":"Organization","@id":"https:\/\/www.amarehotels.com\/fr\/#organization","name":"Am\u00e0re Hotels","url":"https:\/\/www.amarehotels.com\/fr\/","logo":{"@type":"ImageObject","inLanguage":"fr-FR","@id":"https:\/\/www.amarehotels.com\/fr\/#\/schema\/logo\/image\/","url":"https:\/\/www.amarehotels.com\/wp-content\/uploads\/2025\/11\/amare-hotels.jpg","contentUrl":"https:\/\/www.amarehotels.com\/wp-content\/uploads\/2025\/11\/amare-hotels.jpg","width":1640,"height":888,"caption":"Am\u00e0re Hotels"},"image":{"@id":"https:\/\/www.amarehotels.com\/fr\/#\/schema\/logo\/image\/"},"sameAs":["https:\/\/www.facebook.com\/AmareHotels\/","https:\/\/x.com\/amarehotels","https:\/\/www.instagram.com\/amarehotels\/","https:\/\/www.youtube.com\/c\/AmareHotels","https:\/\/soundcloud.com\/amarehotels"]}]}},"_links":{"self":[{"href":"https:\/\/www.amarehotels.com\/fr\/wp-json\/wp\/v2\/pages\/29478","targetHints":{"allow":["GET"]}}],"collection":[{"href":"https:\/\/www.amarehotels.com\/fr\/wp-json\/wp\/v2\/pages"}],"about":[{"href":"https:\/\/www.amarehotels.com\/fr\/wp-json\/wp\/v2\/types\/page"}],"author":[{"embeddable":true,"href":"https:\/\/www.amarehotels.com\/fr\/wp-json\/wp\/v2\/users\/4"}],"replies":[{"embeddable":true,"href":"https:\/\/www.amarehotels.com\/fr\/wp-json\/wp\/v2\/comments?post=29478"}],"version-history":[{"count":0,"href":"https:\/\/www.amarehotels.com\/fr\/wp-json\/wp\/v2\/pages\/29478\/revisions"}],"up":[{"embeddable":true,"href":"https:\/\/www.amarehotels.com\/fr\/wp-json\/wp\/v2\/pages\/29414"}],"wp:attachment":[{"href":"https:\/\/www.amarehotels.com\/fr\/wp-json\/wp\/v2\/media?parent=29478"}],"curies":[{"name":"wp","href":"https:\/\/api.w.org\/{rel}","templated":true}]}}