{"id":32390,"date":"2025-10-31T13:53:24","date_gmt":"2025-10-31T12:53:24","guid":{"rendered":"https:\/\/www.amarehotels.com\/choose-your-room\/"},"modified":"2026-02-19T10:02:44","modified_gmt":"2026-02-19T09:02:44","slug":"choisissez-votre-chambre","status":"publish","type":"page","link":"https:\/\/www.amarehotels.com\/fr\/choisissez-votre-chambre\/","title":{"rendered":"Choose your room"},"content":{"rendered":"\t\t<div data-elementor-type=\"wp-page\" data-elementor-id=\"32390\" class=\"elementor elementor-32390 elementor-31049\" data-elementor-post-type=\"page\">\n\t\t\t\t<div class=\"elementor-element elementor-element-7f67bfb e-flex e-con-boxed e-con e-child\" data-id=\"7f67bfb\" data-element_type=\"container\" data-e-type=\"container\">\n\t\t\t\t\t<div class=\"e-con-inner\">\n\t\t<div class=\"elementor-element elementor-element-1c84127 e-con-full amh_hero_gradient e-flex e-con e-child\" data-id=\"1c84127\" data-element_type=\"container\" data-e-type=\"container\" data-settings=\"{&quot;background_background&quot;:&quot;classic&quot;}\">\n\t\t\t\t<\/div>\n\t\t\t\t\t<\/div>\n\t\t\t\t<\/div>\n\t\t<div class=\"elementor-element elementor-element-fd9af45 e-flex e-con-boxed e-con e-child\" data-id=\"fd9af45\" data-element_type=\"container\" data-e-type=\"container\">\n\t\t\t\t\t<div class=\"e-con-inner\">\n\t\t\t\t<div class=\"elementor-element elementor-element-dead490 elementor-widget elementor-widget-text-editor\" data-id=\"dead490\" data-element_type=\"widget\" data-e-type=\"widget\" data-widget_type=\"text-editor.default\">\n\t\t\t\t<div class=\"elementor-widget-container\">\n\t\t\t\t\t\t\t\t\t\/ NE VOUS CONTENTEZ PAS DU STANDARD, ALLEZ PLUS LOIN\t\t\t\t\t\t\t\t<\/div>\n\t\t\t\t<\/div>\n\t\t\t\t<div class=\"elementor-element elementor-element-082e26e elementor-widget__width-initial elementor-widget elementor-widget-heading\" data-id=\"082e26e\" data-element_type=\"widget\" data-e-type=\"widget\" data-widget_type=\"heading.default\">\n\t\t\t\t<div class=\"elementor-widget-container\">\n\t\t\t\t\t<h1 class=\"elementor-heading-title elementor-size-default\">Choisissez votre chambre<\/h1>\t\t\t\t<\/div>\n\t\t\t\t<\/div>\n\t\t\t\t<div class=\"elementor-element elementor-element-fcd9113 elementor-widget elementor-widget-text-editor\" data-id=\"fcd9113\" data-element_type=\"widget\" data-e-type=\"widget\" data-widget_type=\"text-editor.default\">\n\t\t\t\t<div class=\"elementor-widget-container\">\n\t\t\t\t\t\t\t\t\t<p>Pourquoi se contenter du basique quand vous pouvez personnaliser votre s\u00e9jour d\u00e8s le d\u00e9part ? Choisissez votre chambre et gardez le contr\u00f4le total. \u00c9tage \u00e9lev\u00e9, \u00e9tage bas, coin\u2026\u00a0<strong>Votre chambre, votre choix !<\/strong>\u00a0Disponible uniquement \u00e0 Am\u00e0re Ibiza.<\/p>\t\t\t\t\t\t\t\t<\/div>\n\t\t\t\t<\/div>\n\t\t\t\t\t<\/div>\n\t\t\t\t<\/div>\n\t\t<div class=\"elementor-element elementor-element-dd66f4e e-flex e-con-boxed e-con e-parent\" data-id=\"dd66f4e\" data-element_type=\"container\" data-e-type=\"container\">\n\t\t\t\t\t<div class=\"e-con-inner\">\n\t\t\t\t<div class=\"elementor-element elementor-element-16f656a elementor-widget elementor-widget-html\" data-id=\"16f656a\" data-element_type=\"widget\" data-e-type=\"widget\" data-widget_type=\"html.default\">\n\t\t\t\t<div class=\"elementor-widget-container\">\n\t\t\t\t\t<div style=\"max-width: 1200px; margin: 0px auto\">\n<div\nid=\"hv\"\ndata-hvhotelid=\"6\"\ndata-hvclientid=\"7\"\ndata-hvproduct=\"ChooseYourRoom\"\ndata-hvaccesstokenhv=\"eyJzaWduYXR1cmUiOiAiMzg4NGFmNzY3OTA0YTliNmQ0NWJiYzZjYWUwZGExNDc5M2ZkMmRjYTlhY2JjNGQxMmY5ZTM4MTg5NTAwYTVlNDRiMTJlODFmNWM5MjVjMjA1ZGQ1MGUzNzcxYzU1YzE3NTEwMGM1NDIyZTA5ZTEyZmY1MGRhODUwYTFlZWJjNGQiLCAidGltZXN0YW1wIjogMTcxMTQ3MTgyN30=\"\ndata-hvcommandsinterface=\"eyJjb21tYW5kc0ludGVyZmFjZSI6eyJkaXNhYmxlZEJhY2tCdXR0b24iOnRydWUsIm1ldHJpY3MiOnRydWV9LCJhbGciOiJIUzI1NiJ9\"\ndata-hvlanguage=\"fr\" --en,de,fr...\n<\/div>\n<script src=\"https:\/\/cdn.hotelverse.tech\/scripts\/embed.js\"><\/script>\n<script src=\"https:\/\/cdn.hotelverse.tech\/scripts\/interfaceListener.js\"><\/script>\n<\/div>\t\t\t\t<\/div>\n\t\t\t\t<\/div>\n\t\t\t\t\t<\/div>\n\t\t\t\t<\/div>\n\t\t\t\t<\/div>\n\t\t","protected":false},"excerpt":{"rendered":"<p>\/ NE VOUS CONTENTEZ PAS DU STANDARD, ALLEZ PLUS LOIN Choisissez votre chambre Pourquoi se contenter du basique quand vous pouvez personnaliser votre s\u00e9jour d\u00e8s le d\u00e9part ? Choisissez votre chambre et gardez le contr\u00f4le total. \u00c9tage \u00e9lev\u00e9, \u00e9tage bas, coin\u2026\u00a0Votre chambre, votre choix !\u00a0Disponible uniquement \u00e0 Am\u00e0re Ibiza.<\/p>\n","protected":false},"author":2,"featured_media":0,"parent":0,"menu_order":0,"comment_status":"closed","ping_status":"closed","template":"","meta":{"_acf_changed":false,"inline_featured_image":false,"site-sidebar-layout":"no-sidebar","site-content-layout":"page-builder","ast-site-content-layout":"full-width-container","site-content-style":"default","site-sidebar-style":"default","ast-global-header-display":"","ast-banner-title-visibility":"","ast-main-header-display":"","ast-hfb-above-header-display":"","ast-hfb-below-header-display":"","ast-hfb-mobile-header-display":"","site-post-title":"","ast-breadcrumbs-content":"","ast-featured-img":"disabled","footer-sml-layout":"","ast-disable-related-posts":"","theme-transparent-header-meta":"","adv-header-id-meta":"","stick-header-meta":"","header-above-stick-meta":"","header-main-stick-meta":"","header-below-stick-meta":"","astra-migrate-meta-layouts":"set","ast-page-background-enabled":"default","ast-page-background-meta":{"desktop":{"background-color":"var(--ast-global-color-4)","background-image":"","background-repeat":"repeat","background-position":"center center","background-size":"auto","background-attachment":"scroll","background-type":"","background-media":"","overlay-type":"","overlay-color":"","overlay-opacity":"","overlay-gradient":""},"tablet":{"background-color":"","background-image":"","background-repeat":"repeat","background-position":"center center","background-size":"auto","background-attachment":"scroll","background-type":"","background-media":"","overlay-type":"","overlay-color":"","overlay-opacity":"","overlay-gradient":""},"mobile":{"background-color":"","background-image":"","background-repeat":"repeat","background-position":"center center","background-size":"auto","background-attachment":"scroll","background-type":"","background-media":"","overlay-type":"","overlay-color":"","overlay-opacity":"","overlay-gradient":""}},"ast-content-background-meta":{"desktop":{"background-color":"var(--ast-global-color-5)","background-image":"","background-repeat":"repeat","background-position":"center center","background-size":"auto","background-attachment":"scroll","background-type":"","background-media":"","overlay-type":"","overlay-color":"","overlay-opacity":"","overlay-gradient":""},"tablet":{"background-color":"var(--ast-global-color-5)","background-image":"","background-repeat":"repeat","background-position":"center center","background-size":"auto","background-attachment":"scroll","background-type":"","background-media":"","overlay-type":"","overlay-color":"","overlay-opacity":"","overlay-gradient":""},"mobile":{"background-color":"var(--ast-global-color-5)","background-image":"","background-repeat":"repeat","background-position":"center center","background-size":"auto","background-attachment":"scroll","background-type":"","background-media":"","overlay-type":"","overlay-color":"","overlay-opacity":"","overlay-gradient":""}},"footnotes":""},"class_list":["post-32390","page","type-page","status-publish","hentry"],"acf":[],"yoast_head":"<!-- This site is optimized with the Yoast SEO plugin v27.1.1 - https:\/\/yoast.com\/product\/yoast-seo-wordpress\/ -->\n<title>Choisissez votre chambre | Am\u00e0re Beach Hotel Ibiza<\/title>\n<meta name=\"description\" content=\"Personnalisez votre s\u00e9jour d\u00e8s le d\u00e9but : choisissez votre chambre id\u00e9ale et profitez d\u2019un contr\u00f4le total pour une exp\u00e9rience sur mesure.\" \/>\n<meta name=\"robots\" content=\"index, follow, max-snippet:-1, max-image-preview:large, max-video-preview:-1\" \/>\n<link rel=\"canonical\" href=\"https:\/\/www.amarehotels.com\/fr\/choisissez-votre-chambre\/\" \/>\n<meta property=\"og:locale\" content=\"fr_FR\" \/>\n<meta property=\"og:type\" content=\"article\" \/>\n<meta property=\"og:title\" content=\"Choisissez votre chambre | Am\u00e0re Beach Hotel Ibiza\" \/>\n<meta property=\"og:description\" content=\"Personnalisez votre s\u00e9jour d\u00e8s le d\u00e9but : choisissez votre chambre id\u00e9ale et profitez d\u2019un contr\u00f4le total pour une exp\u00e9rience sur mesure.\" \/>\n<meta property=\"og:url\" content=\"https:\/\/www.amarehotels.com\/fr\/choisissez-votre-chambre\/\" \/>\n<meta property=\"og:site_name\" content=\"Am\u00e0re Hotels\" \/>\n<meta property=\"article:publisher\" content=\"https:\/\/www.facebook.com\/AmareHotels\/\" \/>\n<meta property=\"article:modified_time\" content=\"2026-02-19T09:02:44+00:00\" \/>\n<meta name=\"twitter:card\" content=\"summary_large_image\" \/>\n<meta name=\"twitter:site\" content=\"@amarehotels\" \/>\n<meta name=\"twitter:label1\" content=\"Dur\u00e9e de lecture estim\u00e9e\" \/>\n\t<meta name=\"twitter:data1\" content=\"1 minute\" \/>\n<!-- \/ Yoast SEO plugin. -->","yoast_head_json":{"title":"Choisissez votre chambre | Am\u00e0re Beach Hotel Ibiza","description":"Personnalisez votre s\u00e9jour d\u00e8s le d\u00e9but : choisissez votre chambre id\u00e9ale et profitez d\u2019un contr\u00f4le total pour une exp\u00e9rience sur mesure.","robots":{"index":"index","follow":"follow","max-snippet":"max-snippet:-1","max-image-preview":"max-image-preview:large","max-video-preview":"max-video-preview:-1"},"canonical":"https:\/\/www.amarehotels.com\/fr\/choisissez-votre-chambre\/","og_locale":"fr_FR","og_type":"article","og_title":"Choisissez votre chambre | Am\u00e0re Beach Hotel Ibiza","og_description":"Personnalisez votre s\u00e9jour d\u00e8s le d\u00e9but : choisissez votre chambre id\u00e9ale et profitez d\u2019un contr\u00f4le total pour une exp\u00e9rience sur mesure.","og_url":"https:\/\/www.amarehotels.com\/fr\/choisissez-votre-chambre\/","og_site_name":"Am\u00e0re Hotels","article_publisher":"https:\/\/www.facebook.com\/AmareHotels\/","article_modified_time":"2026-02-19T09:02:44+00:00","twitter_card":"summary_large_image","twitter_site":"@amarehotels","twitter_misc":{"Dur\u00e9e de lecture estim\u00e9e":"1 minute"},"schema":{"@context":"https:\/\/schema.org","@graph":[{"@type":"WebPage","@id":"https:\/\/www.amarehotels.com\/fr\/choisissez-votre-chambre\/","url":"https:\/\/www.amarehotels.com\/fr\/choisissez-votre-chambre\/","name":"Choisissez votre chambre | Am\u00e0re Beach Hotel Ibiza","isPartOf":{"@id":"https:\/\/www.amarehotels.com\/fr\/#website"},"datePublished":"2025-10-31T12:53:24+00:00","dateModified":"2026-02-19T09:02:44+00:00","description":"Personnalisez votre s\u00e9jour d\u00e8s le d\u00e9but : choisissez votre chambre id\u00e9ale et profitez d\u2019un contr\u00f4le total pour une exp\u00e9rience sur mesure.","breadcrumb":{"@id":"https:\/\/www.amarehotels.com\/fr\/choisissez-votre-chambre\/#breadcrumb"},"inLanguage":"fr-FR","potentialAction":[{"@type":"ReadAction","target":["https:\/\/www.amarehotels.com\/fr\/choisissez-votre-chambre\/"]}]},{"@type":"BreadcrumbList","@id":"https:\/\/www.amarehotels.com\/fr\/choisissez-votre-chambre\/#breadcrumb","itemListElement":[{"@type":"ListItem","position":1,"name":"Home","item":"https:\/\/www.amarehotels.com\/fr\/"},{"@type":"ListItem","position":2,"name":"Choose your room"}]},{"@type":"WebSite","@id":"https:\/\/www.amarehotels.com\/fr\/#website","url":"https:\/\/www.amarehotels.com\/fr\/","name":"Am\u00e0re Hotels","description":"","publisher":{"@id":"https:\/\/www.amarehotels.com\/fr\/#organization"},"potentialAction":[{"@type":"SearchAction","target":{"@type":"EntryPoint","urlTemplate":"https:\/\/www.amarehotels.com\/fr\/?s={search_term_string}"},"query-input":{"@type":"PropertyValueSpecification","valueRequired":true,"valueName":"search_term_string"}}],"inLanguage":"fr-FR"},{"@type":"Organization","@id":"https:\/\/www.amarehotels.com\/fr\/#organization","name":"Am\u00e0re Hotels","url":"https:\/\/www.amarehotels.com\/fr\/","logo":{"@type":"ImageObject","inLanguage":"fr-FR","@id":"https:\/\/www.amarehotels.com\/fr\/#\/schema\/logo\/image\/","url":"https:\/\/www.amarehotels.com\/wp-content\/uploads\/2025\/11\/amare-hotels.jpg","contentUrl":"https:\/\/www.amarehotels.com\/wp-content\/uploads\/2025\/11\/amare-hotels.jpg","width":1640,"height":888,"caption":"Am\u00e0re Hotels"},"image":{"@id":"https:\/\/www.amarehotels.com\/fr\/#\/schema\/logo\/image\/"},"sameAs":["https:\/\/www.facebook.com\/AmareHotels\/","https:\/\/x.com\/amarehotels","https:\/\/www.instagram.com\/amarehotels\/","https:\/\/www.youtube.com\/c\/AmareHotels","https:\/\/soundcloud.com\/amarehotels"]}]}},"_links":{"self":[{"href":"https:\/\/www.amarehotels.com\/fr\/wp-json\/wp\/v2\/pages\/32390","targetHints":{"allow":["GET"]}}],"collection":[{"href":"https:\/\/www.amarehotels.com\/fr\/wp-json\/wp\/v2\/pages"}],"about":[{"href":"https:\/\/www.amarehotels.com\/fr\/wp-json\/wp\/v2\/types\/page"}],"author":[{"embeddable":true,"href":"https:\/\/www.amarehotels.com\/fr\/wp-json\/wp\/v2\/users\/2"}],"replies":[{"embeddable":true,"href":"https:\/\/www.amarehotels.com\/fr\/wp-json\/wp\/v2\/comments?post=32390"}],"version-history":[{"count":6,"href":"https:\/\/www.amarehotels.com\/fr\/wp-json\/wp\/v2\/pages\/32390\/revisions"}],"predecessor-version":[{"id":38303,"href":"https:\/\/www.amarehotels.com\/fr\/wp-json\/wp\/v2\/pages\/32390\/revisions\/38303"}],"wp:attachment":[{"href":"https:\/\/www.amarehotels.com\/fr\/wp-json\/wp\/v2\/media?parent=32390"}],"curies":[{"name":"wp","href":"https:\/\/api.w.org\/{rel}","templated":true}]}}