{"id":45326,"date":"2026-04-15T10:13:46","date_gmt":"2026-04-15T08:13:46","guid":{"rendered":"https:\/\/www.amarehotels.com\/amare-sancti-petri\/day-pass\/"},"modified":"2026-04-23T15:55:50","modified_gmt":"2026-04-23T13:55:50","slug":"day-pass","status":"publish","type":"page","link":"https:\/\/www.amarehotels.com\/fr\/amare-sancti-petri\/day-pass\/","title":{"rendered":"Day Pass"},"content":{"rendered":"\t\t<div data-elementor-type=\"wp-page\" data-elementor-id=\"45326\" class=\"elementor elementor-45326 elementor-43743\" data-elementor-post-type=\"page\">\n\t\t\t\t<div class=\"elementor-element elementor-element-ec6902e e-flex e-con-boxed e-con e-parent\" data-id=\"ec6902e\" data-element_type=\"container\" data-e-type=\"container\">\n\t\t\t\t\t<div class=\"e-con-inner\">\n\t\t<div class=\"elementor-element elementor-element-caaf23e e-con-full e-flex e-con e-child\" data-id=\"caaf23e\" data-element_type=\"container\" data-e-type=\"container\" data-settings=\"{&quot;background_background&quot;:&quot;classic&quot;}\">\n\t\t\t\t<\/div>\n\t\t\t\t\t<\/div>\n\t\t\t\t<\/div>\n\t\t<div class=\"elementor-element elementor-element-eeaa680 e-flex e-con-boxed e-con e-parent\" data-id=\"eeaa680\" data-element_type=\"container\" data-e-type=\"container\">\n\t\t\t\t\t<div class=\"e-con-inner\">\n\t\t\t\t<div class=\"elementor-element elementor-element-a6ed999 elementor-widget__width-initial elementor-widget elementor-widget-heading\" data-id=\"a6ed999\" data-element_type=\"widget\" data-e-type=\"widget\" data-widget_type=\"heading.default\">\n\t\t\t\t<div class=\"elementor-widget-container\">\n\t\t\t\t\t<h1 class=\"elementor-heading-title elementor-size-default\">Am\u00e0re Sancti Petri Day Pass\n<\/h1>\t\t\t\t<\/div>\n\t\t\t\t<\/div>\n\t\t\t\t<div class=\"elementor-element elementor-element-d263ad3 elementor-widget__width-initial elementor-widget elementor-widget-text-editor\" data-id=\"d263ad3\" data-element_type=\"widget\" data-e-type=\"widget\" data-widget_type=\"text-editor.default\">\n\t\t\t\t<div class=\"elementor-widget-container\">\n\t\t\t\t\t\t\t\t\t<p>M\u00eame si vous ne s\u00e9journez pas chez nous, si vous avez envie de passer une journ\u00e9e inoubliable au c\u0153ur de <strong>notre sanctuaire VIP r\u00e9serv\u00e9 aux adultes<\/strong> \u00e0 Sancti Petri, vous \u00eates les bienvenus. Choisissez la s\u00e9r\u00e9nit\u00e9 de notre piscine. Comprend un <strong>cr\u00e9dit de 30 \u20ac<\/strong> pour savourer nos propositions culinaires exclusivement sur le solarium de la piscine.<\/p>\t\t\t\t\t\t\t\t<\/div>\n\t\t\t\t<\/div>\n\t\t\t\t\t<\/div>\n\t\t\t\t<\/div>\n\t\t<div class=\"elementor-element elementor-element-c0c90d7 e-flex e-con-boxed e-con e-child\" data-id=\"c0c90d7\" data-element_type=\"container\" data-e-type=\"container\">\n\t\t\t\t\t<div class=\"e-con-inner\">\n\t\t<div class=\"elementor-element elementor-element-34ebbf6 e-con-full e-flex e-con e-child\" data-id=\"34ebbf6\" data-element_type=\"container\" data-e-type=\"container\">\n\t\t\t\t<div class=\"elementor-element elementor-element-35d7075 elementor-widget elementor-widget-html\" data-id=\"35d7075\" data-element_type=\"widget\" data-e-type=\"widget\" data-widget_type=\"html.default\">\n\t\t\t\t<div class=\"elementor-widget-container\">\n\t\t\t\t\t<script src=\"https:\/\/www.transfersandexperiences.com\/additional-services\/iframe-tye-script.js\"><\/script><iframe id=\"iframe_booking\" src=\"https:\/\/www.transfersandexperiences.com\/additional-services\/view?product_id=155&type=sidebar-product&mode=portrait&code=w65rtOeZRQm9&lang=fr\" allowfullscreen=\"\" width=\"100%\" height=\"600px\" frameborder=\"0\"><\/iframe>\t\t\t\t<\/div>\n\t\t\t\t<\/div>\n\t\t\t\t<\/div>\n\t\t<div class=\"elementor-element elementor-element-c1de515 e-con-full e-flex e-con e-child\" data-id=\"c1de515\" data-element_type=\"container\" data-e-type=\"container\">\n\t\t\t\t<div class=\"elementor-element elementor-element-146fad1 elementor-align-start elementor-icon-list--layout-traditional elementor-list-item-link-full_width elementor-widget elementor-widget-icon-list\" data-id=\"146fad1\" data-element_type=\"widget\" data-e-type=\"widget\" data-widget_type=\"icon-list.default\">\n\t\t\t\t<div class=\"elementor-widget-container\">\n\t\t\t\t\t\t\t<ul class=\"elementor-icon-list-items\">\n\t\t\t\t\t\t\t<li class=\"elementor-icon-list-item\">\n\t\t\t\t\t\t\t\t\t\t\t<span class=\"elementor-icon-list-icon\">\n\t\t\t\t\t\t\t<i aria-hidden=\"true\" class=\"far fa-clock\"><\/i>\t\t\t\t\t\t<\/span>\n\t\t\t\t\t\t\t\t\t\t<span class=\"elementor-icon-list-text\">Horaires : de 11h00 \u00e0 19h00.<\/span>\n\t\t\t\t\t\t\t\t\t<\/li>\n\t\t\t\t\t\t\t\t<li class=\"elementor-icon-list-item\">\n\t\t\t\t\t\t\t\t\t\t\t<span class=\"elementor-icon-list-icon\">\n\t\t\t\t\t\t\t<i aria-hidden=\"true\" class=\"far fa-credit-card\"><\/i>\t\t\t\t\t\t<\/span>\n\t\t\t\t\t\t\t\t\t\t<span class=\"elementor-icon-list-text\"><b>30 \u20ac de cr\u00e9dit<\/b> \u00e0 valoir sur la d\u00e9licieuse carte de plats et de boissons de notre <b>Pool Bar.<\/b><\/span>\n\t\t\t\t\t\t\t\t\t<\/li>\n\t\t\t\t\t\t\t\t<li class=\"elementor-icon-list-item\">\n\t\t\t\t\t\t\t\t\t\t\t<span class=\"elementor-icon-list-icon\">\n\t\t\t\t\t\t\t<i aria-hidden=\"true\" class=\"fas fa-user-friends\"><\/i>\t\t\t\t\t\t<\/span>\n\t\t\t\t\t\t\t\t\t\t<span class=\"elementor-icon-list-text\"><b>Disponible pour les clients ne s\u00e9journant pas \u00e0 l'h\u00f4tel.<\/b><\/span>\n\t\t\t\t\t\t\t\t\t<\/li>\n\t\t\t\t\t\t\t\t<li class=\"elementor-icon-list-item\">\n\t\t\t\t\t\t\t\t\t\t\t<span class=\"elementor-icon-list-icon\">\n\t\t\t\t\t\t\t<i aria-hidden=\"true\" class=\"fas fa-user-friends\"><\/i>\t\t\t\t\t\t<\/span>\n\t\t\t\t\t\t\t\t\t\t<span class=\"elementor-icon-list-text\"><b>R\u00e9servation minimum : 2 personnes.<\/b><\/span>\n\t\t\t\t\t\t\t\t\t<\/li>\n\t\t\t\t\t\t\t\t<li class=\"elementor-icon-list-item\">\n\t\t\t\t\t\t\t\t\t\t\t<span class=\"elementor-icon-list-icon\">\n\t\t\t\t\t\t\t<i aria-hidden=\"true\" class=\"fas fa-check\"><\/i>\t\t\t\t\t\t<\/span>\n\t\t\t\t\t\t\t\t\t\t<span class=\"elementor-icon-list-text\"><b>Conditions :<\/b> \u00c2ge minimum 16 ans.<\/span>\n\t\t\t\t\t\t\t\t\t<\/li>\n\t\t\t\t\t\t<\/ul>\n\t\t\t\t\t\t<\/div>\n\t\t\t\t<\/div>\n\t\t\t\t<\/div>\n\t\t\t\t\t<\/div>\n\t\t\t\t<\/div>\n\t\t<div class=\"elementor-element elementor-element-93d86af animated-slow e-flex e-con-boxed elementor-invisible e-con e-child\" data-id=\"93d86af\" data-element_type=\"container\" data-e-type=\"container\" data-settings=\"{&quot;animation&quot;:&quot;fadeInUp&quot;}\">\n\t\t\t\t\t<div class=\"e-con-inner\">\n\t\t\t\t<div class=\"elementor-element elementor-element-acead64 amh-hayaca_section-facilities-slider elementor-arrows-position-inside elementor-widget elementor-widget-n-carousel\" data-id=\"acead64\" data-element_type=\"widget\" data-e-type=\"widget\" data-settings=\"{&quot;carousel_items&quot;:[{&quot;slide_title&quot;:&quot;Image&quot;,&quot;_id&quot;:&quot;f22424e&quot;},{&quot;_id&quot;:&quot;c41ce1e&quot;,&quot;slide_title&quot;:&quot;Image&quot;},{&quot;slide_title&quot;:&quot;Image&quot;,&quot;_id&quot;:&quot;9c47e47&quot;}],&quot;slides_to_show&quot;:&quot;3&quot;,&quot;image_spacing_custom&quot;:{&quot;unit&quot;:&quot;px&quot;,&quot;size&quot;:30,&quot;sizes&quot;:[]},&quot;offset_sides&quot;:&quot;both&quot;,&quot;offset_width&quot;:{&quot;unit&quot;:&quot;px&quot;,&quot;size&quot;:60,&quot;sizes&quot;:[]},&quot;slides_to_show_tablet&quot;:&quot;3&quot;,&quot;image_spacing_custom_tablet&quot;:{&quot;unit&quot;:&quot;px&quot;,&quot;size&quot;:20,&quot;sizes&quot;:[]},&quot;slides_to_show_mobile&quot;:&quot;1&quot;,&quot;autoplay&quot;:&quot;yes&quot;,&quot;autoplay_speed&quot;:5000,&quot;pause_on_hover&quot;:&quot;yes&quot;,&quot;pause_on_interaction&quot;:&quot;yes&quot;,&quot;infinite&quot;:&quot;yes&quot;,&quot;speed&quot;:500,&quot;offset_width_tablet&quot;:{&quot;unit&quot;:&quot;px&quot;,&quot;size&quot;:&quot;&quot;,&quot;sizes&quot;:[]},&quot;offset_width_mobile&quot;:{&quot;unit&quot;:&quot;px&quot;,&quot;size&quot;:&quot;&quot;,&quot;sizes&quot;:[]},&quot;arrows&quot;:&quot;yes&quot;,&quot;image_spacing_custom_mobile&quot;:{&quot;unit&quot;:&quot;px&quot;,&quot;size&quot;:&quot;&quot;,&quot;sizes&quot;:[]}}\" data-widget_type=\"nested-carousel.default\">\n\t\t\t\t<div class=\"elementor-widget-container\">\n\t\t\t\t\t\t\t<div class=\"e-n-carousel swiper\" role=\"region\" aria-roledescription=\"carousel\" aria-label=\"Carousel\" dir=\"ltr\">\n\t\t\t<div class=\"swiper-wrapper\" aria-live=\"off\">\n\t\t\t\t\t\t\t\t\t\t<div class=\"swiper-slide\" data-slide=\"1\" role=\"group\" aria-roledescription=\"slide\" aria-label=\"1 sur 3\">\n\t\t\t\t\t\t\t<div class=\"elementor-element elementor-element-9d9a949 e-flex e-con-boxed e-con e-child\" data-id=\"9d9a949\" data-element_type=\"container\" data-e-type=\"container\">\n\t\t\t\t\t<div class=\"e-con-inner\">\n\t\t\t\t<div class=\"elementor-element elementor-element-a9400d6 elementor-widget elementor-widget-image\" data-id=\"a9400d6\" data-element_type=\"widget\" data-e-type=\"widget\" data-widget_type=\"image.default\">\n\t\t\t\t<div class=\"elementor-widget-container\">\n\t\t\t\t\t\t\t\t\t\t\t\t\t\t\t\t<a href=\"https:\/\/www.amarehotels.com\/wp-content\/uploads\/2026\/04\/day-pass-amare-sancti-petri-1-1.jpg\" data-elementor-open-lightbox=\"yes\" data-e-action-hash=\"#elementor-action%3Aaction%3Dlightbox%26settings%3DeyJpZCI6NDQxODUsInVybCI6Imh0dHBzOlwvXC93d3cuYW1hcmVob3RlbHMuY29tXC93cC1jb250ZW50XC91cGxvYWRzXC8yMDI2XC8wNFwvZGF5LXBhc3MtYW1hcmUtc2FuY3RpLXBldHJpLTEtMS5qcGcifQ%3D%3D\">\n\t\t\t\t\t\t\t<img fetchpriority=\"high\" decoding=\"async\" width=\"1200\" height=\"800\" src=\"https:\/\/www.amarehotels.com\/wp-content\/uploads\/2026\/04\/day-pass-amare-sancti-petri-1-1.jpg\" class=\"attachment-full size-full wp-image-44185\" alt=\"\" srcset=\"https:\/\/www.amarehotels.com\/wp-content\/uploads\/2026\/04\/day-pass-amare-sancti-petri-1-1.jpg 1200w, https:\/\/www.amarehotels.com\/wp-content\/uploads\/2026\/04\/day-pass-amare-sancti-petri-1-1-300x200.jpg 300w, https:\/\/www.amarehotels.com\/wp-content\/uploads\/2026\/04\/day-pass-amare-sancti-petri-1-1-1024x683.jpg 1024w, https:\/\/www.amarehotels.com\/wp-content\/uploads\/2026\/04\/day-pass-amare-sancti-petri-1-1-768x512.jpg 768w\" sizes=\"(max-width: 1200px) 100vw, 1200px\" \/>\t\t\t\t\t\t\t\t<\/a>\n\t\t\t\t\t\t\t\t\t\t\t\t\t\t\t<\/div>\n\t\t\t\t<\/div>\n\t\t\t\t\t<\/div>\n\t\t\t\t<\/div>\n\t\t\t\t\t\t\t\t<\/div>\n\t\t\t\t\t\t\t\t\t\t\t<div class=\"swiper-slide\" data-slide=\"2\" role=\"group\" aria-roledescription=\"slide\" aria-label=\"2 sur 3\">\n\t\t\t\t\t\t\t<div class=\"elementor-element elementor-element-6d7eae4 e-flex e-con-boxed e-con e-child\" data-id=\"6d7eae4\" data-element_type=\"container\" data-e-type=\"container\">\n\t\t\t\t\t<div class=\"e-con-inner\">\n\t\t\t\t<div class=\"elementor-element elementor-element-38f5c3c elementor-widget elementor-widget-image\" data-id=\"38f5c3c\" data-element_type=\"widget\" data-e-type=\"widget\" data-widget_type=\"image.default\">\n\t\t\t\t<div class=\"elementor-widget-container\">\n\t\t\t\t\t\t\t\t\t\t\t\t\t\t\t\t<a href=\"https:\/\/www.amarehotels.com\/wp-content\/uploads\/2026\/04\/day-pass-amare-sancti-petri-3-1.jpg\" data-elementor-open-lightbox=\"yes\" data-e-action-hash=\"#elementor-action%3Aaction%3Dlightbox%26settings%3DeyJpZCI6NDQxNzYsInVybCI6Imh0dHBzOlwvXC93d3cuYW1hcmVob3RlbHMuY29tXC93cC1jb250ZW50XC91cGxvYWRzXC8yMDI2XC8wNFwvZGF5LXBhc3MtYW1hcmUtc2FuY3RpLXBldHJpLTMtMS5qcGcifQ%3D%3D\">\n\t\t\t\t\t\t\t<img decoding=\"async\" width=\"1200\" height=\"800\" src=\"https:\/\/www.amarehotels.com\/wp-content\/uploads\/2026\/04\/day-pass-amare-sancti-petri-3-1.jpg\" class=\"attachment-full size-full wp-image-44176\" alt=\"\" srcset=\"https:\/\/www.amarehotels.com\/wp-content\/uploads\/2026\/04\/day-pass-amare-sancti-petri-3-1.jpg 1200w, https:\/\/www.amarehotels.com\/wp-content\/uploads\/2026\/04\/day-pass-amare-sancti-petri-3-1-300x200.jpg 300w, https:\/\/www.amarehotels.com\/wp-content\/uploads\/2026\/04\/day-pass-amare-sancti-petri-3-1-1024x683.jpg 1024w, https:\/\/www.amarehotels.com\/wp-content\/uploads\/2026\/04\/day-pass-amare-sancti-petri-3-1-768x512.jpg 768w\" sizes=\"(max-width: 1200px) 100vw, 1200px\" \/>\t\t\t\t\t\t\t\t<\/a>\n\t\t\t\t\t\t\t\t\t\t\t\t\t\t\t<\/div>\n\t\t\t\t<\/div>\n\t\t\t\t\t<\/div>\n\t\t\t\t<\/div>\n\t\t\t\t\t\t\t\t<\/div>\n\t\t\t\t\t\t\t\t\t\t\t<div class=\"swiper-slide\" data-slide=\"3\" role=\"group\" aria-roledescription=\"slide\" aria-label=\"3 sur 3\">\n\t\t\t\t\t\t\t<div class=\"elementor-element elementor-element-295994d e-flex e-con-boxed e-con e-child\" data-id=\"295994d\" data-element_type=\"container\" data-e-type=\"container\">\n\t\t\t\t\t<div class=\"e-con-inner\">\n\t\t\t\t<div class=\"elementor-element elementor-element-c4b4ef1 elementor-widget elementor-widget-image\" data-id=\"c4b4ef1\" data-element_type=\"widget\" data-e-type=\"widget\" data-widget_type=\"image.default\">\n\t\t\t\t<div class=\"elementor-widget-container\">\n\t\t\t\t\t\t\t\t\t\t\t\t\t\t\t\t<a href=\"https:\/\/www.amarehotels.com\/wp-content\/uploads\/2026\/04\/day-pass-amare-sancti-petri-4-1.jpg\" data-elementor-open-lightbox=\"yes\" data-e-action-hash=\"#elementor-action%3Aaction%3Dlightbox%26settings%3DeyJpZCI6NDQxODAsInVybCI6Imh0dHBzOlwvXC93d3cuYW1hcmVob3RlbHMuY29tXC93cC1jb250ZW50XC91cGxvYWRzXC8yMDI2XC8wNFwvZGF5LXBhc3MtYW1hcmUtc2FuY3RpLXBldHJpLTQtMS5qcGcifQ%3D%3D\">\n\t\t\t\t\t\t\t<img decoding=\"async\" width=\"1200\" height=\"800\" src=\"https:\/\/www.amarehotels.com\/wp-content\/uploads\/2026\/04\/day-pass-amare-sancti-petri-4-1.jpg\" class=\"attachment-full size-full wp-image-44180\" alt=\"\" srcset=\"https:\/\/www.amarehotels.com\/wp-content\/uploads\/2026\/04\/day-pass-amare-sancti-petri-4-1.jpg 1200w, https:\/\/www.amarehotels.com\/wp-content\/uploads\/2026\/04\/day-pass-amare-sancti-petri-4-1-300x200.jpg 300w, https:\/\/www.amarehotels.com\/wp-content\/uploads\/2026\/04\/day-pass-amare-sancti-petri-4-1-1024x683.jpg 1024w, https:\/\/www.amarehotels.com\/wp-content\/uploads\/2026\/04\/day-pass-amare-sancti-petri-4-1-768x512.jpg 768w\" sizes=\"(max-width: 1200px) 100vw, 1200px\" \/>\t\t\t\t\t\t\t\t<\/a>\n\t\t\t\t\t\t\t\t\t\t\t\t\t\t\t<\/div>\n\t\t\t\t<\/div>\n\t\t\t\t\t<\/div>\n\t\t\t\t<\/div>\n\t\t\t\t\t\t\t\t<\/div>\n\t\t\t\t\t\t\t\t<\/div>\n\t\t<\/div>\n\t\t\t\t\t<div class=\"elementor-swiper-button elementor-swiper-button-prev\" role=\"button\" tabindex=\"0\" aria-label=\"Pr\u00e9c\u00e9dent\">\n\t\t\t\t<i aria-hidden=\"true\" class=\"hm hm-arrow-left1\"><\/i>\t\t\t<\/div>\n\t\t\t<div class=\"elementor-swiper-button elementor-swiper-button-next\" role=\"button\" tabindex=\"0\" aria-label=\"Suivant\">\n\t\t\t\t<i aria-hidden=\"true\" class=\"hm hm-arrow-right1\"><\/i>\t\t\t<\/div>\n\t\t\t\t\t\t<\/div>\n\t\t\t\t<\/div>\n\t\t\t\t\t<\/div>\n\t\t\t\t<\/div>\n\t\t\t\t<\/div>\n\t\t","protected":false},"excerpt":{"rendered":"<p>Am\u00e0re Sancti Petri Day Pass M\u00eame si vous ne s\u00e9journez pas chez nous, si vous avez envie de passer une journ\u00e9e inoubliable au c\u0153ur de notre sanctuaire VIP r\u00e9serv\u00e9 aux adultes \u00e0 Sancti Petri, vous \u00eates les bienvenus. Choisissez la s\u00e9r\u00e9nit\u00e9 de notre piscine. Comprend un cr\u00e9dit de 30 \u20ac pour savourer nos propositions culinaires [&hellip;]<\/p>\n","protected":false},"author":2,"featured_media":0,"parent":29681,"menu_order":0,"comment_status":"closed","ping_status":"closed","template":"","meta":{"_acf_changed":false,"inline_featured_image":false,"site-sidebar-layout":"no-sidebar","site-content-layout":"page-builder","ast-site-content-layout":"full-width-container","site-content-style":"default","site-sidebar-style":"default","ast-global-header-display":"","ast-banner-title-visibility":"","ast-main-header-display":"","ast-hfb-above-header-display":"","ast-hfb-below-header-display":"","ast-hfb-mobile-header-display":"","site-post-title":"","ast-breadcrumbs-content":"","ast-featured-img":"disabled","footer-sml-layout":"","ast-disable-related-posts":"","theme-transparent-header-meta":"","adv-header-id-meta":"","stick-header-meta":"","header-above-stick-meta":"","header-main-stick-meta":"","header-below-stick-meta":"","astra-migrate-meta-layouts":"set","ast-page-background-enabled":"default","ast-page-background-meta":{"desktop":{"background-color":"var(--ast-global-color-4)","background-image":"","background-repeat":"repeat","background-position":"center center","background-size":"auto","background-attachment":"scroll","background-type":"","background-media":"","overlay-type":"","overlay-color":"","overlay-opacity":"","overlay-gradient":""},"tablet":{"background-color":"","background-image":"","background-repeat":"repeat","background-position":"center center","background-size":"auto","background-attachment":"scroll","background-type":"","background-media":"","overlay-type":"","overlay-color":"","overlay-opacity":"","overlay-gradient":""},"mobile":{"background-color":"","background-image":"","background-repeat":"repeat","background-position":"center center","background-size":"auto","background-attachment":"scroll","background-type":"","background-media":"","overlay-type":"","overlay-color":"","overlay-opacity":"","overlay-gradient":""}},"ast-content-background-meta":{"desktop":{"background-color":"var(--ast-global-color-5)","background-image":"","background-repeat":"repeat","background-position":"center center","background-size":"auto","background-attachment":"scroll","background-type":"","background-media":"","overlay-type":"","overlay-color":"","overlay-opacity":"","overlay-gradient":""},"tablet":{"background-color":"var(--ast-global-color-5)","background-image":"","background-repeat":"repeat","background-position":"center center","background-size":"auto","background-attachment":"scroll","background-type":"","background-media":"","overlay-type":"","overlay-color":"","overlay-opacity":"","overlay-gradient":""},"mobile":{"background-color":"var(--ast-global-color-5)","background-image":"","background-repeat":"repeat","background-position":"center center","background-size":"auto","background-attachment":"scroll","background-type":"","background-media":"","overlay-type":"","overlay-color":"","overlay-opacity":"","overlay-gradient":""}},"footnotes":""},"class_list":["post-45326","page","type-page","status-publish","hentry"],"acf":[],"yoast_head":"<!-- This site is optimized with the Yoast SEO plugin v27.1.1 - https:\/\/yoast.com\/product\/yoast-seo-wordpress\/ -->\n<title>Day Pass Am\u00e0re Sancti Petri, Piscine &amp; D\u00e9tente<\/title>\n<meta name=\"description\" content=\"Profitez d\u2019un day pass \u00e0 Am\u00e0re Sancti Petri avec piscine, transats et cr\u00e9dit restauration. D\u00e9tente en bord de mer, recommand\u00e9 aux adultes.\" \/>\n<meta name=\"robots\" content=\"index, follow, max-snippet:-1, max-image-preview:large, max-video-preview:-1\" \/>\n<link rel=\"canonical\" href=\"https:\/\/www.amarehotels.com\/fr\/amare-sancti-petri\/day-pass\/\" \/>\n<meta property=\"og:locale\" content=\"fr_FR\" \/>\n<meta property=\"og:type\" content=\"article\" \/>\n<meta property=\"og:title\" content=\"Day Pass Am\u00e0re Sancti Petri, Piscine &amp; D\u00e9tente\" \/>\n<meta property=\"og:description\" content=\"Profitez d\u2019un day pass \u00e0 Am\u00e0re Sancti Petri avec piscine, transats et cr\u00e9dit restauration. D\u00e9tente en bord de mer, recommand\u00e9 aux adultes.\" \/>\n<meta property=\"og:url\" content=\"https:\/\/www.amarehotels.com\/fr\/amare-sancti-petri\/day-pass\/\" \/>\n<meta property=\"og:site_name\" content=\"Am\u00e0re Hotels\" \/>\n<meta property=\"article:publisher\" content=\"https:\/\/www.facebook.com\/AmareHotels\/\" \/>\n<meta property=\"article:modified_time\" content=\"2026-04-23T13:55:50+00:00\" \/>\n<meta property=\"og:image\" content=\"https:\/\/www.amarehotels.com\/wp-content\/uploads\/2026\/04\/day-pass-amare-sancti-petri-1-1.jpg\" \/>\n\t<meta property=\"og:image:width\" content=\"1200\" \/>\n\t<meta property=\"og:image:height\" content=\"800\" \/>\n\t<meta property=\"og:image:type\" content=\"image\/jpeg\" \/>\n<meta name=\"twitter:card\" content=\"summary_large_image\" \/>\n<meta name=\"twitter:site\" content=\"@amarehotels\" \/>\n<meta name=\"twitter:label1\" content=\"Dur\u00e9e de lecture estim\u00e9e\" \/>\n\t<meta name=\"twitter:data1\" content=\"2 minutes\" \/>\n<!-- \/ Yoast SEO plugin. -->","yoast_head_json":{"title":"Day Pass Am\u00e0re Sancti Petri, Piscine & D\u00e9tente","description":"Profitez d\u2019un day pass \u00e0 Am\u00e0re Sancti Petri avec piscine, transats et cr\u00e9dit restauration. D\u00e9tente en bord de mer, recommand\u00e9 aux adultes.","robots":{"index":"index","follow":"follow","max-snippet":"max-snippet:-1","max-image-preview":"max-image-preview:large","max-video-preview":"max-video-preview:-1"},"canonical":"https:\/\/www.amarehotels.com\/fr\/amare-sancti-petri\/day-pass\/","og_locale":"fr_FR","og_type":"article","og_title":"Day Pass Am\u00e0re Sancti Petri, Piscine & D\u00e9tente","og_description":"Profitez d\u2019un day pass \u00e0 Am\u00e0re Sancti Petri avec piscine, transats et cr\u00e9dit restauration. D\u00e9tente en bord de mer, recommand\u00e9 aux adultes.","og_url":"https:\/\/www.amarehotels.com\/fr\/amare-sancti-petri\/day-pass\/","og_site_name":"Am\u00e0re Hotels","article_publisher":"https:\/\/www.facebook.com\/AmareHotels\/","article_modified_time":"2026-04-23T13:55:50+00:00","og_image":[{"width":1200,"height":800,"url":"https:\/\/www.amarehotels.com\/wp-content\/uploads\/2026\/04\/day-pass-amare-sancti-petri-1-1.jpg","type":"image\/jpeg"}],"twitter_card":"summary_large_image","twitter_site":"@amarehotels","twitter_misc":{"Dur\u00e9e de lecture estim\u00e9e":"2 minutes"},"schema":{"@context":"https:\/\/schema.org","@graph":[{"@type":"WebPage","@id":"https:\/\/www.amarehotels.com\/fr\/amare-sancti-petri\/day-pass\/","url":"https:\/\/www.amarehotels.com\/fr\/amare-sancti-petri\/day-pass\/","name":"Day Pass Am\u00e0re Sancti Petri, Piscine & D\u00e9tente","isPartOf":{"@id":"https:\/\/www.amarehotels.com\/fr\/#website"},"primaryImageOfPage":{"@id":"https:\/\/www.amarehotels.com\/fr\/amare-sancti-petri\/day-pass\/#primaryimage"},"image":{"@id":"https:\/\/www.amarehotels.com\/fr\/amare-sancti-petri\/day-pass\/#primaryimage"},"thumbnailUrl":"https:\/\/www.amarehotels.com\/wp-content\/uploads\/2026\/04\/day-pass-amare-sancti-petri-1-1.jpg","datePublished":"2026-04-15T08:13:46+00:00","dateModified":"2026-04-23T13:55:50+00:00","description":"Profitez d\u2019un day pass \u00e0 Am\u00e0re Sancti Petri avec piscine, transats et cr\u00e9dit restauration. D\u00e9tente en bord de mer, recommand\u00e9 aux adultes.","breadcrumb":{"@id":"https:\/\/www.amarehotels.com\/fr\/amare-sancti-petri\/day-pass\/#breadcrumb"},"inLanguage":"fr-FR","potentialAction":[{"@type":"ReadAction","target":["https:\/\/www.amarehotels.com\/fr\/amare-sancti-petri\/day-pass\/"]}]},{"@type":"ImageObject","inLanguage":"fr-FR","@id":"https:\/\/www.amarehotels.com\/fr\/amare-sancti-petri\/day-pass\/#primaryimage","url":"https:\/\/www.amarehotels.com\/wp-content\/uploads\/2026\/04\/day-pass-amare-sancti-petri-1-1.jpg","contentUrl":"https:\/\/www.amarehotels.com\/wp-content\/uploads\/2026\/04\/day-pass-amare-sancti-petri-1-1.jpg"},{"@type":"BreadcrumbList","@id":"https:\/\/www.amarehotels.com\/fr\/amare-sancti-petri\/day-pass\/#breadcrumb","itemListElement":[{"@type":"ListItem","position":1,"name":"Home","item":"https:\/\/www.amarehotels.com\/fr\/"},{"@type":"ListItem","position":2,"name":"AM\u00c0RE BEACH HOTEL SANCTI PETRI","item":"https:\/\/www.amarehotels.com\/fr\/amare-sancti-petri\/"},{"@type":"ListItem","position":3,"name":"Day Pass"}]},{"@type":"WebSite","@id":"https:\/\/www.amarehotels.com\/fr\/#website","url":"https:\/\/www.amarehotels.com\/fr\/","name":"Am\u00e0re Hotels","description":"","publisher":{"@id":"https:\/\/www.amarehotels.com\/fr\/#organization"},"potentialAction":[{"@type":"SearchAction","target":{"@type":"EntryPoint","urlTemplate":"https:\/\/www.amarehotels.com\/fr\/?s={search_term_string}"},"query-input":{"@type":"PropertyValueSpecification","valueRequired":true,"valueName":"search_term_string"}}],"inLanguage":"fr-FR"},{"@type":"Organization","@id":"https:\/\/www.amarehotels.com\/fr\/#organization","name":"Am\u00e0re Hotels","url":"https:\/\/www.amarehotels.com\/fr\/","logo":{"@type":"ImageObject","inLanguage":"fr-FR","@id":"https:\/\/www.amarehotels.com\/fr\/#\/schema\/logo\/image\/","url":"https:\/\/www.amarehotels.com\/wp-content\/uploads\/2025\/11\/amare-hotels.jpg","contentUrl":"https:\/\/www.amarehotels.com\/wp-content\/uploads\/2025\/11\/amare-hotels.jpg","width":1640,"height":888,"caption":"Am\u00e0re Hotels"},"image":{"@id":"https:\/\/www.amarehotels.com\/fr\/#\/schema\/logo\/image\/"},"sameAs":["https:\/\/www.facebook.com\/AmareHotels\/","https:\/\/x.com\/amarehotels","https:\/\/www.instagram.com\/amarehotels\/","https:\/\/www.youtube.com\/c\/AmareHotels","https:\/\/soundcloud.com\/amarehotels"]}]}},"_links":{"self":[{"href":"https:\/\/www.amarehotels.com\/fr\/wp-json\/wp\/v2\/pages\/45326","targetHints":{"allow":["GET"]}}],"collection":[{"href":"https:\/\/www.amarehotels.com\/fr\/wp-json\/wp\/v2\/pages"}],"about":[{"href":"https:\/\/www.amarehotels.com\/fr\/wp-json\/wp\/v2\/types\/page"}],"author":[{"embeddable":true,"href":"https:\/\/www.amarehotels.com\/fr\/wp-json\/wp\/v2\/users\/2"}],"replies":[{"embeddable":true,"href":"https:\/\/www.amarehotels.com\/fr\/wp-json\/wp\/v2\/comments?post=45326"}],"version-history":[{"count":13,"href":"https:\/\/www.amarehotels.com\/fr\/wp-json\/wp\/v2\/pages\/45326\/revisions"}],"predecessor-version":[{"id":45642,"href":"https:\/\/www.amarehotels.com\/fr\/wp-json\/wp\/v2\/pages\/45326\/revisions\/45642"}],"up":[{"embeddable":true,"href":"https:\/\/www.amarehotels.com\/fr\/wp-json\/wp\/v2\/pages\/29681"}],"wp:attachment":[{"href":"https:\/\/www.amarehotels.com\/fr\/wp-json\/wp\/v2\/media?parent=45326"}],"curies":[{"name":"wp","href":"https:\/\/api.w.org\/{rel}","templated":true}]}}